{"id":14,"date":"2019-08-22T11:39:04","date_gmt":"2019-08-22T11:39:04","guid":{"rendered":"https:\/\/www.talkyoo.net\/?page_id=14"},"modified":"2026-05-09T14:56:25","modified_gmt":"2026-05-09T12:56:25","slug":"telefonkonferenz_internationale_rufnummern","status":"publish","type":"page","link":"https:\/\/www.talkyoo.net\/de\/telefonkonferenz_internationale_rufnummern\/","title":{"rendered":"F\u00fchren Sie Ihre Telefonkonferenz international zu g\u00fcnstigen Tarifen"},"content":{"rendered":"\n<div class=\"et_pb_section_0 et_pb_section et_section_regular et_block_section\"><div class=\"et_pb_row_0 et_pb_row et_block_row\"><div class=\"et_pb_column_0 et_pb_column et_pb_column_1_5 et_block_column et_pb_column_empty et_pb_css_mix_blend_mode_passthrough\"><\/div><div class=\"et_pb_column_1 et_pb_column et_pb_column_3_5 et_block_column et_pb_css_mix_blend_mode_passthrough\"><div class=\"et_pb_text_0 et_pb_text et_pb_bg_layout_light et_pb_module et_block_module\"><div class=\"et_pb_text_inner\"><div class=\"page-header text-center\">\n<h1>F\u00fchren Sie Ihre Telefonkonferenz international zu g\u00fcnstigen Tarifen<\/h1>\n<\/div>\n<p>International t\u00e4tige Unternehmen m\u00fcssen mitunter auch mit Ihren Kunden im Ausland eine Telefonkonferenz f\u00fchren. Dabei entstehen h\u00e4ufig zus\u00e4tzliche Kosten, da internationale Rufnummern wesentlich teurer sind als nationale Verbindungen. Aus diesem Grund bietet talkyoo seinen Kunden die <strong>Zusatzoption \u201einternationale Einwahlnummern\u201c<\/strong> an, die Sie individuell zu Ihrem Konferenzpaket hinzubuchen k\u00f6nnen. Damit verringern Sie Ihre Telefonkosten deutlich und k\u00f6nnen Ihre Telefonkonferenz international g\u00fcnstig f\u00fchren, ohne horrende Zusatzkosten zu bef\u00fcrchten.<\/p>\n<\/div><\/div><div class=\"et_pb_text_1 et_pb_text et_pb_bg_layout_light et_pb_module et_block_module\"><div class=\"et_pb_text_inner\"><h2>Internationale Rufnummern aus dem Festnetz<\/h2>\n<p>Haben Sie sich f\u00fcr die Zusatzoption entschieden, k\u00f6nnen Teilnehmer aus dem Ausland auf ein permanent wachsendes Netz aus internationalen Fest-Einwahlnummern zur\u00fcckgreifen. Wir von talkyoo sind st\u00e4ndig darum bem\u00fcht, dieses Netzwerk an lokalen Einwahlnummern weiter auszubauen. <\/p>\n<p>F\u00fchren Sie Ihre Telefonkonferenz international, k\u00f6nnen die Teilnehmer somit nationale Rufnummern f\u00fcr Ihre Verbindung w\u00e4hlen und dadurch enorm an Kosten sparen. Verf\u00fcgen Ihre Anrufer zus\u00e4tzlich \u00fcber eine Festnetzflatrate, fallen f\u00fcr sie sogar gar keine zus\u00e4tzlichen Kosten an. Damit bleibt die Telefonkonferenz international komplett kostenlos.<\/p>\n<\/div><\/div><div class=\"et_pb_text_2 et_pb_text et_pb_bg_layout_light et_pb_module et_block_module\"><div class=\"et_pb_text_inner\"><h2>Die richtige Nummer um eine Telefonkonferenz international g\u00fcnstig zu f\u00fchren<\/h2>\n<p>Das Netzwerk an internationalen Rufnummern, also Fest-Einwahlnummern, wird von talkyoo st\u00e4ndig gepflegt und ausgebaut. Derzeit stehen diverse lokale Einwahlnummern in Deutschland und Italien zur Verf\u00fcgung. Hinzu kommt die zus\u00e4tzliche Option \u00fcber den talkyoo-Skype-Account Teilnehmer aus dem Ausland g\u00fcnstig in Ihre Telefonkonferenz international mit einzubinden.<\/p>\n<\/div><\/div><div class=\"et_pb_code_0 et_pb_code et_pb_module\"><div class=\"et_pb_code_inner\"><ul class=\"admin_laender_left margin-top\" id=\"laender_left\">\n<li>\n<span>\n<img decoding=\"async\" alt=\"Countries Flag Germany\" title=\"Countries Flag Germany\" src=\"https:\/\/www.talkyoo.net\/wp-content\/plugins\/sitepress-multilingual-cms\/res\/flags\/de.png\">\n<\/span>\n<span>Deutschland<\/span>\n<span>diverse lokale Einwahlnummern<\/span>\n<\/li>\n<li>\n <span>\n<img decoding=\"async\" alt=\"Die L\u00e4nderflagge Italien\" title=\"Die L\u00e4nderflagge Italien\" src=\"https:\/\/www.talkyoo.net\/wp-content\/plugins\/sitepress-multilingual-cms\/res\/flags\/it.png\">\n<\/span>\n<span>Italien<\/span>\n<span>diverse lokale Einwahlnummern<\/span>\n<\/li>\n\n<li><span><img decoding=\"async\" src=\"https:\/\/www.talkyoo.net\/wp-content\/plugins\/sitepress-multilingual-cms\/res\/flags\/be.png\" alt=\"BE\"><\/span><span>Belgium<\/span><span><a href=\"tel:+3238082510\">+32 3 808 25 10<\/a><\/span><\/li>\n<li><span><img decoding=\"async\" src=\"https:\/\/www.talkyoo.net\/wp-content\/plugins\/sitepress-multilingual-cms\/res\/flags\/br.png\" alt=\"BR\"><\/span><span>Brazil<\/span><span><a href=\"tel:+551139573903\">+55 11 3957 3903<\/a><\/span><\/li>\n<li><span><img decoding=\"async\" src=\"https:\/\/www.talkyoo.net\/wp-content\/plugins\/sitepress-multilingual-cms\/res\/flags\/bg.png\" alt=\"BG\"><\/span><span>Bulgaria<\/span><span><a href=\"tel:+35924916096\">+359 24 916 09 6<\/a><\/span><\/li>\n<li><span><img decoding=\"async\" src=\"https:\/\/www.talkyoo.net\/wp-content\/plugins\/sitepress-multilingual-cms\/res\/flags\/dk.png\" alt=\"DK\"><\/span><span>Denmark<\/span><span><a href=\"tel:+4578775069\">+45 78 77 50 69<\/a><\/span><\/li>\n<li><span><img decoding=\"async\" src=\"https:\/\/www.talkyoo.net\/wp-content\/plugins\/sitepress-multilingual-cms\/res\/flags\/et.png\" alt=\"EE\"><\/span><span>Estonia<\/span><span><a href=\"tel:+3726681364\">+372 668 1364<\/a><\/span><\/li>\n<li><span><img decoding=\"async\" src=\"https:\/\/www.talkyoo.net\/wp-content\/plugins\/sitepress-multilingual-cms\/res\/flags\/fi.png\" alt=\"FI\"><\/span><span>Finland<\/span><span><a href=\"tel:+358942450019\">+358 9 424 50019<\/a><\/span><\/li>\n<li><span><img decoding=\"async\" src=\"https:\/\/www.talkyoo.net\/wp-content\/plugins\/sitepress-multilingual-cms\/res\/flags\/fr.png\" alt=\"FR\"><\/span><span>France<\/span><span><a href=\"tel:+33184883123\">+33 1 84 88 31 23<\/a><\/span><\/li>\n<li><span><img decoding=\"async\" src=\"https:\/\/www.talkyoo.net\/wp-content\/plugins\/sitepress-multilingual-cms\/res\/flags\/gr.png\" alt=\"GR\"><\/span><span>Greece<\/span><span><a href=\"tel:+302111980109\">+30 21 1198 0109<\/a><\/span><\/li>\n<li><span><img decoding=\"async\" src=\"https:\/\/www.talkyoo.net\/wp-content\/plugins\/sitepress-multilingual-cms\/res\/flags\/it.png\" alt=\"IT\"><\/span><span>Italy<\/span><span><a href=\"tel:+390287212000\">+39 02 8721 2000<\/a><\/span><\/li>\n<li><span><img decoding=\"async\" src=\"https:\/\/www.talkyoo.net\/wp-content\/plugins\/sitepress-multilingual-cms\/res\/flags\/it.png\" alt=\"IT\"><\/span><span>Italy<\/span><span><a href=\"tel:+390688812000\">+39 06 8881 2000<\/a><\/span><\/li>\n<li><span><img decoding=\"async\" src=\"https:\/\/www.talkyoo.net\/wp-content\/plugins\/sitepress-multilingual-cms\/res\/flags\/ca.png\" alt=\"CA\"><\/span><span>Canada<\/span><span><a href=\"tel:+16476943904\">+1 (647) 694-3904<\/a><\/span><\/li>\n<li><span><img decoding=\"async\" src=\"https:\/\/www.talkyoo.net\/wp-content\/plugins\/sitepress-multilingual-cms\/res\/flags\/hr.png\" alt=\"HR\"><\/span><span>Croatia<\/span><span><a href=\"tel:+38517776262\">+385 1 7776 262<\/a><\/span><\/li>\n<li><span><img decoding=\"async\" src=\"https:\/\/www.talkyoo.net\/wp-content\/plugins\/sitepress-multilingual-cms\/res\/flags\/lv.png\" alt=\"LV\"><\/span><span>Latvia<\/span><span><a href=\"tel:+37166163068\">+371 661 630 68<\/a><\/span><\/li>\n<li><span><img decoding=\"async\" src=\"https:\/\/www.talkyoo.net\/wp-content\/plugins\/sitepress-multilingual-cms\/res\/flags\/lt.png\" alt=\"LT\"><\/span><span>Lithuania<\/span><span><a href=\"tel:+37052140330\">+370 5 214 03 30<\/a><\/span><\/li>\n<li><span><img decoding=\"async\" src=\"https:\/\/www.talkyoo.net\/wp-content\/plugins\/sitepress-multilingual-cms\/res\/flags\/nl.png\" alt=\"NL\"><\/span><span>Netherlands<\/span><span><a href=\"tel:+31252744006\">+31 252 744 006<\/a><\/span><\/li>\n<li><span><img decoding=\"async\" src=\"https:\/\/www.talkyoo.net\/wp-content\/plugins\/sitepress-multilingual-cms\/res\/flags\/no.png\" alt=\"NO\"><\/span><span>Norway<\/span><span><a href=\"tel:+4721049214\">+47 21 04 92 14<\/a><\/span><\/li>\n<li><span><img decoding=\"async\" src=\"https:\/\/www.talkyoo.net\/wp-content\/plugins\/sitepress-multilingual-cms\/res\/flags\/at.png\" alt=\"AT\"><\/span><span>Austria<\/span><span><a href=\"tel:+4313110201\">+43 1 3110201<\/a><\/span><\/li>\n<li><span><img decoding=\"async\" src=\"https:\/\/www.talkyoo.net\/wp-content\/plugins\/sitepress-multilingual-cms\/res\/flags\/pl.png\" alt=\"PL\"><\/span><span>Poland<\/span><span><a href=\"tel:+48223070704\">+48 22 307 07 04<\/a><\/span><\/li>\n<li><span><img decoding=\"async\" src=\"https:\/\/www.talkyoo.net\/wp-content\/plugins\/sitepress-multilingual-cms\/res\/flags\/pt.png\" alt=\"PT\"><\/span><span>Portugal<\/span><span><a href=\"tel:+351308800624\">+351 308 800 624<\/a><\/span><\/li>\n<li><span><img decoding=\"async\" src=\"https:\/\/www.talkyoo.net\/wp-content\/plugins\/sitepress-multilingual-cms\/res\/flags\/sv.png\" alt=\"SE\"><\/span><span>Sweden<\/span><span><a href=\"tel:+46840309698\">+46 8 403 09 698<\/a><\/span><\/li>\n<li><span><img decoding=\"async\" src=\"https:\/\/www.talkyoo.net\/wp-content\/plugins\/sitepress-multilingual-cms\/res\/flags\/ch.png\" alt=\"CH\"><\/span><span>Switzerland<\/span><span><a href=\"tel:+41525880471\">+41 44 55 14 249<\/a><\/span><\/li>\n<li><span><img decoding=\"async\" src=\"https:\/\/www.talkyoo.net\/wp-content\/plugins\/sitepress-multilingual-cms\/res\/flags\/ch.png\" alt=\"CH\"><\/span><span>Switzerland<\/span><span><a href=\"tel:+41XXZZYY\">+41 XX YY ZZ<\/a><\/span><\/li>\n<li><span><img decoding=\"async\" src=\"https:\/\/www.talkyoo.net\/wp-content\/plugins\/sitepress-multilingual-cms\/res\/flags\/sl.png\" alt=\"SI\"><\/span><span>Slovenia<\/span><span><a href=\"tel:+38616001401\">+386 1 600 1401<\/a><\/span><\/li>\n<li><span><img decoding=\"async\" src=\"https:\/\/www.talkyoo.net\/wp-content\/plugins\/sitepress-multilingual-cms\/res\/flags\/sk.png\" alt=\"SK\"><\/span><span>Slovakia<\/span><span><a href=\"tel:+421233456616\">+421 2 33456616<\/a><\/span><\/li>\n<li><span><img decoding=\"async\" src=\"https:\/\/www.talkyoo.net\/wp-content\/plugins\/sitepress-multilingual-cms\/res\/flags\/es.png\" alt=\"ES\"><\/span><span>Spain<\/span><span><a href=\"tel:+34911230825\">+34 91 123 08 25<\/a><\/span><\/li>\n<li><span><img decoding=\"async\" src=\"https:\/\/www.talkyoo.net\/wp-content\/plugins\/sitepress-multilingual-cms\/res\/flags\/es.png\" alt=\"ES\"><\/span><span>Spain<\/span><span><a href=\"tel:+34911822733\">+34 91 182 27 33<\/a><\/span><\/li>\n<li><span><img decoding=\"async\" src=\"https:\/\/www.talkyoo.net\/wp-content\/plugins\/sitepress-multilingual-cms\/res\/flags\/cz.png\" alt=\"CZ\"><\/span><span>Czech Republic<\/span><span><a href=\"tel:+420228880795\">+420 228 880 795<\/a><\/span><\/li>\n<li><span><img decoding=\"async\" src=\"https:\/\/www.talkyoo.net\/wp-content\/plugins\/sitepress-multilingual-cms\/res\/flags\/us.png\" alt=\"US\"><\/span><span>USA<\/span><span><a href=\"tel:+13233750761\">+1 (323) 375-0761<\/a><\/span><\/li>\n<li><span><img decoding=\"async\" src=\"https:\/\/www.talkyoo.net\/wp-content\/plugins\/sitepress-multilingual-cms\/res\/flags\/us.png\" alt=\"US\"><\/span><span>USA<\/span><span><a href=\"tel:+16467413310\">+1 (646) 741-3310<\/a><\/span><\/li>\n<li><span><img decoding=\"async\" src=\"https:\/\/www.talkyoo.net\/wp-content\/plugins\/sitepress-multilingual-cms\/res\/flags\/gb.png\" alt=\"GB\"><\/span><span>United Kingdom<\/span><span><a href=\"tel:+442080685410\">+44 20 8068 5410<\/a><\/span><\/li>\n<li><span><img decoding=\"async\" src=\"https:\/\/www.talkyoo.net\/wp-content\/plugins\/sitepress-multilingual-cms\/res\/flags\/hu.png\" alt=\"HU\"><\/span><span>Hungary<\/span><span><a href=\"tel:+3618088482\">+36 1 808 8482<\/a><\/span><\/li>\n<\/ul><\/div><\/div><div class=\"et_pb_text_3 et_pb_text et_pb_bg_layout_light et_pb_module et_block_module\"><div class=\"et_pb_text_inner\"><h2>Warum eine Telefonkonferenz international wichtig ist<\/h2>\n<p>Unternehmen, die international t\u00e4tig sind, haben h\u00e4ufig das Problem mit Ihren Kunden im Ausland in Kontakt zu bleiben. Das Tagesgesch\u00e4ft l\u00e4sst sich in der Regel auch per E-Mail erledigen, wichtige Entscheidungen sollten aber nicht auf diesem Wege gekl\u00e4rt werden. Aus diesem Grund ist es wichtig, dass Sie jederzeit die M\u00f6glichkeit haben g\u00fcnstig mit Ihren Gesch\u00e4ftspartnern im Ausland zu kommunizieren und eine Telefonkonferenz international f\u00fchren zu k\u00f6nnen. So st\u00e4rken Sie die Kundenn\u00e4he. <\/p>\n<p>Dabei ist es wichtig, dass Sie Ihren internationalen Kunden eine zuverl\u00e4ssige Verbindung bieten, bei der Sie dar\u00fcber hinaus auch noch weitere Optionen, wie beispielsweise eine <a href=\"https:\/\/www.talkyoo.net\/telefonkonferenz_online_praesentation\">Online-Pr\u00e4sentation<\/a>, mit einbauen k\u00f6nnen. talkyoo bietet Ihnen genau f\u00fcr diesen Kundenkontakt ins Ausland die richtige Plattform. F\u00fchren Sie Ihre Telefonkonferenz international zu g\u00fcnstigen Preise und profitieren Sie von unserem gro\u00dfen Netzwerk an internationalen Rufnummern.<\/p>\n<\/div><\/div><\/div><div class=\"et_pb_column_2 et_pb_column et_pb_column_1_5 et-last-child et_block_column et_pb_column_empty et_pb_css_mix_blend_mode_passthrough\"><\/div><\/div><div class=\"et_pb_row_1 et_pb_row et_block_row\"><div class=\"et_pb_column_3 et_pb_column et_pb_column_4_4 et-last-child et_block_column et_pb_css_mix_blend_mode_passthrough\"><div class=\"et_pb_module et_pb_button_module_wrapper et_pb_button_0_wrapper\"><a class=\"et_pb_button_0 et_pb_button et_pb_bg_layout_light et_pb_module et_block_module\" href=\"https:\/\/www.talkyoo.net\/#section-test-free\">Kostenlos Testen!<\/a><\/div><\/div><\/div><\/div>\n","protected":false},"excerpt":{"rendered":"","protected":false},"author":4,"featured_media":0,"parent":0,"menu_order":3,"comment_status":"closed","ping_status":"closed","template":"","meta":{"footnotes":""},"class_list":["post-14","page","type-page","status-publish","hentry"],"_links":{"self":[{"href":"https:\/\/www.talkyoo.net\/de\/wp-json\/wp\/v2\/pages\/14","targetHints":{"allow":["GET"]}}],"collection":[{"href":"https:\/\/www.talkyoo.net\/de\/wp-json\/wp\/v2\/pages"}],"about":[{"href":"https:\/\/www.talkyoo.net\/de\/wp-json\/wp\/v2\/types\/page"}],"author":[{"embeddable":true,"href":"https:\/\/www.talkyoo.net\/de\/wp-json\/wp\/v2\/users\/4"}],"replies":[{"embeddable":true,"href":"https:\/\/www.talkyoo.net\/de\/wp-json\/wp\/v2\/comments?post=14"}],"version-history":[{"count":10,"href":"https:\/\/www.talkyoo.net\/de\/wp-json\/wp\/v2\/pages\/14\/revisions"}],"predecessor-version":[{"id":5178,"href":"https:\/\/www.talkyoo.net\/de\/wp-json\/wp\/v2\/pages\/14\/revisions\/5178"}],"wp:attachment":[{"href":"https:\/\/www.talkyoo.net\/de\/wp-json\/wp\/v2\/media?parent=14"}],"curies":[{"name":"wp","href":"https:\/\/api.w.org\/{rel}","templated":true}]}}