{"id":16,"date":"2019-08-22T11:39:39","date_gmt":"2019-08-22T11:39:39","guid":{"rendered":"https:\/\/www.talkyoo.net\/?page_id=16"},"modified":"2021-03-10T16:34:35","modified_gmt":"2021-03-10T15:34:35","slug":"telefonkonferenz_online_praesentation","status":"publish","type":"page","link":"https:\/\/www.talkyoo.net\/de\/telefonkonferenz_online_praesentation\/","title":{"rendered":"Ganz einfach w\u00e4hrend der Konferenz Ihre Pr\u00e4sentation vorf\u00fchren."},"content":{"rendered":"<p>[et_pb_section fb_built=&#8220;1&#8243; _builder_version=&#8220;4.0.6&#8243; custom_padding=&#8220;||50px||false|false&#8220; da_disable_devices=&#8220;off|off|off&#8220; da_is_popup=&#8220;off&#8220; da_exit_intent=&#8220;off&#8220; da_has_close=&#8220;on&#8220; da_alt_close=&#8220;off&#8220; da_dark_close=&#8220;off&#8220; da_not_modal=&#8220;on&#8220; da_is_singular=&#8220;off&#8220; da_with_loader=&#8220;off&#8220; da_has_shadow=&#8220;on&#8220;][et_pb_row column_structure=&#8220;1_5,3_5,1_5&#8243; _builder_version=&#8220;4.4.1&#8243;][et_pb_column type=&#8220;1_5&#8243; _builder_version=&#8220;4.4.1&#8243;][\/et_pb_column][et_pb_column type=&#8220;3_5&#8243; _builder_version=&#8220;4.4.1&#8243;][et_pb_text _builder_version=&#8220;4.4.1&#8243; text_font=&#8220;|300|||||||&#8220;]<\/p>\n<h1>Ganz einfach w\u00e4hrend der Konferenz Ihre Online-Pr\u00e4sentation vorf\u00fchren.<\/h1>\n<p>Jeder wei\u00df, dass Bilder weit mehr Informationen und Emotionen vermitteln als Worte. Aus diesem Grund bietet Ihr <a href=\"https:\/\/www.talkyoo.net\/\">Telefonkonferenz-Anbieter<\/a> Ihnen diese Funktion \u201cOnline-Pr\u00e4sentation\u201d kostenlos an.<\/p>\n<ul class=\"file-formats\"><\/ul>\n<p>[\/et_pb_text][et_pb_text _builder_version=&#8220;4.9.0&#8243; text_font=&#8220;|300|||||||&#8220;]<\/p>\n<h2>Anleitung zur Online-Pr\u00e4sentation\u00a0<\/h2>\n<ul class=\"file-formats\"><\/ul>\n<p>[\/et_pb_text][et_pb_text _builder_version=&#8220;4.9.0&#8243; text_font=&#8220;|300|||||||&#8220;]<\/p>\n<h3><span style=\"color: inherit; font-family: inherit; font-size: 21px;\">1. Pr\u00e4sentation hochladen<\/span><\/h3>\n<p>Um ihre Pr\u00e4sentation zu talkyoo hoch zu laden, nutzen Sie den Button <b>Datei hochladen<\/b> oder Sie ziehen Ihre Datei auf das blaue Feld. Beachten Sie, dass Ihre Pr\u00e4sentation nicht gr\u00f6\u00dfer als 100 MB ist und nicht mehr als 200 Seiten umfasst. Bitte laden Sie nur Pr\u00e4sentationen im <a href=\"https:\/\/de.wikipedia.org\/wiki\/Portable_Document_Format\">.pdf<\/a> Format hoch.<\/p>\n<ul class=\"file-formats\">\n<li>Das Dateiformat .pdf, kann aus<a href=\"https:\/\/www.talkyoo.net\/telefonkonferenz_online_praesentation#pdf-aus-powerpoint\"> vielen Programmen exportiert werden.<\/a><\/li>\n<\/ul>\n<p>[\/et_pb_text][et_pb_code _builder_version=&#8220;4.9.0&#8243; _module_preset=&#8220;default&#8220;][\/et_pb_code][et_pb_image src=&#8220;https:\/\/www.talkyoo.net\/wp-content\/uploads\/old-content-images\/online-praesentation-1-slide-tab-befor-upload.de.jpg&#8220; alt=&#8220;Pr\u00e4sentation f\u00fcr Ihre Telefonkonferenz hochladen&#8220; align=&#8220;center&#8220; _builder_version=&#8220;4.7.7&#8243;][\/et_pb_image][et_pb_text _builder_version=&#8220;4.9.0&#8243; text_font=&#8220;|300|||||||&#8220;]<\/p>\n<h3>2. Wir konvertieren Ihre Pr\u00e4sentation<\/h3>\n<p>Nach dem wir Ihre Daten empfangen haben, konvertieren wir diese innerhalb weniger Minuten. Befinden sich Dateien in der Warteschlange, wird Ihnen dies angezeigt und Ihre Pr\u00e4sentation wird zu einem sp\u00e4teren Zeitpunkt konvertiert.<\/p>\n<p>Wenn Sie viele und\/oder gro\u00dfe Bilder in Ihrer Pr\u00e4sentation verwenden, dauert das Konvertieren l\u00e4nger. Eine 30 Seiten umfassenden Pr\u00e4sentation im PDF-Format .pdf dauert in der Regel 6 bis 8 Minuten.<\/p>\n<p>[\/et_pb_text][et_pb_image src=&#8220;https:\/\/www.talkyoo.net\/wp-content\/uploads\/old-content-images\/online-praesentation-2-slide-upload-ready.de.jpg&#8220; alt=&#8220;Ihre Datei wird f\u00fcr Online-Pr\u00e4sentation konvertiert&#8220; align=&#8220;center&#8220; _builder_version=&#8220;4.7.7&#8243;][\/et_pb_image][et_pb_text _builder_version=&#8220;4.9.0&#8243; text_font=&#8220;|300|||||||&#8220;]<\/p>\n<h3>3. Online-Pr\u00e4sentation \u00fcberpr\u00fcfen<\/h3>\n<p>Nachdem Ihre Pr\u00e4sentation erfolgreich konvertiert worden ist, k\u00f6nnen Sie sich \u00fcber die Vorschau alle Seiten\/Folien anschauen.<\/p>\n<p>[\/et_pb_text][et_pb_image src=&#8220;https:\/\/www.talkyoo.net\/wp-content\/uploads\/old-content-images\/online-praesentation-3-slide-start-preview.de.jpg&#8220; alt=&#8220;Nutzen Sie die Vorschau, um Ihre Online-Pr\u00e4sentation zu \u00fcberpr\u00fcfen.&#8220; align=&#8220;center&#8220; _builder_version=&#8220;4.7.7&#8243;][\/et_pb_image][et_pb_image src=&#8220;https:\/\/www.talkyoo.net\/wp-content\/uploads\/old-content-images\/online-praesentation-3-slide-open-preview.de.jpg&#8220; alt=&#8220;Die Vorschau der Online-Pr\u00e4sentation&#8220; align=&#8220;center&#8220; _builder_version=&#8220;4.7.7&#8243;][\/et_pb_image][et_pb_text _builder_version=&#8220;4.9.0&#8243; text_font=&#8220;|300|||||||&#8220;]<\/p>\n<h3>4. Pr\u00e4sentation starten<\/h3>\n<p>Nach dem Starten Ihrer Pr\u00e4sentation, \u00f6ffnet sich diese in einem neuen Browserfenster. Teilnehmer Ihrer Online Pr\u00e4sentation, die sich bereits unter <a href=\"https:\/\/www.talkyoo.net\/show\" class=\"bold\">https:\/\/www.talkyoo.net\/show<\/a> angemeldet haben, sehen ab diesem Zeitpunkt Ihre 1. Folie\/Seite.<\/p>\n<p>[\/et_pb_text][et_pb_image src=&#8220;https:\/\/www.talkyoo.net\/wp-content\/uploads\/old-content-images\/online-praesentation-4-slide-presentation-start.de.jpg&#8220; alt=&#8220;Starten der Online-Pr\u00e4sentation &#8220; align=&#8220;center&#8220; _builder_version=&#8220;4.7.7&#8243;][\/et_pb_image][et_pb_image src=&#8220;https:\/\/www.talkyoo.net\/wp-content\/uploads\/old-content-images\/online-praesentation-4-slide-started.de.jpg&#8220; alt=&#8220;Online-Pr\u00e4sentation Steuern&#8220; align=&#8220;center&#8220; _builder_version=&#8220;4.9.0&#8243;][\/et_pb_image][et_pb_text _builder_version=&#8220;4.9.0&#8243; text_font=&#8220;|300|||||||&#8220;]<\/p>\n<h3>5. Online-Pr\u00e4sentation steuern<\/h3>\n<p>Auf der linken Seite Ihrer Pr\u00e4sentationssteuerung befinden sich alle <b>Vorschaubilder<\/b>. Nutzen Sie diesen Bereich um eine Folie\/Seite direkt anzusteuern und minimieren\/schlie\u00dfen Sie ihn danach. Unter Ihrer aktuellen Folie\/Seite befinden sich die Steuerungselemente f\u00fcr Vor\/Zur\u00fcck sowie Pr\u00e4sentationsanfang\/-ende.<\/p>\n<p>[\/et_pb_text][et_pb_image src=&#8220;https:\/\/www.talkyoo.net\/wp-content\/uploads\/old-content-images\/online-praesentation-5-slide&#8211;started-and-preview-thumbs-navigation.de.jpg&#8220; alt=&#8220;Online-Pr\u00e4sentation: Vorschaublider und Tasten zum Umbl\u00e4ttern &#8220; align=&#8220;center&#8220; _builder_version=&#8220;4.7.7&#8243;][\/et_pb_image][et_pb_text _builder_version=&#8220;4.9.0&#8243; text_font=&#8220;|300|||||||&#8220;]<\/p>\n<h3>6. Pr\u00e4sentation beenden<\/h3>\n<p>Das Schlie\u00dfen des Browserfenster, in dem Ihre Pr\u00e4sentation abl\u00e4uft beendet nicht automatisch die Online Pr\u00e4sentation. Erst wenn Sie in Ihrer Konferenzraumzentrale den roten <b>Beenden Button<\/b> benutzen, wird die Pr\u00e4sentation gestoppt und Ihre Teilnehmer sehen unsere neutrale <b>Willkommen Seite<\/b>.<\/p>\n<p>[\/et_pb_text][et_pb_image src=&#8220;https:\/\/www.talkyoo.net\/wp-content\/uploads\/old-content-images\/online-praesentation-6-slide-beenden.de.jpg&#8220; alt=&#8220;Online-Pr\u00e4sentation beenden&#8220; align=&#8220;center&#8220; _builder_version=&#8220;4.7.7&#8243;][\/et_pb_image][\/et_pb_column][et_pb_column type=&#8220;1_5&#8243; _builder_version=&#8220;4.4.1&#8243;][\/et_pb_column][\/et_pb_row][et_pb_row column_structure=&#8220;1_5,3_5,1_5&#8243; _builder_version=&#8220;4.4.1&#8243; custom_padding=&#8220;||76px|||&#8220;][et_pb_column type=&#8220;1_5&#8243; _builder_version=&#8220;4.4.1&#8243;][\/et_pb_column][et_pb_column type=&#8220;3_5&#8243; _builder_version=&#8220;4.4.1&#8243;][et_pb_text _builder_version=&#8220;4.9.0&#8243; ul_font=&#8220;|300|||||||&#8220; custom_margin=&#8220;||50px|||&#8220;]<\/p>\n<h2>Tipps f\u00fcr Ihre Online Pr\u00e4sentation<\/h2>\n<ul class=\"tipps\">\n<li>Ihre Teilnehmer melden sich unter <a href=\"https:\/\/www.talkyoo.net\/show\" class=\"bold\">https:\/\/www.talkyoo.net\/show<\/a> zu Ihrer Online Pr\u00e4sentation an.<\/li>\n<li>Laden Sie Ihre Teilnehmer \u00fcber talkyoo ein, um den Pr\u00e4sentations-Link automatisch einzuf\u00fcgen.<\/li>\n<li>Legen Sie Ihre Pr\u00e4sentation im Querformat an.<\/li>\n<li>Verwenden Sie keine zu kleinen Schriftgr\u00f6\u00dfen.<\/li>\n<li>Weniger Bilder verringern die Konvertierungszeit.<\/li>\n<li>Laden Sie keine Passwort\/Kennwort gesch\u00fctzten Dateien hoch.<\/li>\n<li>Starten Sie Ihre Pr\u00e4sentation schon einige Zeit vor der Telefonkonferenz. Ihre Teilnehmer sehen dann die erste Folie\/Seite zur Begr\u00fc\u00dfung.<\/li>\n<\/ul>\n<p>[\/et_pb_text][\/et_pb_column][et_pb_column type=&#8220;1_5&#8243; _builder_version=&#8220;4.4.1&#8243;][\/et_pb_column][\/et_pb_row][et_pb_row column_structure=&#8220;1_5,3_5,1_5&#8243; module_id=&#8220;pdf-aus-powerpoint&#8220; _builder_version=&#8220;4.4.5&#8243;][et_pb_column type=&#8220;1_5&#8243; _builder_version=&#8220;4.4.5&#8243;][\/et_pb_column][et_pb_column type=&#8220;3_5&#8243; _builder_version=&#8220;4.4.5&#8243;][et_pb_text _builder_version=&#8220;4.4.5&#8243;]<\/p>\n<h2>So erstellen Sie PDF-Dateien aus den g\u00e4ngigen Office-Anwendungen<\/h2>\n<p>[\/et_pb_text][et_pb_text _builder_version=&#8220;4.9.0&#8243; custom_margin=&#8220;||21px|||&#8220;]<\/p>\n<h3>PDF-Dateien aus PowerPoint (Microsoft) erstellen<\/h3>\n<p>[\/et_pb_text][et_pb_text _builder_version=&#8220;4.4.5&#8243; text_font=&#8220;|300|||||||&#8220;]<\/p>\n<p>Wenn Sie PowerPoint oder Word nutzen, w\u00e4hlen Sie im Men\u00fc \u201eDatei\u201c den Punkt \u201eSpeichern unter\u201c. Bestimmen Sie einen Ordner in dem Sie die Datei ablegen m\u00f6chten. Jetzt \u00f6ffnen Sie unten rechts das Drop-Down-Men\u00fc bei \u201eDatei-Typ\u201c. Hier k\u00f6nnen Sie \u201ePDF\u201c ausw\u00e4hlen.<\/p>\n<p>[\/et_pb_text][et_pb_image src=&#8220;https:\/\/www.talkyoo.net\/wp-content\/uploads\/2020\/05\/PDF-aus-WORD-004-e1588667690297.png&#8220; alt=&#8220;PDF-Datei-aus-Powerpoint-erstellen&#8220; title_text=&#8220;PDF-aus-WORD-004&#8243; _builder_version=&#8220;4.4.5&#8243;][\/et_pb_image][et_pb_text _builder_version=&#8220;4.4.5&#8243; custom_margin=&#8220;50px||20px|||&#8220;]<\/p>\n<h3>PDF-Dateien aus Keynote (Apple) erstellen<\/h3>\n<p>[\/et_pb_text][et_pb_text _builder_version=&#8220;4.4.5&#8243; text_font=&#8220;|300|||||||&#8220;]<\/p>\n<p>Wenn Sie Keynote oder Pages nutzen, w\u00e4hlen Sie im Men\u00fc \u201eAblage\u201c den Punkt \u201eExportieren\u201c. Dann k\u00f6nnen Sie \u201ePDF\u201c ausw\u00e4hlen.<\/p>\n<p>[\/et_pb_text][et_pb_image src=&#8220;https:\/\/www.talkyoo.net\/wp-content\/uploads\/2021\/01\/Eine-PDF-Datei-aus-Keynote-fu\u0308r-die-Online-Pra\u0308sentation-erstellen.png&#8220; alt=&#8220;Eine PDF-Datei aus Keynote f\u00fcr die Online Pr\u00e4sentation erstellen&#8220; title_text=&#8220;Eine-PDF-Datei-aus-Keynote-fu\u0308r-die-Online-Pra\u0308sentation-erstellen&#8220; _builder_version=&#8220;4.7.7&#8243;][\/et_pb_image][\/et_pb_column][et_pb_column type=&#8220;1_5&#8243; _builder_version=&#8220;4.4.5&#8243;][\/et_pb_column][\/et_pb_row][et_pb_row _builder_version=&#8220;4.0.6&#8243;][et_pb_column type=&#8220;4_4&#8243; _builder_version=&#8220;4.0.6&#8243;][et_pb_button button_url=&#8220;@ET-DC@eyJkeW5hbWljIjp0cnVlLCJjb250ZW50IjoicG9zdF9saW5rX3VybF9wYWdlIiwic2V0dGluZ3MiOnsicG9zdF9pZCI6IjQ5In19@&#8220; button_text=&#8220;Mehr Infos zur Webkonferenz&#8220; button_alignment=&#8220;center&#8220; _builder_version=&#8220;4.0.6&#8243; _dynamic_attributes=&#8220;button_url&#8220;][\/et_pb_button][\/et_pb_column][\/et_pb_row][\/et_pb_section]<\/p>\n","protected":false},"excerpt":{"rendered":"<p>Ganz einfach w\u00e4hrend der Konferenz Ihre Online-Pr\u00e4sentation vorf\u00fchren. Jeder wei\u00df, dass Bilder weit mehr Informationen und Emotionen vermitteln als Worte. Aus diesem Grund bietet Ihr Telefonkonferenz-Anbieter Ihnen diese Funktion \u201cOnline-Pr\u00e4sentation\u201d kostenlos an. Anleitung zur Online-Pr\u00e4sentation\u00a0 1. Pr\u00e4sentation hochladen Um ihre Pr\u00e4sentation zu talkyoo hoch zu laden, nutzen Sie den Button Datei hochladen oder Sie ziehen [&hellip;]<\/p>\n","protected":false},"author":4,"featured_media":0,"parent":0,"menu_order":4,"comment_status":"closed","ping_status":"closed","template":"","meta":{"_et_pb_use_builder":"on","_et_pb_old_content":"","_et_gb_content_width":"","footnotes":""},"class_list":["post-16","page","type-page","status-publish","hentry"],"_links":{"self":[{"href":"https:\/\/www.talkyoo.net\/de\/wp-json\/wp\/v2\/pages\/16","targetHints":{"allow":["GET"]}}],"collection":[{"href":"https:\/\/www.talkyoo.net\/de\/wp-json\/wp\/v2\/pages"}],"about":[{"href":"https:\/\/www.talkyoo.net\/de\/wp-json\/wp\/v2\/types\/page"}],"author":[{"embeddable":true,"href":"https:\/\/www.talkyoo.net\/de\/wp-json\/wp\/v2\/users\/4"}],"replies":[{"embeddable":true,"href":"https:\/\/www.talkyoo.net\/de\/wp-json\/wp\/v2\/comments?post=16"}],"version-history":[{"count":26,"href":"https:\/\/www.talkyoo.net\/de\/wp-json\/wp\/v2\/pages\/16\/revisions"}],"predecessor-version":[{"id":4767,"href":"https:\/\/www.talkyoo.net\/de\/wp-json\/wp\/v2\/pages\/16\/revisions\/4767"}],"wp:attachment":[{"href":"https:\/\/www.talkyoo.net\/de\/wp-json\/wp\/v2\/media?parent=16"}],"curies":[{"name":"wp","href":"https:\/\/api.w.org\/{rel}","templated":true}]}}