{"id":24,"date":"2019-08-22T11:41:07","date_gmt":"2019-08-22T10:41:07","guid":{"rendered":"https:\/\/www.talkyoo.net\/?page_id=24"},"modified":"2021-03-08T13:25:50","modified_gmt":"2021-03-08T12:25:50","slug":"telefonkonferenz_websteuerung","status":"publish","type":"page","link":"https:\/\/www.talkyoo.net\/de\/telefonkonferenz_websteuerung\/","title":{"rendered":"Konferenzen mit der Websteuerung steuern."},"content":{"rendered":"<p>[et_pb_section fb_built=&#8220;1&#8243; _builder_version=&#8220;3.27.3&#8243; custom_padding=&#8220;||50px|||&#8220; da_disable_devices=&#8220;off|off|off&#8220; da_is_popup=&#8220;off&#8220; da_exit_intent=&#8220;off&#8220; da_has_close=&#8220;on&#8220; da_alt_close=&#8220;off&#8220; da_dark_close=&#8220;off&#8220; da_not_modal=&#8220;on&#8220; da_is_singular=&#8220;off&#8220; da_with_loader=&#8220;off&#8220; da_has_shadow=&#8220;on&#8220;][et_pb_row column_structure=&#8220;1_5,3_5,1_5&#8243; _builder_version=&#8220;4.4.1&#8243;][et_pb_column type=&#8220;1_5&#8243; _builder_version=&#8220;4.4.1&#8243;][\/et_pb_column][et_pb_column type=&#8220;3_5&#8243; _builder_version=&#8220;4.4.1&#8243;][et_pb_text _builder_version=&#8220;4.4.1&#8243; text_font=&#8220;|300|||||||&#8220; link_font=&#8220;|700|||||||&#8220;]<\/p>\n<h1>Konferenzen mit der Websteuerung steuern.<\/h1>\n<h2>Als Moderator die Konferenz im \u00dcberblick behalten.<\/h2>\n<p>Steuern Sie Ihre Telefonkonferenzen ganz einfach \u00fcber das Internet.<\/p>\n<p>Wenn Sie in Ihrer Telefonkonferenzraum-Verwaltung eingeloggt sind finden Sie auf der linken Seite des Men\u00fcs den Punkt &#8222;Websteuerung&#8220;. Auf der rechten Seite finden Sie einen Button, der Ihre Websteuerung startet. Es \u00f6ffnet sich daraufhin ein PopUp oder falls Ihr Browser einen sog. PopUp Blocker besitzt ein weiterer &#8222;Reiter&#8220; oder &#8222;Tab&#8220; mit der Websteuerung.<\/p>\n<p>[\/et_pb_text][et_pb_image src=&#8220;https:\/\/www.talkyoo.net\/wp-content\/uploads\/old-content-images\/telefonkonferenz-websteuerung-aufrufen.de.png&#8220; alt=&#8220;Websteuerung unter %22Meine R\u00e4ume%22 aufrufen&#8220; align=&#8220;center&#8220; _builder_version=&#8220;4.7.7&#8243;][\/et_pb_image][et_pb_text _builder_version=&#8220;4.4.1&#8243; text_font=&#8220;|300|||||||&#8220; link_font=&#8220;|700|||||||&#8220;]<\/p>\n<p><span>In Ihrer Websteuerung sehen Sie nun alle Teilnehmer, die sich bereits in Ihrer Telefonkonferenz befinden, neue Teilnehmer werden automatisch der Liste hinzugef\u00fcgt.<\/span><\/p>\n<p>[\/et_pb_text][et_pb_image src=&#8220;https:\/\/www.talkyoo.net\/wp-content\/uploads\/old-content-images\/telefonkonferenz-websteuerung-alle-teilnehmer.de.png&#8220; alt=&#8220;Teilnehmer der Telefonkonferenz werden in der Websteuerung angezeigt &#8220; align=&#8220;center&#8220; _builder_version=&#8220;4.7.7&#8243;][\/et_pb_image][et_pb_text _builder_version=&#8220;4.4.1&#8243; text_font=&#8220;|300|||||||&#8220; link_font=&#8220;|700|||||||&#8220;]<\/p>\n<p><span>Auf der linken Seite Ihrer Websteuerung haben Sie die M\u00f6glichkeit alle Telefonkonferenz-Teilnehmer &#8222;stumm&#8220; zu schalten, so dass Sie in der Lage sind ohne St\u00f6rung einen Vortrag zu halten. Ebenso befindet sich hier die M\u00f6glichkeit die Telefonkonferenz &#8222;abzuschlie\u00dfen, so dass kein weiterer Teilnehmer Ihrer Telefonkonferenz beitreten kann.<\/span><\/p>\n<p>[\/et_pb_text][et_pb_image src=&#8220;https:\/\/www.talkyoo.net\/wp-content\/uploads\/old-content-images\/telefonkonferenz-websteuerung-alle-stumm.de.png&#8220; alt=&#8220;Alle Teilnehmer der Telefonkonferenz stumm schalten &#8220; align=&#8220;center&#8220; _builder_version=&#8220;4.7.7&#8243;][\/et_pb_image][et_pb_text _builder_version=&#8220;4.4.1&#8243; text_font=&#8220;|300|||||||&#8220; link_font=&#8220;|700|||||||&#8220;]<\/p>\n<p><span>Unsere Websteuerung bietet Ihnen ebenfalls die M\u00f6glichkeit einzelne Telefonkonferenz-Teilnehmer &#8222;stumm&#8220; zu schalten (indem Sie auf das Symbol &#8222;Lautsprecher&#8220; dr\u00fccken) oder Teilnehmer aus der Telefonkonferenz &#8222;auszuschlie\u00dfen&#8220; (ganz einfach indem Sie auf das Symbol &#8222;H\u00f6rer auflegen&#8220; dr\u00fccken).<\/span><\/p>\n<p>[\/et_pb_text][et_pb_image src=&#8220;https:\/\/www.talkyoo.net\/wp-content\/uploads\/old-content-images\/telefonkonferenz-websteuerung-stumm-auflegen.de.png&#8220; alt=&#8220;Einzelne Teilnehmer stumm schalten oder aus der Konferenz entfernen.  &#8220; align=&#8220;center&#8220; _builder_version=&#8220;4.7.7&#8243;][\/et_pb_image][et_pb_text _builder_version=&#8220;4.4.1&#8243; text_font=&#8220;|300|||||||&#8220; link_font=&#8220;|700|||||||&#8220;]<\/p>\n<p><span>In Telefonkonferenzen kann jeder Teilnehmer mit der Tastenkombination [*][4] ein Handzeichen geben. In der Websteuerung sieht der Moderator dann dieses Hinweiszeichen und kann Teilnehmer mit einem Klick auf das Lautsprecher-Symbol f\u00fcr alle h\u00f6rbar machen. So ist eine perfekte Steuerung von Diskussionsrunden in einer Konferenz m\u00f6glich.<\/span><br \/> <span>Die Konferenzfunktion Handzeichen erm\u00f6glicht ebenso Abstimmungsrunden, in denen der Moderator ganz leicht alle Handmeldungen unten in der Men\u00fcleiste wieder zur\u00fccksetzen kann.<\/span><\/p>\n<p>[\/et_pb_text][et_pb_image src=&#8220;https:\/\/www.talkyoo.net\/wp-content\/uploads\/old-content-images\/telefonkonferenz-websteuerung-handzeichen-geben.de.png&#8220; alt=&#8220;Lautlose Handzeichen der Telefonkonferenz sind in der Websteuerung sichtbar.&#8220; align=&#8220;center&#8220; _builder_version=&#8220;4.7.7&#8243;][\/et_pb_image][et_pb_text _builder_version=&#8220;4.4.1&#8243; text_font=&#8220;|300|||||||&#8220; link_font=&#8220;|700|||||||&#8220;]<\/p>\n<p><span>Wenn Sie Ihre Telefonkonferenz beenden m\u00f6chten finden Sie links unten einen Button, der automatisch alle Verbindungen der Teilnehmer zu Ihrer Telefonkonferenz trennt. Ein Hinweisfenster verhindert ein ungewolltes Trennen.<\/span><\/p>\n<p>[\/et_pb_text][et_pb_image src=&#8220;https:\/\/www.talkyoo.net\/wp-content\/uploads\/old-content-images\/telefonkonferenz-websteuerung-beenden.de.png&#8220; alt=&#8220;Handsignale ausschalten und Telefonkonferenz beenden. &#8220; align=&#8220;center&#8220; _builder_version=&#8220;4.7.7&#8243;][\/et_pb_image][et_pb_text _builder_version=&#8220;4.4.1&#8243; text_font=&#8220;|300|||||||&#8220; link_font=&#8220;|700|||||||&#8220; ul_font=&#8220;|300|||||||&#8220;]<\/p>\n<h2>Die Websteuerung erm\u00f6glicht dem Moderator folgende Funktionen:<\/h2>\n<ul class=\"websteuerung-functions\">\n<li>Das Stummschalten einzelner Teilnehmer<\/li>\n<li>Das Abschlie\u00dfen Ihre Telefonkonferenz, so dass keine weiteren Teilnehmer mehr der Telefonkonferenz beitreten k\u00f6nnen.<\/li>\n<li>Einzelne Teilnehmer zum Sprechen freischalten, wenn diese z.B. \u00fcber das Handzeichen <strong>[*][4]<\/strong> sich gemeldet haben.<\/li>\n<li>Das Stummschalten aller Teilnehmer, den sog. Zuh\u00f6r-Modus, sodass nur noch Sie als Moderator und von Ihnen autorisierte Sprecher zu h\u00f6ren sind. Das ist besonders bei gro\u00dfen Konferenzen empfehlenswert um die vielen Hintergrundger\u00e4usche auszuschalten.<\/li>\n<li>Im Zuh\u00f6r-Modus wird kein Signal abgespielt, wenn ein Teilnehmer den Raum betritt. .\u00a0\u00a0<\/li>\n<\/ul>\n<p>[\/et_pb_text][et_pb_text _builder_version=&#8220;4.7.7&#8243; text_font=&#8220;|300|||||||&#8220; link_font=&#8220;|700|||||||&#8220; ul_font=&#8220;|300|||||||&#8220;]<\/p>\n<h3>Steuern wie ein Profi \u2013 weitere Informationen zur Websteurung<\/h3>\n<ul>\n<li><a href=\"https:\/\/www.talkyoo.net\/websteuerung-der-telefonkonferenz-wird-persoenlich\/\">Namen der Anrufer in der\u00a0Websteuerung angeben<\/a><\/li>\n<li><a href=\"https:\/\/www.talkyoo.net\/ein-klick-volle-kontrolle-ohne-anmeldung-zur-websteuerung\/\">Websteuerung f\u00fcr externe Moderatoren frei geben<\/a><\/li>\n<li><a href=\"https:\/\/www.talkyoo.net\/telefonkonferenz-kostenlos-anleitung-und-antworten\/\">Schritt f\u00fcr Schritt<\/a>\u00a0zur kostenlosen Telefonkonferenz<\/li>\n<\/ul>\n<p>[\/et_pb_text][\/et_pb_column][et_pb_column type=&#8220;1_5&#8243; _builder_version=&#8220;4.4.1&#8243;][\/et_pb_column][\/et_pb_row][et_pb_row _builder_version=&#8220;4.0.6&#8243;][et_pb_column type=&#8220;4_4&#8243; _builder_version=&#8220;4.0.6&#8243;][et_pb_button button_url=&#8220;https:\/\/www.talkyoo.net\/#section-test-free&#8220; button_text=&#8220;Kostenlos Testen!&#8220; button_alignment=&#8220;center&#8220; _builder_version=&#8220;4.3.2&#8243;][\/et_pb_button][\/et_pb_column][\/et_pb_row][\/et_pb_section]<\/p>\n","protected":false},"excerpt":{"rendered":"<p>Konferenzen mit der Websteuerung steuern. Als Moderator die Konferenz im \u00dcberblick behalten. Steuern Sie Ihre Telefonkonferenzen ganz einfach \u00fcber das Internet. Wenn Sie in Ihrer Telefonkonferenzraum-Verwaltung eingeloggt sind finden Sie auf der linken Seite des Men\u00fcs den Punkt &#8222;Websteuerung&#8220;. Auf der rechten Seite finden Sie einen Button, der Ihre Websteuerung startet. Es \u00f6ffnet sich daraufhin [&hellip;]<\/p>\n","protected":false},"author":4,"featured_media":0,"parent":0,"menu_order":8,"comment_status":"closed","ping_status":"closed","template":"","meta":{"_et_pb_use_builder":"on","_et_pb_old_content":"","_et_gb_content_width":"","footnotes":""},"class_list":["post-24","page","type-page","status-publish","hentry"],"_links":{"self":[{"href":"https:\/\/www.talkyoo.net\/de\/wp-json\/wp\/v2\/pages\/24","targetHints":{"allow":["GET"]}}],"collection":[{"href":"https:\/\/www.talkyoo.net\/de\/wp-json\/wp\/v2\/pages"}],"about":[{"href":"https:\/\/www.talkyoo.net\/de\/wp-json\/wp\/v2\/types\/page"}],"author":[{"embeddable":true,"href":"https:\/\/www.talkyoo.net\/de\/wp-json\/wp\/v2\/users\/4"}],"replies":[{"embeddable":true,"href":"https:\/\/www.talkyoo.net\/de\/wp-json\/wp\/v2\/comments?post=24"}],"version-history":[{"count":8,"href":"https:\/\/www.talkyoo.net\/de\/wp-json\/wp\/v2\/pages\/24\/revisions"}],"predecessor-version":[{"id":4673,"href":"https:\/\/www.talkyoo.net\/de\/wp-json\/wp\/v2\/pages\/24\/revisions\/4673"}],"wp:attachment":[{"href":"https:\/\/www.talkyoo.net\/de\/wp-json\/wp\/v2\/media?parent=24"}],"curies":[{"name":"wp","href":"https:\/\/api.w.org\/{rel}","templated":true}]}}