{"id":28,"date":"2019-08-22T11:44:05","date_gmt":"2019-08-22T11:44:05","guid":{"rendered":"https:\/\/www.talkyoo.net\/?page_id=28"},"modified":"2026-05-09T14:56:27","modified_gmt":"2026-05-09T12:56:27","slug":"spar_pakete","status":"publish","type":"page","link":"https:\/\/www.talkyoo.net\/de\/preisliste\/spar_pakete\/","title":{"rendered":"Die talkyoo Sparpakete \u2013 so f\u00fchren Sie Ihre Telefonkonferenz g\u00fcnstig"},"content":{"rendered":"<div class=\"et_pb_section_0 et_pb_section et_section_regular et_block_section\"><div class=\"et_pb_row_0 et_pb_row et_block_row\"><div class=\"et_pb_column_0 et_pb_column et_pb_column_4_4 et-last-child et_block_column et_pb_css_mix_blend_mode_passthrough\"><div class=\"et_pb_text_0 et_pb_text et_pb_bg_layout_light et_pb_module et_block_module\"><div class=\"et_pb_text_inner\"><h1>Die talkyoo Sparpakete \u2013 so f\u00fchren Sie Ihre Telefonkonferenz g\u00fcnstig<\/h1>\n<\/div><\/div><\/div><\/div><\/div><div class=\"et_pb_section_1 et_pb_section et_section_regular et_block_section\"><div class=\"et_pb_row_1 et_pb_row et_pb_gutters1 et_block_row\"><div class=\"et_pb_column_1 et_pb_column et_pb_column_1_2 et_block_column et_pb_css_mix_blend_mode_passthrough\"><div class=\"et_pb_text_1 et_pb_text et_pb_bg_layout_light et_pb_module et_block_module show-monthly pricing-item-cursor\" id=\"pricing-plan-item-1\"><div class=\"et_pb_text_inner\"><p>Monatlich<\/p>\n<\/div><\/div><\/div><div class=\"et_pb_column_2 et_pb_column et_pb_column_1_2 et-last-child et_block_column et_pb_css_mix_blend_mode_passthrough\"><div class=\"et_pb_text_2 et_pb_text et_pb_bg_layout_light et_pb_module et_block_module show-yearly pricing-item-cursor\" id=\"pricing-plan-item-2\"><div class=\"et_pb_text_inner\"><p>J\u00e4hrlich<\/p>\n<\/div><\/div><\/div><\/div><div class=\"et_pb_row_2 et_pb_row et_block_row\"><div class=\"et_pb_column_3 et_pb_column et_pb_column_4_4 et-last-child et_block_column et_pb_css_mix_blend_mode_passthrough\"><div class=\"et_pb_text_3 et_pb_text et_pb_bg_layout_light et_pb_module et_block_module promobox promo-monthly\"><div class=\"et_pb_text_inner\"><h4><strong>1 MONAT SPAREN<\/strong>\u00a0<small>mit unseren Jahresvertr\u00e4gen!<\/small><\/h4>\n<\/div><\/div><div class=\"et_pb_text_4 et_pb_text et_pb_bg_layout_light et_pb_module et_block_module promobox promo-yearly hide-section\"><div class=\"et_pb_text_inner\"><h4><strong>1 MONAT GESPART!<\/strong>\u00a0<small>Mit unseren Jahresvertr\u00e4gen!<\/small><\/h4>\n<\/div><\/div><\/div><\/div><div class=\"et_pb_row_3 et_pb_row et_block_row\" id=\"pricing-1\"><div class=\"et_pb_column_4 et_pb_column et_pb_column_4_4 et-last-child et_block_column et_pb_css_mix_blend_mode_passthrough\"><div class=\"et_pb_pricing_tables_0 et_pb_pricing_tables et_pb_pricing clearfix et_pb_pricing_4 et_pb_third_featured et_pb_module et_flex_module\"><div class=\"et_pb_pricing_table_0 et_pb_pricing_table et_pb_module et_block_module et_flex_column_12_24 et_flex_column_12_24_tablet et_flex_column_24_24_phone\"><div class=\"et_pb_pricing_heading\"><h2 class=\"et_pb_pricing_title\">Small<\/h2><span class=\"et_pb_best_value\">pro Raum \/ Monat *<\/span><\/div><div class=\"et_pb_pricing_content_top\"><div class=\"et_pb_et_price\"><span class=\"et_pb_dollar_sign\">\u20ac<\/span><span class=\"et_pb_sum\">19,95<\/span><\/div><\/div><div class=\"et_pb_pricing_content\"><ul class=\"et_pb_pricing\"><li><span> Inkl. <strong>10 Teilnehmer*<\/strong><\/span><\/li><li><span> <strong>Flat<\/strong> Telefonkonferenzen<\/span><\/li><li><span> <strong>Flat<\/strong> Telefonkonferenz-Dauer<\/span><\/li><li><span> Moderator PIN<\/span><\/li><li><span> Online-Pr\u00e4sentationen<\/span><\/li><li><span> Websteuerung<\/span><\/li><li><span> Audioprotokoll MP3<\/span><\/li><li class=\"et_pb_not_available\"><span> Int. Einwahlnummern 9,95 \u20ac<\/span><\/li><li class=\"et_pb_not_available\"><span> Webkonferenz 19,95 \u20ac<\/span><\/li><\/ul><\/div><div class=\"et_pb_button_wrapper\"><a class=\"et_pb_button et_pb_pricing_table_button\" href=\"https:\/\/www.talkyoo.net\/de\/internal\/preisliste_get_account\/?article=small_v6\">Jetzt kaufen<\/a><\/div><\/div><div class=\"et_pb_pricing_table_1 et_pb_pricing_table et_pb_module et_block_module et_flex_column_12_24 et_flex_column_12_24_tablet et_flex_column_24_24_phone\"><div class=\"et_pb_pricing_heading\"><h2 class=\"et_pb_pricing_title\">Medium<\/h2><span class=\"et_pb_best_value\">pro Raum \/ Monat *<\/span><\/div><div class=\"et_pb_pricing_content_top\"><div class=\"et_pb_et_price\"><span class=\"et_pb_dollar_sign\">\u20ac<\/span><span class=\"et_pb_sum\">32,95<\/span><\/div><\/div><div class=\"et_pb_pricing_content\"><ul class=\"et_pb_pricing\"><li><span> Inkl. <strong>25 Teilnehmer*<\/strong><\/span><\/li><li><span> <strong>Flat<\/strong> Telefonkonferenzen<\/span><\/li><li><span> <strong>Flat<\/strong> Telefonkonferenz-Dauer<\/span><\/li><li><span> Moderator PIN<\/span><\/li><li><span> Online-Pr\u00e4sentationen<\/span><\/li><li><span> Websteuerung<\/span><\/li><li><span> Audioprotokoll MP3<\/span><\/li><li class=\"et_pb_not_available\"><span> Int. Einwahlnummern <strong>19,95 \u20ac<\/strong><\/span><\/li><li class=\"et_pb_not_available\"><span> Webkonferenz <strong>29,95 \u20ac<\/strong><\/span><\/li><\/ul><\/div><div class=\"et_pb_button_wrapper\"><a class=\"et_pb_button et_pb_pricing_table_button\" href=\"https:\/\/www.talkyoo.net\/de\/internal\/preisliste_get_account\/?article=medium_v6\">Jetzt kaufen<\/a><\/div><\/div><div class=\"et_pb_pricing_table_2 et_pb_pricing_table et_pb_featured_table et_pb_module et_block_module et_flex_column_12_24 et_flex_column_12_24_tablet et_flex_column_24_24_phone\"><div class=\"et_pb_pricing_heading\"><h2 class=\"et_pb_pricing_title\">Large<\/h2><span class=\"et_pb_best_value\">pro Raum \/ Monat *<\/span><\/div><div class=\"et_pb_pricing_content_top\"><div class=\"et_pb_et_price\"><span class=\"et_pb_dollar_sign\">\u20ac<\/span><span class=\"et_pb_sum\">59,95<\/span><\/div><\/div><div class=\"et_pb_pricing_content\"><ul class=\"et_pb_pricing\"><li><span> Inkl. <strong>50 Teilnehmer*<\/strong><\/span><\/li><li><span> <strong>Flat<\/strong> Telefonkonferenzen<\/span><\/li><li><span> <strong>Flat<\/strong> Telefonkonferenz-Dauer<\/span><\/li><li><span> Moderator PIN<\/span><\/li><li><span> Online-Pr\u00e4sentationen<\/span><\/li><li><span> Websteuerung<\/span><\/li><li><span> Audioprotokoll MP3<\/span><\/li><li class=\"et_pb_not_available\"><span> Int. Einwahlnummern <strong>29,95 \u20ac<\/strong><\/span><\/li><li class=\"et_pb_not_available\"><span> Webkonferenz <strong>34,95 \u20ac<\/strong><\/span><\/li><\/ul><\/div><div class=\"et_pb_button_wrapper\"><a class=\"et_pb_button et_pb_pricing_table_button\" href=\"https:\/\/www.talkyoo.net\/de\/internal\/preisliste_get_account\/?article=large_v6\">Jetzt kaufen<\/a><\/div><\/div><div class=\"et_pb_pricing_table_3 et_pb_pricing_table et_pb_module et_block_module et_flex_column_12_24 et_flex_column_12_24_tablet et_flex_column_24_24_phone\"><div class=\"et_pb_pricing_heading\"><h2 class=\"et_pb_pricing_title\">X-Large<\/h2><span class=\"et_pb_best_value\">pro Raum \/ Monat *<\/span><\/div><div class=\"et_pb_pricing_content_top\"><div class=\"et_pb_et_price\"><span class=\"et_pb_dollar_sign\">\u20ac<\/span><span class=\"et_pb_sum\">189,95<\/span><\/div><\/div><div class=\"et_pb_pricing_content\"><ul class=\"et_pb_pricing\"><li><span> Inkl. <strong>100 Teilnehmer*<\/strong><\/span><\/li><li><span> <strong>Flat<\/strong> Telefonkonferenzen<\/span><\/li><li><span> <strong>Flat<\/strong> Telefonkonferenz-Dauer<\/span><\/li><li><span> Moderator PIN<\/span><\/li><li><span> Online-Pr\u00e4sentationen<\/span><\/li><li><span> Websteuerung<\/span><\/li><li><span> Audioprotokoll MP3<\/span><\/li><li><span> Int. Einwahlnummern<\/span><\/li><li><span> Webkonferenz<\/span><\/li><\/ul><\/div><div class=\"et_pb_button_wrapper\"><a class=\"et_pb_button et_pb_pricing_table_button\" href=\"https:\/\/www.talkyoo.net\/de\/internal\/preisliste_get_account\/?article=xlarge_v6\">Jetzt kaufen<\/a><\/div><\/div><\/div><\/div><\/div><div class=\"et_pb_row_4 et_pb_row et_block_row pricing-yearly hide-section\" id=\"pricing-2\"><div class=\"et_pb_column_5 et_pb_column et_pb_column_4_4 et-last-child et_block_column et_pb_css_mix_blend_mode_passthrough\"><div class=\"et_pb_pricing_tables_1 et_pb_pricing_tables et_pb_pricing clearfix et_pb_pricing_4 et_pb_third_featured et_pb_module et_flex_module\"><div class=\"et_pb_pricing_table_4 et_pb_pricing_table et_pb_module et_block_module et_flex_column_12_24 et_flex_column_12_24_tablet et_flex_column_24_24_phone\"><div class=\"et_pb_pricing_heading\"><h2 class=\"et_pb_pricing_title\">Small<\/h2><span class=\"et_pb_best_value\">pro Raum \/ Monat (bei j\u00e4hrlicher Abrechnung) *<\/span><\/div><div class=\"et_pb_pricing_content_top\"><div class=\"et_pb_et_price\"><span class=\"et_pb_dollar_sign\">\u20ac<\/span><span class=\"et_pb_sum\">17,95<\/span><\/div><\/div><div class=\"et_pb_pricing_content\"><ul class=\"et_pb_pricing\"><li><span> Inkl. <strong>10 Teilnehmer*<\/strong><\/span><\/li><li><span> <strong>Flat<\/strong> Telefonkonferenzen<\/span><\/li><li><span> <strong>Flat<\/strong> Telefonkonferenz-Dauer<\/span><\/li><li><span> Moderator PIN<\/span><\/li><li><span> Online-Pr\u00e4sentationen<\/span><\/li><li><span> Websteuerung<\/span><\/li><li><span> Audioprotokoll MP3<\/span><\/li><li class=\"et_pb_not_available\"><span> Int. Einwahlnummern <strong>8,95 \u20ac<\/strong><\/span><\/li><li class=\"et_pb_not_available\"><span> Webkonferenz <strong>17,95 \u20ac<\/strong><\/span><\/li><\/ul><\/div><div class=\"et_pb_button_wrapper\"><a class=\"et_pb_button et_pb_pricing_table_button\" href=\"https:\/\/www.talkyoo.net\/de\/internal\/preisliste_get_account\/?article=small_v6_annually\">Jetzt kaufen<\/a><\/div><\/div><div class=\"et_pb_pricing_table_5 et_pb_pricing_table et_pb_module et_block_module et_flex_column_12_24 et_flex_column_12_24_tablet et_flex_column_24_24_phone\"><div class=\"et_pb_pricing_heading\"><h2 class=\"et_pb_pricing_title\">Medium<\/h2><span class=\"et_pb_best_value\">pro Raum \/ Monat (bei j\u00e4hrlicher Abrechnung) *<\/span><\/div><div class=\"et_pb_pricing_content_top\"><div class=\"et_pb_et_price\"><span class=\"et_pb_dollar_sign\">\u20ac<\/span><span class=\"et_pb_sum\">29,95<\/span><\/div><\/div><div class=\"et_pb_pricing_content\"><ul class=\"et_pb_pricing\"><li><span> Inkl. <strong>25 Teilnehmer*<\/strong><\/span><\/li><li><span> <strong>Flat<\/strong> Telefonkonferenzen<\/span><\/li><li><span> <strong>Flat<\/strong> Telefonkonferenz-Dauer<\/span><\/li><li><span> Moderator PIN<\/span><\/li><li><span> Online-Pr\u00e4sentationen<\/span><\/li><li><span> Websteuerung<\/span><\/li><li><span> Audioprotokoll MP3<\/span><\/li><li class=\"et_pb_not_available\"><span> Int. Einwahlnummern <strong>17,95 \u20ac<\/strong><\/span><\/li><li class=\"et_pb_not_available\"><span> Webkonferenz <strong>27,49 \u20ac<\/strong><\/span><\/li><\/ul><\/div><div class=\"et_pb_button_wrapper\"><a class=\"et_pb_button et_pb_pricing_table_button\" href=\"https:\/\/www.talkyoo.net\/de\/internal\/preisliste_get_account\/?article=medium_v6_annually\">Jetzt kaufen<\/a><\/div><\/div><div class=\"et_pb_pricing_table_6 et_pb_pricing_table et_pb_featured_table et_pb_module et_block_module et_flex_column_12_24 et_flex_column_12_24_tablet et_flex_column_24_24_phone\"><div class=\"et_pb_pricing_heading\"><h2 class=\"et_pb_pricing_title\">Large<\/h2><span class=\"et_pb_best_value\">pro Raum \/ Monat (bei j\u00e4hrlicher Abrechnung) *<\/span><\/div><div class=\"et_pb_pricing_content_top\"><div class=\"et_pb_et_price\"><span class=\"et_pb_dollar_sign\">\u20ac<\/span><span class=\"et_pb_sum\">54,95<\/span><\/div><\/div><div class=\"et_pb_pricing_content\"><ul class=\"et_pb_pricing\"><li><span> Inkl. <strong>50 Teilnehmer*<\/strong><\/span><\/li><li><span> <strong>Flat<\/strong> Telefonkonferenzen<\/span><\/li><li><span> <strong>Flat<\/strong> Telefonkonferenz-Dauer<\/span><\/li><li><span> Moderator PIN<\/span><\/li><li><span> Online-Pr\u00e4sentationen<\/span><\/li><li><span> Websteuerung<\/span><\/li><li><span> Audioprotokoll MP3<\/span><\/li><li class=\"et_pb_not_available\"><span> Int. Einwahlnummern <strong>27,49 \u20ac<\/strong><\/span><\/li><li class=\"et_pb_not_available\"><span> Webkonferenz <strong>31,95 \u20ac<\/strong><\/span><\/li><\/ul><\/div><div class=\"et_pb_button_wrapper\"><a class=\"et_pb_button et_pb_pricing_table_button\" href=\"https:\/\/www.talkyoo.net\/de\/internal\/preisliste_get_account\/?article=large_v6_annually\">Jetzt kaufen<\/a><\/div><\/div><div class=\"et_pb_pricing_table_7 et_pb_pricing_table et_pb_module et_block_module et_flex_column_12_24 et_flex_column_12_24_tablet et_flex_column_24_24_phone\"><div class=\"et_pb_pricing_heading\"><h2 class=\"et_pb_pricing_title\">X-Large<\/h2><span class=\"et_pb_best_value\">pro Raum \/ Monat (bei j\u00e4hrlicher Abrechnung) *<\/span><\/div><div class=\"et_pb_pricing_content_top\"><div class=\"et_pb_et_price\"><span class=\"et_pb_dollar_sign\">\u20ac<\/span><span class=\"et_pb_sum\">173,95<\/span><\/div><\/div><div class=\"et_pb_pricing_content\"><ul class=\"et_pb_pricing\"><li><span> Inkl. <strong>100 Teilnehmer*<\/strong><\/span><\/li><li><span> <strong>Flat<\/strong> Telefonkonferenzen<\/span><\/li><li><span> <strong>Flat<\/strong> Telefonkonferenz-Dauer<\/span><\/li><li><span> Moderator PIN<\/span><\/li><li><span> Online-Pr\u00e4sentationen<\/span><\/li><li><span> Websteuerung<\/span><\/li><li><span> Audioprotokoll MP3<\/span><\/li><li><span> Int. Einwahlnummern<\/span><\/li><li><span> Webkonferenz<\/span><\/li><\/ul><\/div><div class=\"et_pb_button_wrapper\"><a class=\"et_pb_button et_pb_pricing_table_button\" href=\"https:\/\/www.talkyoo.net\/de\/internal\/preisliste_get_account\/?article=xlarge_v6_annually\">Jetzt kaufen<\/a><\/div><\/div><\/div><\/div><\/div><div class=\"et_pb_row_5 et_pb_row et_block_row\"><div class=\"et_pb_column_6 et_pb_column et_pb_column_1_5 et_block_column et_pb_column_empty et_pb_css_mix_blend_mode_passthrough\"><\/div><div class=\"et_pb_column_7 et_pb_column et_pb_column_3_5 et_block_column et_pb_css_mix_blend_mode_passthrough\"><div class=\"et_pb_text_5 et_pb_text et_pb_bg_layout_light et_pb_module et_block_module et_pb_text_align_center\"><div class=\"et_pb_text_inner\"><p>*\u00a0Zus\u00e4tzliche Teilnehmer werden nicht abgewiesen. Erweiterter Zugang zur Konferenz f\u00fcr nur 1,95 \u20ac pro Teilnehmer. (Unabh\u00e4ngig von der Konferenzdauer). Alle Preise inklusive Mehrwertsteuer.<\/p>\n<\/div><\/div><\/div><div class=\"et_pb_column_8 et_pb_column et_pb_column_1_5 et-last-child et_block_column et_pb_column_empty et_pb_css_mix_blend_mode_passthrough\"><\/div><\/div><\/div><div class=\"et_pb_section_2 et_pb_section et_section_regular et_block_section\"><div class=\"et_pb_row_6 et_pb_row et_block_row\"><div class=\"et_pb_column_9 et_pb_column et_pb_column_4_4 et-last-child et_block_column et_pb_css_mix_blend_mode_passthrough\"><div class=\"et_pb_text_6 et_pb_text et_pb_bg_layout_light et_pb_module et_block_module\"><div class=\"et_pb_text_inner\"><h2>Unsere Zusatzfunktionen<\/h2>\n<\/div><\/div><\/div><\/div><div class=\"et_pb_row_7 et_pb_row et_block_row\"><div class=\"et_pb_column_10 et_pb_column et_pb_column_1_2 et_block_column et_pb_css_mix_blend_mode_passthrough\"><div class=\"et_pb_blurb_0 et_pb_blurb et_pb_bg_layout_light et_pb_blurb_position_left et_pb_module et_block_module\"><div class=\"et_pb_blurb_content\"><div class=\"et_pb_blurb_container\"><div class=\"et_pb_blurb_description\"><p><strong>Websteuerung<\/strong><br \/> Steuern Sie Ihre Telefonkonferenz ganz bequem \u00fcber unsere Website. Sie sehen wer Ihrer Telefonkonferenz beitritt, k\u00f6nnen den Konferenzraum abschlie\u00dfen und <a href=\"https:\/\/www.talkyoo.net\/telefonkonferenz_websteuerung\/\">vieles mehr. <\/a><\/p>\n<p>Preis pro Raum\/Monat <span style=\"color: #226ca0;\" class=\"pull-right \"><strong>Inklusive<\/strong><\/span><\/p>\n<\/div><\/div><\/div><\/div><div class=\"et_pb_blurb_1 et_pb_blurb et_pb_bg_layout_light et_pb_blurb_position_left et_pb_module et_block_module\"><div class=\"et_pb_blurb_content\"><div class=\"et_pb_blurb_container\"><div class=\"et_pb_blurb_description\"><p><strong>Internationale Einwahlnummern<\/strong><br \/> Nutzen Sie unsere <a href=\"https:\/\/www.talkyoo.net\/telefonkonferenz_internationale_rufnummern\/\" title=\"Internationale Einwahlnummern f\u00fcrs Festnetz\">internationalen Festnetz-Einwahlnummern<\/a> f\u00fcr Ihre Telefonkonferenz. So k\u00f6nnen Ihre Teilnehmer lokale Einwahlrufnummern nutzen, ohne teure Ferngespr\u00e4che nach Deutschland zu f\u00fchren.<\/p>\n<table border=\"0\" style=\"border-color: transparent; margin-top: 20px;\">\n<tbody>\n<tr>\n<td><strong>Preis pro Raum\/Monat<\/strong><br \/> <small>inkl. MwSt.<\/small><\/td>\n<td><span class=\"lowest-option-price to-toggle\"><br \/> <span class=\"hide\"><br \/> <b><small>ab<\/small> 8,95 \u20ac<\/b><br \/> <\/span><br \/> <span class=\"show\"><br \/> <b><small>ab<\/small> 9,95 \u20ac<\/b><br \/> <\/span><br \/> <\/span><\/td>\n<\/tr>\n<\/tbody>\n<\/table>\n<\/div><\/div><\/div><\/div><div class=\"et_pb_blurb_2 et_pb_blurb et_pb_bg_layout_light et_pb_blurb_position_left et_pb_module et_block_module\"><div class=\"et_pb_blurb_content\"><div class=\"et_pb_blurb_container\"><div class=\"et_pb_blurb_description\"><p><strong> Webkonferenz <\/strong><br \/> Erweitern Sie Ihre Telefonkonferenz zu einer <a href=\"https:\/\/www.talkyoo.net\/telefonkonferenz_webkonferenz\/\" title=\"Webkonferenz &amp; Telefonkonferenz\">Webkonferenz<\/a>. Zeigen Sie Ihren Bildschirm, Programme - Desktop Sharing oder Webinar sind jetzt m\u00f6glich.<\/p>\n<table border=\"0\" style=\"border-color: transparent; margin-top: 20px;\">\n<tbody>\n<tr>\n<td><strong>Preis pro Raum\/Monat<\/strong><br \/> <small>inkl. MwSt.<\/small><\/td>\n<td><span class=\"lowest-option-price to-toggle\"><br \/> <span class=\"hide\"><br \/> <b><small>ab<\/small> 17,95 \u20ac<\/b><br \/> <\/span><br \/> <span class=\"show\"><br \/> <b><small>ab<\/small> 19,95 \u20ac<\/b><br \/> <\/span><br \/> <\/span><\/td>\n<\/tr>\n<\/tbody>\n<\/table>\n<\/div><\/div><\/div><\/div><\/div><div class=\"et_pb_column_11 et_pb_column et_pb_column_1_2 et-last-child et_block_column et_pb_css_mix_blend_mode_passthrough\"><div class=\"et_pb_blurb_3 et_pb_blurb et_pb_bg_layout_light et_pb_blurb_position_left et_pb_module et_block_module\"><div class=\"et_pb_blurb_content\"><div class=\"et_pb_blurb_container\"><div class=\"et_pb_blurb_description\"><p><strong>Audioprotokoll MP3<\/strong><br \/>\nAuf Wunsch werden Ihre Konferenzen von unserem System mitgeschnitten. Diesen Mitschnitt k\u00f6nnen Sie sich nach der Konferenz von unserer Webseite als MP3-Datei innerhalb von 30 Tagen herunter laden.<\/p>\n<p>Preis pro Raum\/Monat <span style=\"color: #226CA0;\" class=\"pull-right \"><strong>Inklusive<\/strong><\/span><\/p>\n<\/div><\/div><\/div><\/div><div class=\"et_pb_blurb_4 et_pb_blurb et_pb_bg_layout_light et_pb_blurb_position_left et_pb_module et_block_module\"><div class=\"et_pb_blurb_content\"><div class=\"et_pb_blurb_container\"><div class=\"et_pb_blurb_description\"><h5><strong>Kein Teilnehmer wird abgewiesen.<\/strong><\/h5>\n<p><span>Sollten sich mehr Personen in eine Ihrer Konferenzen einw\u00e4hlen als Ihr Konferenzraum gro\u00df ist, wird nat\u00fcrlich keiner ihrer Gespr\u00e4chspartner abgewiesen<\/span><\/p>\n<table border=\"0\" style=\"border-color: transparent; margin-top: 20px;\">\n<tbody>\n<tr>\n<td><strong>Pro Teilnehmer\/Konferenz\/einmalig<\/strong><br \/> <small>inkl. MwSt.<\/small><\/td>\n<td><span class=\"lowest-option-price\"><br \/> <span><b>1,95 \u20ac<\/b><\/span><\/span><\/td>\n<\/tr>\n<\/tbody>\n<\/table>\n<\/div><\/div><\/div><\/div><\/div><\/div><div class=\"et_pb_row_8 et_pb_row et_block_row\"><div class=\"et_pb_column_12 et_pb_column et_pb_column_1_2 et_block_column et_pb_css_mix_blend_mode_passthrough\"><div class=\"et_pb_text_7 et_pb_text et_pb_bg_layout_light et_pb_module et_block_module\"><div class=\"et_pb_text_inner\"><h2 class=\"h2plusborder\">Kann ich jederzeit mein Paket \u00e4ndern?<\/h2>\n<p>Ja. Wechseln Sie auf ein gr\u00f6\u00dferes Paket, schalten wir die Leistungen und Funktionen sofort frei. Die Abrechnung erfolgt am Tag des Wechsels. L\u00e4uft Ihr Sparpaket noch einige Tage? Das macht nichts. Die Restlaufzeit wird Ihnen tagesgenau gutgeschrieben.<br \/> Der Wechsel in ein kleineres Paket erfolgt zum Ende des bestehenden Vertrags. Ein Wechsel ist bis zum letzten Tag der Vertragslaufzeit m\u00f6glich.<\/p>\n<\/div><\/div><div class=\"et_pb_text_8 et_pb_text et_pb_bg_layout_light et_pb_module et_block_module\"><div class=\"et_pb_text_inner\"><h2 class=\"h2plusborder\">Was passiert wenn mehr Teilnehmer anrufen?<\/h2>\n<p>Kein Problem! Ab dem Paket Small kommt jeder extra Teilnehmer f\u00fcr nur 1,95 \u20ac pro Konferenz in den Raum. Der Betrag wird am Ende der Telefonkonferenz abgebucht.<\/p>\n<\/div><\/div><div class=\"et_pb_text_9 et_pb_text et_pb_bg_layout_light et_pb_module et_block_module\"><div class=\"et_pb_text_inner\"><h2 class=\"h2plusborder\">Was bedeutet Flat-Konferenzdauer?<\/h2>\n<p>Wir rechnen nicht minutenweise ab. Sie bezahlen bei uns einmal und k\u00f6nnen solange konferieren, wie Sie m\u00f6chten.<\/p>\n<\/div><\/div><\/div><div class=\"et_pb_column_13 et_pb_column et_pb_column_1_2 et-last-child et_block_column et_pb_css_mix_blend_mode_passthrough\"><div class=\"et_pb_text_10 et_pb_text et_pb_bg_layout_light et_pb_module et_block_module\"><div class=\"et_pb_text_inner\"><h2 class=\"h2plusborder\">Muss ich einen Langzeitvertrag unterschreiben?<\/h2>\n<p>Nein. Sie haben die Wahl. Die Vertr\u00e4ge laufen einen Monat oder ein Jahr. Die R\u00e4ume sind jederzeit mit einem \"Klick\" k\u00fcndbar. Es gibt keine K\u00fcndigungsfrist. Sie k\u00f6nnen bis zum letzten Tag den Vertrag beenden. <\/p>\n<p>Hierzu melden Sie sich auf talkyoo.net an, w\u00e4hlen unter \"meine R\u00e4ume\" \"Vertragsinformationen\" aus und klicken auf \"Raum k\u00fcndigen\" klicken. <br \/>Ansonsten verl\u00e4ngert sich Ihr Vertrag automatisch.<\/p>\n<\/div><\/div><div class=\"et_pb_text_11 et_pb_text et_pb_bg_layout_light et_pb_module et_block_module\"><div class=\"et_pb_text_inner\"><h2 class=\"h2plusborder\">Welche Zahlungsarten akzeptieren Sie?<\/h2>\n<p>Im Moment akzeptieren wir Lastschriften, Visa, Mastercard, American Express. Rechnungskauf f\u00fcr Unternehmen.<\/p>\n<\/div><\/div><div class=\"et_pb_text_12 et_pb_text et_pb_bg_layout_light et_pb_module et_block_module\"><div class=\"et_pb_text_inner\"><h2 class=\"h2plusborder\">Was zahlen meine Telefonkonferenz-Teilnehmer?<\/h2>\n<p>Ihre Telefonkonferenzteilnehmer zahlen nichts f\u00fcr die Telefonkonferenz <a href=\"https:\/\/www.talkyoo.net\/telefonkonferenz_widerruf_kleingedrucktes\/\" title=\"Kosten einer Telefonkonferenz mit Festnetz-Flatrate\"><sup>(1)<\/sup><\/a>.<\/p>\n<\/div><\/div><\/div><\/div><\/div>","protected":false},"excerpt":{"rendered":"","protected":false},"author":4,"featured_media":0,"parent":26,"menu_order":0,"comment_status":"closed","ping_status":"closed","template":"","meta":{"footnotes":""},"class_list":["post-28","page","type-page","status-publish","hentry"],"_links":{"self":[{"href":"https:\/\/www.talkyoo.net\/de\/wp-json\/wp\/v2\/pages\/28","targetHints":{"allow":["GET"]}}],"collection":[{"href":"https:\/\/www.talkyoo.net\/de\/wp-json\/wp\/v2\/pages"}],"about":[{"href":"https:\/\/www.talkyoo.net\/de\/wp-json\/wp\/v2\/types\/page"}],"author":[{"embeddable":true,"href":"https:\/\/www.talkyoo.net\/de\/wp-json\/wp\/v2\/users\/4"}],"replies":[{"embeddable":true,"href":"https:\/\/www.talkyoo.net\/de\/wp-json\/wp\/v2\/comments?post=28"}],"version-history":[{"count":8,"href":"https:\/\/www.talkyoo.net\/de\/wp-json\/wp\/v2\/pages\/28\/revisions"}],"predecessor-version":[{"id":5184,"href":"https:\/\/www.talkyoo.net\/de\/wp-json\/wp\/v2\/pages\/28\/revisions\/5184"}],"up":[{"embeddable":true,"href":"https:\/\/www.talkyoo.net\/de\/wp-json\/wp\/v2\/pages\/26"}],"wp:attachment":[{"href":"https:\/\/www.talkyoo.net\/de\/wp-json\/wp\/v2\/media?parent=28"}],"curies":[{"name":"wp","href":"https:\/\/api.w.org\/{rel}","templated":true}]}}