{"id":30,"date":"2019-08-22T11:45:09","date_gmt":"2019-08-22T11:45:09","guid":{"rendered":"https:\/\/www.talkyoo.net\/?page_id=30"},"modified":"2020-10-15T13:24:47","modified_gmt":"2020-10-15T12:24:47","slug":"sofort_telefonkonferenz","status":"publish","type":"page","link":"https:\/\/www.talkyoo.net\/de\/preisliste\/sofort_telefonkonferenz\/","title":{"rendered":"Eine spontane und kurzfristige Telefonkonferenz &#8211; die talkyoo Sofort-Konferenzen"},"content":{"rendered":"<p>[et_pb_section fb_built=&#8220;1&#8243; _builder_version=&#8220;4.4.7&#8243; custom_padding=&#8220;2px|||||&#8220; da_disable_devices=&#8220;off|off|off&#8220; da_is_popup=&#8220;off&#8220; da_exit_intent=&#8220;off&#8220; da_has_close=&#8220;on&#8220; da_alt_close=&#8220;off&#8220; da_dark_close=&#8220;off&#8220; da_not_modal=&#8220;on&#8220; da_is_singular=&#8220;off&#8220; da_with_loader=&#8220;off&#8220; da_has_shadow=&#8220;on&#8220;][et_pb_row _builder_version=&#8220;4.4.7&#8243;][et_pb_column type=&#8220;4_4&#8243; _builder_version=&#8220;4.4.7&#8243;][et_pb_text _builder_version=&#8220;4.4.7&#8243; header_font_size=&#8220;33px&#8220;]<\/p>\n<h1>Eine spontane und kurzfristige Telefonkonferenz \u2013 die talkyoo Sofort-Konferenzen<\/h1>\n<p>[\/et_pb_text][\/et_pb_column][\/et_pb_row][et_pb_row column_structure=&#8220;3_5,2_5&#8243; _builder_version=&#8220;4.4.7&#8243;][et_pb_column type=&#8220;3_5&#8243; _builder_version=&#8220;4.4.7&#8243;][et_pb_pricing_tables featured_table_excluded_text_color=&#8220;#428bca&#8220; _builder_version=&#8220;4.4.8&#8243; excluded_text_color=&#8220;#428bca&#8220; header_font_size=&#8220;20px&#8220; body_font_size=&#8220;15px&#8220; price_font=&#8220;|600|||||||&#8220; price_text_align=&#8220;center&#8220; currency_frequency_letter_spacing=&#8220;5px&#8220; max_width=&#8220;100%&#8220; max_width_tablet=&#8220;&#8220; max_width_phone=&#8220;100%&#8220; max_width_last_edited=&#8220;on|desktop&#8220; module_alignment=&#8220;center&#8220; hover_enabled=&#8220;0&#8243; module_alignment_tablet=&#8220;&#8220; module_alignment_phone=&#8220;&#8220; module_alignment_last_edited=&#8220;on|phone&#8220; custom_css_pricing_button=&#8220;margin: 15px auto;&#8220; global_module=&#8220;1754&#8243; saved_tabs=&#8220;all&#8220; sticky_enabled=&#8220;0&#8243;][et_pb_pricing_table title=&#8220;Sofortkonferenz&#8220; subtitle=&#8220;pro Min.\/Teilnehmer inkl. MwSt.&#8220; currency=&#8220;\u20ac&#8220; sum=&#8220;0,09&#8243; button_url=&#8220;https:\/\/www.talkyoo.net\/de\/internal\/preisliste_get_account\/?article=instant&#8220; button_text=&#8220;Jetzt kaufen&#8220; price_background_color=&#8220;#3a3d48&#8243; header_background_color=&#8220;#3a3d48&#8243; _builder_version=&#8220;4.4.8&#8243; price_text_color=&#8220;#ffffff&#8220; header_text_align=&#8220;center&#8220; header_font_size=&#8220;24px&#8220; header_letter_spacing=&#8220;0px&#8220; body_font=&#8220;|300|||||||&#8220; body_line_height=&#8220;0.8em&#8220; subheader_text_color=&#8220;#b3b3b3&#8243; subheader_font_size=&#8220;14px&#8220; subheader_line_height=&#8220;1em&#8220; price_font_size=&#8220;50px&#8220; price_line_height=&#8220;25px&#8220; currency_frequency_text_color=&#8220;#b3b3b3&#8243; currency_frequency_font_size=&#8220;24px&#8220; currency_frequency_line_height=&#8220;0.5em&#8220; custom_button=&#8220;on&#8220; custom_padding=&#8220;|25px|15px|25px|false|true&#8220; custom_css_currency=&#8220;margin-left: -15px;&#8220; border_radii=&#8220;on|15px|15px|15px|15px&#8220; custom_css_currency__hover_enabled=&#8220;off|desktop&#8220; sticky_transition=&#8220;on&#8220;]<\/p>\n<p>+ Unbegrenzt viele Telefonkonferenzen<br \/> + Unbegrenzte Telefonkonferenz-Dauer<br \/> + Moderator PIN<br \/> + Online-Pr\u00e4sentationen<br \/> + Websteuerung<br \/> + Audioprotokoll MP3<br \/> + Int. Einwahlnummern<br \/> &#8211; Webkonferenz<\/p>\n<p>[\/et_pb_pricing_table][et_pb_pricing_table title=&#8220;Sofortkonferenz mit Webkonferenz&#8220; subtitle=&#8220;pro Min.\/Teilnehmer inkl. MwSt.&#8220; currency=&#8220;\u20ac&#8220; sum=&#8220;0,12&#8243; button_url=&#8220;https:\/\/www.talkyoo.net\/de\/internal\/preisliste_get_account\/?article=instant_with_showyoo&#8220; button_text=&#8220;Jetzt kaufen&#8220; price_background_color=&#8220;#3a3d48&#8243; header_background_color=&#8220;#3a3d48&#8243; _builder_version=&#8220;4.4.8&#8243; price_text_color=&#8220;#ffffff&#8220; header_text_align=&#8220;center&#8220; header_font_size=&#8220;24px&#8220; header_letter_spacing=&#8220;0px&#8220; body_font=&#8220;|300|||||||&#8220; body_line_height=&#8220;0.8em&#8220; subheader_text_color=&#8220;#b3b3b3&#8243; subheader_font_size=&#8220;14px&#8220; subheader_line_height=&#8220;1em&#8220; price_font_size=&#8220;50px&#8220; price_line_height=&#8220;25px&#8220; currency_frequency_text_color=&#8220;#b3b3b3&#8243; currency_frequency_font_size=&#8220;24px&#8220; currency_frequency_line_height=&#8220;0.5em&#8220; custom_button=&#8220;on&#8220; custom_padding=&#8220;|25px|15px|25px|false|true&#8220; custom_css_currency=&#8220;margin-left: -15px;&#8220; border_radii=&#8220;on|15px|15px|15px|15px&#8220; sticky_transition=&#8220;on&#8220;]<\/p>\n<p>+ Unbegrenzt viele Telefonkonferenzen<br \/> + Unbegrenzte Telefonkonferenz-Dauer<br \/> + Moderator PIN<br \/> + Online-Pr\u00e4sentationen<br \/> + Websteuerung<br \/> + Audioprotokoll MP3<br \/> + Int. Einwahlnummern<br \/> + Webkonferenz<\/p>\n<p>[\/et_pb_pricing_table][\/et_pb_pricing_tables][\/et_pb_column][et_pb_column type=&#8220;2_5&#8243; _builder_version=&#8220;4.4.7&#8243;][et_pb_text _builder_version=&#8220;4.4.8&#8243; text_font=&#8220;|300|||||||&#8220;]<\/p>\n<p>Wenn Sie eine <a href=\"https:\/\/www.talkyoo.net\/\">Telefonkonferenz<\/a> sofort und ohne gro\u00dfen Aufwand f\u00fchren m\u00f6chten, dann ist die Sofort-Telefonkonferenz von talkyoo genau das Richtige f\u00fcr Sie. Sie zahlen nur 9 Cent pro Minute und Teilnehmer, erhalten daf\u00fcr aber den vollen Umfang unserer Funktionen.<\/p>\n<p>Einfach buchen und die Telefonkonferenz sofort starten \u2013 und das alles ohne feste Vertragslaufzeit.<\/p>\n<ul class=\"product-benefits\">\n<li>Sie k\u00f6nnen Ihre Telefonkonferenz sofort nach der Buchung starten<\/li>\n<li>Ihnen stehen <a href=\"https:\/\/www.talkyoo.net\/2400-kanaele-stehen-fuer-ihre-telefonkonferenzen-auf-talkyoo-bereit\/\">2400 Telefonleitungen<\/a> zur Verf\u00fcgung<\/li>\n<li>Teure Service-Nummern entfallen: Hierf\u00fcr k\u00f6nnen Sie lokale Einwahl-Rufnummern im deutschen Festnetz und im Ausland w\u00e4hlen<\/li>\n<li><a href=\"https:\/\/www.talkyoo.net\/telefonkonferenz_online_praesentation\/\">Online-Pr\u00e4sentationen<\/a> lassen sich einfach in die Telefonkonferenz einbinden<\/li>\n<li>talkyoo bietet Ihnen einen gro\u00dfen Umfang an Sicherheits-Systemen<\/li>\n<li>Es entstehen <a href=\"https:\/\/www.talkyoo.net\/telefonkonferenz_widerruf_kleingedrucktes\/#kostenlos-bei-festnetz-flat\">keine zus\u00e4tzlichen Kosten f\u00fcr Ihre Konferenz-Teilnehmer<\/a><\/li>\n<li>Sie erhalten eine feste Raumnummer<\/li>\n<li>Keine vertragliche Mindestlaufzeit<\/li>\n<li>Kosten: 0,09 Euro pro Minuten und Teilnehmer (inkl. MwSt.)<\/li>\n<\/ul>\n<p>[\/et_pb_text][\/et_pb_column][\/et_pb_row][et_pb_row _builder_version=&#8220;4.4.7&#8243;][et_pb_column type=&#8220;4_4&#8243; _builder_version=&#8220;4.4.7&#8243;][et_pb_text _builder_version=&#8220;4.4.7&#8243; text_font=&#8220;|300|||||||&#8220;]<\/p>\n<div class=\"page-header text-center\">\n<h2>So f\u00fchren Sie Ihre Telefonkonferenz sofort und einfach<\/h2>\n<\/div>\n<p>Nachdem Sie sich mit Ihrer E-Mail Adresse bei uns registriert haben, erhalten Sie nach der Buchung direkt alle wichtigen Informationen von uns.<\/p>\n<p>Wenn Sie merken, dass Sie auf Dauer regelm\u00e4\u00dfig oder mit vielen Teilnehmern Telefonkonferenzen f\u00fchren, k\u00f6nnen Sie mit einem Sparpaket die <a href=\"https:\/\/www.talkyoo.net\/preisliste\/spar_pakete\/?monthly=false\">Kosten senken<\/a>. Sie haben jederzeit die M\u00f6glichkeit ein Sparpaket zu buchen. Die damit verbundenen Leistungen werden umgehend f\u00fcr Sie freigeschaltet.<\/p>\n<p>[\/et_pb_text][\/et_pb_column][\/et_pb_row][\/et_pb_section]<\/p>\n","protected":false},"excerpt":{"rendered":"<p>Eine spontane und kurzfristige Telefonkonferenz \u2013 die talkyoo Sofort-Konferenzen+ Unbegrenzt viele Telefonkonferenzen + Unbegrenzte Telefonkonferenz-Dauer + Moderator PIN + Online-Pr\u00e4sentationen + Websteuerung + Audioprotokoll MP3 + Int. Einwahlnummern &#8211; Webkonferenz+ Unbegrenzt viele Telefonkonferenzen + Unbegrenzte Telefonkonferenz-Dauer + Moderator PIN + Online-Pr\u00e4sentationen + Websteuerung + Audioprotokoll MP3 + Int. Einwahlnummern + WebkonferenzWenn Sie eine Telefonkonferenz sofort [&hellip;]<\/p>\n","protected":false},"author":4,"featured_media":0,"parent":26,"menu_order":1,"comment_status":"closed","ping_status":"closed","template":"","meta":{"_et_pb_use_builder":"on","_et_pb_old_content":"","_et_gb_content_width":"","footnotes":""},"class_list":["post-30","page","type-page","status-publish","hentry"],"_links":{"self":[{"href":"https:\/\/www.talkyoo.net\/de\/wp-json\/wp\/v2\/pages\/30","targetHints":{"allow":["GET"]}}],"collection":[{"href":"https:\/\/www.talkyoo.net\/de\/wp-json\/wp\/v2\/pages"}],"about":[{"href":"https:\/\/www.talkyoo.net\/de\/wp-json\/wp\/v2\/types\/page"}],"author":[{"embeddable":true,"href":"https:\/\/www.talkyoo.net\/de\/wp-json\/wp\/v2\/users\/4"}],"replies":[{"embeddable":true,"href":"https:\/\/www.talkyoo.net\/de\/wp-json\/wp\/v2\/comments?post=30"}],"version-history":[{"count":7,"href":"https:\/\/www.talkyoo.net\/de\/wp-json\/wp\/v2\/pages\/30\/revisions"}],"predecessor-version":[{"id":3766,"href":"https:\/\/www.talkyoo.net\/de\/wp-json\/wp\/v2\/pages\/30\/revisions\/3766"}],"up":[{"embeddable":true,"href":"https:\/\/www.talkyoo.net\/de\/wp-json\/wp\/v2\/pages\/26"}],"wp:attachment":[{"href":"https:\/\/www.talkyoo.net\/de\/wp-json\/wp\/v2\/media?parent=30"}],"curies":[{"name":"wp","href":"https:\/\/api.w.org\/{rel}","templated":true}]}}