{"id":33,"date":"2019-08-22T11:45:59","date_gmt":"2019-08-22T11:45:59","guid":{"rendered":"https:\/\/www.talkyoo.net\/?page_id=33"},"modified":"2020-11-23T16:24:14","modified_gmt":"2020-11-23T15:24:14","slug":"produkt_auswahl","status":"publish","type":"page","link":"https:\/\/www.talkyoo.net\/de\/preisliste\/produkt_auswahl\/","title":{"rendered":"Produkt Auswahl"},"content":{"rendered":"<p>[et_pb_section fb_built=&#8220;1&#8243; _builder_version=&#8220;3.27.3&#8243; da_disable_devices=&#8220;off|off|off&#8220; da_is_popup=&#8220;off&#8220; da_exit_intent=&#8220;off&#8220; da_has_close=&#8220;on&#8220; da_alt_close=&#8220;off&#8220; da_dark_close=&#8220;off&#8220; da_not_modal=&#8220;on&#8220; da_is_singular=&#8220;off&#8220; da_with_loader=&#8220;off&#8220; da_has_shadow=&#8220;on&#8220;][et_pb_row _builder_version=&#8220;4.7.3&#8243; _module_preset=&#8220;default&#8220;][et_pb_column _builder_version=&#8220;4.7.3&#8243; _module_preset=&#8220;default&#8220; type=&#8220;4_4&#8243;][et_pb_text _builder_version=&#8220;4.7.3&#8243; _module_preset=&#8220;default&#8220; hover_enabled=&#8220;0&#8243; sticky_enabled=&#8220;0&#8243;]<\/p>\n<h1>W\u00e4hlen Sie die\u00a0<span>nut\u00adzungs\u00adab\u00adh\u00e4n\u00adgige, monatliche oder j\u00e4hrliche Abrechnung Ihrer Telefonkonferenz<\/span><\/h1>\n<p>[\/et_pb_text][\/et_pb_column][\/et_pb_row][et_pb_row column_structure=&#8220;1_3,1_3,1_3&#8243; use_custom_gutter=&#8220;on&#8220; gutter_width=&#8220;2&#8243; _builder_version=&#8220;4.4.1&#8243;][et_pb_column type=&#8220;1_3&#8243; _builder_version=&#8220;4.4.1&#8243; border_radii=&#8220;on|8px|8px|8px|8px&#8220; border_width_all=&#8220;1px&#8220;][et_pb_text _builder_version=&#8220;4.4.1&#8243; header_2_text_color=&#8220;#ffffff&#8220; header_2_line_height=&#8220;1.35em&#8220; header_3_text_color=&#8220;#ffffff&#8220; background_color=&#8220;#88ac1a&#8220; custom_margin=&#8220;||0px||false|false&#8220; custom_padding=&#8220;5px|15px|10px|20px|false|false&#8220;]<\/p>\n<h2>Ich lade nur <strong>selten<\/strong> zu einer Telefon\u00adkonferenz ein.<\/h2>\n<p>[\/et_pb_text][et_pb_text ul_position=&#8220;inside&#8220; _builder_version=&#8220;4.4.1&#8243; text_font_size=&#8220;15px&#8220; custom_margin=&#8220;0px||0px||false|false&#8220; custom_padding=&#8220;25px|20px|10px|20px|false|true&#8220; border_width_top=&#8220;0px&#8220; border_width_bottom=&#8220;0px&#8220;]<\/p>\n<p>Telefonkonferenz f\u00fchren und danach bezahlen. Viele Zusatzfunktionen inklusive.<\/p>\n<ul>\n<li>Websteuerung inklusive<\/li>\n<li>MP3-Mitschnitt inklusive<\/li>\n<li>int. Einwahlnummern inklusive<\/li>\n<li>Webkonferenz hinzubuchbar<\/li>\n<\/ul>\n<p>[\/et_pb_text][et_pb_text _builder_version=&#8220;4.4.8&#8243; text_font=&#8220;|300|||||||&#8220; text_font_size=&#8220;12px&#8220; header_4_text_align=&#8220;center&#8220; header_4_font_size=&#8220;42px&#8220; text_orientation=&#8220;center&#8220; custom_margin=&#8220;0px||0px||false|false&#8220; custom_padding=&#8220;5px||10px||false|false&#8220; border_width_top=&#8220;0px&#8220; border_width_bottom=&#8220;0px&#8220;]<\/p>\n<h4><small>ab<\/small>\u00a00,09 \u20ac<\/h4>\n<p><span>*pro Min.\/Teilnehmer inkl. MwSt.<\/span><\/p>\n<p>[\/et_pb_text][et_pb_button button_url=&#8220;https:\/\/www.talkyoo.net\/preisliste\/sofort_telefonkonferenz&#8220; button_text=&#8220;Mehr Information&#8220; button_alignment=&#8220;center&#8220; _builder_version=&#8220;4.4.1&#8243; custom_button=&#8220;on&#8220; button_text_size=&#8220;16px&#8220; custom_margin=&#8220;15px||30px||false|false&#8220;][\/et_pb_button][\/et_pb_column][et_pb_column type=&#8220;1_3&#8243; _builder_version=&#8220;4.4.1&#8243; border_radii=&#8220;on|8px|8px|8px|8px&#8220; border_width_all=&#8220;1px&#8220;][et_pb_text _builder_version=&#8220;4.4.1&#8243; header_2_text_color=&#8220;#ffffff&#8220; header_2_line_height=&#8220;1.35em&#8220; header_3_text_color=&#8220;#ffffff&#8220; background_color=&#8220;#428bca&#8220; custom_margin=&#8220;||0px||false|false&#8220; custom_padding=&#8220;5px|15px|10px|20px|false|false&#8220;]<\/p>\n<h2 class=\"h2s2\">Ich veranstalte <strong>h\u00e4ufiger<\/strong> Telefon\u00adkonferenzen.<\/h2>\n<p>[\/et_pb_text][et_pb_text ul_position=&#8220;inside&#8220; _builder_version=&#8220;4.4.1&#8243; text_font_size=&#8220;15px&#8220; custom_margin=&#8220;0px||0px||false|false&#8220; custom_padding=&#8220;25px|20px|10px|20px|false|true&#8220; border_width_top=&#8220;0px&#8220; border_width_bottom=&#8220;0px&#8220;]<\/p>\n<p>F\u00fcr Ihre individuellen Telefonkonferenz-W\u00fcnsche, ohne Langzeitvertrag.<\/p>\n<ul>\n<li>Sparpakete ausnutzen<\/li>\n<li>Nur 1 Monat Laufzeit<\/li>\n<li>Zusatzfunktionen w\u00e4hlen<\/li>\n<\/ul>\n<p>[\/et_pb_text][et_pb_text _builder_version=&#8220;4.4.8&#8243; text_font=&#8220;|300|||||||&#8220; text_font_size=&#8220;12px&#8220; header_4_text_align=&#8220;center&#8220; header_4_font_size=&#8220;42px&#8220; text_orientation=&#8220;center&#8220; custom_margin=&#8220;0px||0px||false|false&#8220; custom_padding=&#8220;5px||10px||false|false&#8220; border_width_top=&#8220;0px&#8220; border_width_bottom=&#8220;0px&#8220;]<\/p>\n<h4><small>ab<\/small>\u00a019,95 \u20ac<\/h4>\n<p><span>*pro Raum\/Monat inkl. MwSt.<\/span><\/p>\n<p>[\/et_pb_text][et_pb_button button_url=&#8220;https:\/\/www.talkyoo.net\/preisliste\/spar_pakete\/&#8220; button_text=&#8220;Mehr Information&#8220; button_alignment=&#8220;center&#8220; _builder_version=&#8220;4.4.7&#8243; custom_button=&#8220;on&#8220; button_text_size=&#8220;16px&#8220; custom_margin=&#8220;15px||30px||false|false&#8220;][\/et_pb_button][\/et_pb_column][et_pb_column type=&#8220;1_3&#8243; _builder_version=&#8220;4.4.1&#8243; border_radii=&#8220;on|8px|8px|8px|8px&#8220; border_width_all=&#8220;1px&#8220;][et_pb_text _builder_version=&#8220;4.4.1&#8243; header_2_text_color=&#8220;#ffffff&#8220; header_2_line_height=&#8220;1.35em&#8220; header_3_text_color=&#8220;#ffffff&#8220; background_color=&#8220;#88ac1a&#8220; custom_margin=&#8220;||0px||false|false&#8220; custom_padding=&#8220;5px|15px|10px|20px|false|false&#8220;]<\/p>\n<h2 class=\"h2s2\">Ich veranstalte <strong>viele<\/strong> Telefon\u00adkonferenzen.<\/h2>\n<p>[\/et_pb_text][et_pb_text ul_position=&#8220;inside&#8220; _builder_version=&#8220;4.4.1&#8243; text_font_size=&#8220;15px&#8220; custom_margin=&#8220;0px||0px||false|false&#8220; custom_padding=&#8220;25px|20px|10px|20px|false|true&#8220; border_width_top=&#8220;0px&#8220; border_width_bottom=&#8220;0px&#8220;]<\/p>\n<p><span>1 Monat sparen mit unserem Jahresvertrag. Auch bei den Zusatzoptionen.<\/span><\/p>\n<ul>\n<li>Sparpakete ausnutzen<\/li>\n<li>Als Jahresvertrag<\/li>\n<li>Zusatzfunktionen w\u00e4hlen<\/li>\n<\/ul>\n<p>[\/et_pb_text][et_pb_text _builder_version=&#8220;4.4.8&#8243; text_font=&#8220;|300|||||||&#8220; text_font_size=&#8220;12px&#8220; header_4_text_align=&#8220;center&#8220; header_4_font_size=&#8220;42px&#8220; text_orientation=&#8220;center&#8220; custom_margin=&#8220;0px||0px||false|false&#8220; custom_padding=&#8220;5px||10px||false|false&#8220; border_width_top=&#8220;0px&#8220; border_width_bottom=&#8220;0px&#8220;]<\/p>\n<h4><small>ab<\/small>\u00a017,95 \u20ac<\/h4>\n<p>*pro Raum\/Monat inkl. MwSt.<\/p>\n<p>[\/et_pb_text][et_pb_button button_url=&#8220;https:\/\/www.talkyoo.net\/preisliste\/spar_pakete\/?monthly=false&#8220; button_text=&#8220;Mehr Information&#8220; button_alignment=&#8220;center&#8220; _builder_version=&#8220;4.4.7&#8243; custom_button=&#8220;on&#8220; button_text_size=&#8220;16px&#8220; custom_margin=&#8220;15px||30px||false|false&#8220;][\/et_pb_button][\/et_pb_column][\/et_pb_row][\/et_pb_section]<\/p>\n","protected":false},"excerpt":{"rendered":"<p>W\u00e4hlen Sie die\u00a0nut\u00adzungs\u00adab\u00adh\u00e4n\u00adgige, monatliche oder j\u00e4hrliche Abrechnung Ihrer Telefonkonferenz Ich lade nur selten zu einer Telefon\u00adkonferenz ein.Telefonkonferenz f\u00fchren und danach bezahlen. Viele Zusatzfunktionen inklusive. Websteuerung inklusive MP3-Mitschnitt inklusive int. Einwahlnummern inklusive Webkonferenz hinzubuchbar ab\u00a00,09 \u20ac *pro Min.\/Teilnehmer inkl. MwSt.Ich veranstalte h\u00e4ufiger Telefon\u00adkonferenzen.F\u00fcr Ihre individuellen Telefonkonferenz-W\u00fcnsche, ohne Langzeitvertrag. Sparpakete ausnutzen Nur 1 Monat Laufzeit Zusatzfunktionen w\u00e4hlen [&hellip;]<\/p>\n","protected":false},"author":4,"featured_media":0,"parent":26,"menu_order":2,"comment_status":"closed","ping_status":"closed","template":"","meta":{"_et_pb_use_builder":"on","_et_pb_old_content":"","_et_gb_content_width":"","footnotes":""},"class_list":["post-33","page","type-page","status-publish","hentry"],"_links":{"self":[{"href":"https:\/\/www.talkyoo.net\/de\/wp-json\/wp\/v2\/pages\/33","targetHints":{"allow":["GET"]}}],"collection":[{"href":"https:\/\/www.talkyoo.net\/de\/wp-json\/wp\/v2\/pages"}],"about":[{"href":"https:\/\/www.talkyoo.net\/de\/wp-json\/wp\/v2\/types\/page"}],"author":[{"embeddable":true,"href":"https:\/\/www.talkyoo.net\/de\/wp-json\/wp\/v2\/users\/4"}],"replies":[{"embeddable":true,"href":"https:\/\/www.talkyoo.net\/de\/wp-json\/wp\/v2\/comments?post=33"}],"version-history":[{"count":6,"href":"https:\/\/www.talkyoo.net\/de\/wp-json\/wp\/v2\/pages\/33\/revisions"}],"predecessor-version":[{"id":3870,"href":"https:\/\/www.talkyoo.net\/de\/wp-json\/wp\/v2\/pages\/33\/revisions\/3870"}],"up":[{"embeddable":true,"href":"https:\/\/www.talkyoo.net\/de\/wp-json\/wp\/v2\/pages\/26"}],"wp:attachment":[{"href":"https:\/\/www.talkyoo.net\/de\/wp-json\/wp\/v2\/media?parent=33"}],"curies":[{"name":"wp","href":"https:\/\/api.w.org\/{rel}","templated":true}]}}