{"id":3345,"date":"2020-09-21T10:35:00","date_gmt":"2020-09-21T09:35:00","guid":{"rendered":"https:\/\/www.talkyoo.net\/?page_id=3345"},"modified":"2021-03-08T16:23:17","modified_gmt":"2021-03-08T15:23:17","slug":"telefonkonferenz-einrichten-haeufige-fragen","status":"publish","type":"page","link":"https:\/\/www.talkyoo.net\/de\/telefonkonferenz-einrichten-haeufige-fragen\/","title":{"rendered":"Telefonkonferenz einrichten: H\u00e4ufige Fragen und Antworten"},"content":{"rendered":"\n<div style=\"height:30px\" aria-hidden=\"true\" class=\"wp-block-spacer\"><\/div>\n\n\n\n<h2 class=\"wp-block-heading\" id=\"h-das-einrichten-einer-telefonkonferenz-unverbindliche-ausprobieren\">Das Einrichten einer Telefonkonferenz unverbindliche ausprobieren  <\/h2>\n\n\n\n<div style=\"height:30px\" aria-hidden=\"true\" class=\"wp-block-spacer\"><\/div>\n\n\n\n<p>Eine <a href=\"https:\/\/www.talkyoo.net\/\">Telefonkonferenz<\/a> k\u00f6nnen Sie ganz leicht einrichten. Nutzen Sie unsere unverbindliche, <a href=\"https:\/\/www.talkyoo.net#section-test-free\">kostenlose Telefonkonferenz f\u00fcr 7 Tage<\/a>. Dabei stellen Sie schnell fest, wie einfach Sie eine Telefonkonferenz einrichten k\u00f6nnen. <\/p>\n\n\n\n<p>Die h\u00e4ufigsten Fragen zum Einrichten einer Telefonkonferenz beantworten wir auch auf dieser Seite.<\/p>\n\n\n\n<p>Antworten auf Fragen zu den folgenden Themen finden sie auf den entsprechenden Seiten<\/p>\n\n\n\n\n\n<div style=\"height:30px\" aria-hidden=\"true\" class=\"wp-block-spacer\"><\/div>\n\n\n\n<div style=\"height:30px\" aria-hidden=\"true\" class=\"wp-block-spacer\"><\/div>\n\n\n\n<h2 class=\"wp-block-heading\" id=\"h-fragen-und-antworten-zum-einrichten-einer-telefonkonferenz\">Fragen und Antworten zum Einrichten einer Telefonkonferenz <\/h2>\n\n\n\n<div style=\"height:30px\" aria-hidden=\"true\" class=\"wp-block-spacer\"><\/div>\n\n\n\n<div class=\"schema-faq wp-block-yoast-faq-block\"><div class=\"schema-faq-section\" id=\"faq-question-1598539531038\"><strong class=\"schema-faq-question\">Wie kann ich eine <a href=\"https:\/\/www.talkyoo.net\/\">Telefonkonferenz<\/a> einrichten?<\/strong> <p class=\"schema-faq-answer\"><br\/>Teilen Sie uns Ihre E-Mail-Adresse mit, am einfachsten auf unserer Startseite. Sie erhalten umgehend Ihre pers\u00f6nliche Einwahlnummer und Ihre pers\u00f6nliche Konferenzraumnummer. <br\/><br\/>Legen Sie einen Termin fest und mailen Sie die Einladung zusammen mit der Raumnummer und der Einwahlnummer an die Teilnehmer. Noch leichter geht es mit dem <a href=\"https:\/\/www.talkyoo.net\/telefonkonferenz-teilnehmer-einladen\/\">Einladungsassistenten<\/a>. <br\/><img decoding=\"async\" alt=\"Telefonkonferenz: Erst einladen, dann rufen alle an!\" src=\"https:\/\/www.talkyoo.net\/wp-content\/uploads\/2020\/09\/Telefonkonferenz-einladen-anrufen.png\"\/><br\/><br\/><br\/>Zum vereinbarten Termin w\u00e4hlen sich alle Konferenzteilnehmer ein, tippen nach Aufforderung die Konferenzraumnummer und dr\u00fccken die #-Taste.<br\/><br\/><br\/><br\/><\/p> <\/div> <div class=\"schema-faq-section\" id=\"faq-question-1598539690621\"><strong class=\"schema-faq-question\">Muss ich zuvor Konferenzkapazit\u00e4ten reservieren? Muss ich eine Telefonkonferenz anmelden?<\/strong> <p class=\"schema-faq-answer\"><br\/>Nein, Sie brauchen uns nicht \u00fcber Ihre geplante Konferenz informieren. Ihr Raum steht Ihnen rund um die Uhr zur Verf\u00fcgung.<br\/><br\/><br\/><\/p> <\/div> <div class=\"schema-faq-section\" id=\"faq-question-1598539719954\"><strong class=\"schema-faq-question\">Kann ich meine Raumnummer nur einmal verwenden?<\/strong> <p class=\"schema-faq-answer\"><br\/>Die Raumnummer f\u00fcr Ihre Telefonkonferenz ist so lange g\u00fcltig, bis Sie den Raum k\u00fcndigen. Sie k\u00f6nnen damit so viele Telefonkonferenzen f\u00fchren, wie sie m\u00f6chten. <br\/><br\/>Eine Ausnahme sind die <a href=\"https:\/\/www.talkyoo.net\/telefonkonferenzen-bei-amazon-de-kaufen\/\">Telefonkonferenzen, die bei Amazon<\/a> verkauft werden.<br\/><br\/><br\/><\/p> <\/div> <div class=\"schema-faq-section\" id=\"faq-question-1598540285251\"><strong class=\"schema-faq-question\">K\u00f6nnen ausl\u00e4ndische Teilnehmer an den Konferenzen teilnehmen?<\/strong> <p class=\"schema-faq-answer\"><br\/>Selbstverst\u00e4ndlich, denn bei talkyoo w\u00e4hlen Sie sich \u00fcber eine Festnetznummer ein und so ist die Erreichbarkeit auch aus dem Ausland sichergestellt.<br\/><br\/>talkyoo stellt auch <a href=\"https:\/\/www.talkyoo.net\/telefonkonferenz_internationale_rufnummern\/\">internationale Einwahlnummern<\/a> in \u00fcber 50 L\u00e4ndern zur Verf\u00fcgung.<br\/>Bei den <a href=\"https:\/\/www.talkyoo.net\/preisliste\/sofort_telefonkonferenz\/\">Sofortkonferenzen<\/a> k\u00f6nnen Ihre Teilnehmer auch die internationalen Einwahlnummern nutzen. Bei den <a href=\"https:\/\/www.talkyoo.net\/preisliste\/spar_pakete\/\">Sparpaketen<\/a> ist das m\u00f6glich, wenn die Zusatzfunktion <strong>internationalen Einwahlnummern <\/strong>ebenfalls gebucht wurden.<br\/><br\/><br\/><\/p> <\/div> <div class=\"schema-faq-section\" id=\"faq-question-1598540445606\"><strong class=\"schema-faq-question\">Kann ich meinen Raum auch mit mehr als den gebuchten Personen nutzen?<\/strong> <p class=\"schema-faq-answer\"><br\/>Ich habe ein Sparpaket f\u00fcr zehn Personen. An meiner Konferenz sollen aber mehr Personen teilnehmen. Wie geht das?<br\/><br\/>Sie k\u00f6nnen alle kostenpflichtigen Konferenzr\u00e4ume mit beliebig vielen Personen nutzen. <br\/>Jedoch entstehen zus\u00e4tzliche Kosten, wenn sich mehr Teilnehmer einw\u00e4hlen als in ihrem Sparpaket enthalten sind. Zus\u00e4tzliche Teilnehmer werden nicht abgewiesen. Jeder Teilnehmer, f\u00fcr den wir einen zus\u00e4tzlichen Stuhl in Ihren Konferenzraum stellen m\u00fcssen, wird in den aktuellen Tarifen mit 1,95 \u20ac berechnet. Egal wie lange die Telefonkonferenz dauert.<br\/><br\/>Sie k\u00f6nnen die Telefonkonferenz so einrichten, dass es eine Obergrenze f\u00fcr die Anzahl der Teilnehmer gibt. Wenn Sie die Teilnehmerbegrenzung in den Raumeinstellungen aktivieren, geben Sie an, wie viele Personen wir in den Raum lassen. Anschlie\u00dfend klicken Sie auf \u201eSpeichern\u201c, um Ihre Eingabe zu aktivieren.<br\/><br\/>Bei dem <a href=\"https:\/\/www.talkyoo.net\/telefonkonferenz_schritte\/\">kostenlosen Test<\/a><a href=\"https:\/\/www.talkyoo.net#section-test-free\"> <\/a>ist der Raum auf sechs Anrufer begrenzt. Da wir f\u00fcr den Test keine Zahlungsinformationen von Ihnen erhalten, k\u00f6nnen wir auch keine zus\u00e4tzlichen Teilnehmer berechnen.<br\/><br\/><br\/><\/p> <\/div> <div class=\"schema-faq-section\" id=\"faq-question-1598540565059\"><strong class=\"schema-faq-question\">K\u00f6nnen Mobilfunknutzer an den Konferenzen teilnehmen?<\/strong> <p class=\"schema-faq-answer\"><br\/>Selbstverst\u00e4ndlich ist die Telefonkonferenz auch vom Handy erreichbar. F\u00fcr Benutzer von Flatrate-Tarifen ist der Service meist sogar kostenlos. Flatrate-Kunden sollten die AGB ihres Vertragspartners pr\u00fcfen. <br\/><br\/>Weitere Informationen zu den Kosten f\u00fcr Flaterate-Kunden finden Sie <a href=\"https:\/\/www.talkyoo.net\/telefonkonferenz_widerruf_kleingedrucktes\/#kostenlos-bei-festnetz-flat\">hier<\/a>. <br\/><br\/><\/p> <\/div> <div class=\"schema-faq-section\" id=\"faq-question-1598541099120\"><strong class=\"schema-faq-question\">Kann ich Einwahlnummer und Raumnummer zusammen in meinem Adressbuch speichern?<\/strong> <p class=\"schema-faq-answer\"><br\/>Wenn Sie die Raumnummer ebenfalls in Ihrem Adressbuch speichern wollen, dann m\u00fcssen Sie eine \u201eWahlpause\u201c zwischen Einwahlnummer und Konferenzraumnummer einf\u00fcgen.<br\/><br\/>Eine Anleitung zur schnellen Einwahl finden Sie in dem Artikel: <a href=\"https:\/\/www.talkyoo.net\/waehlen-drin-speichern-von-einwahlnummer-und-raumnummer\/\">W\u00e4hlen, drin! Speichern von Einwahlnummer und Raumnummer.<\/a><br\/><br\/><br\/><\/p> <\/div> <div class=\"schema-faq-section\" id=\"faq-question-1598542012660\"><strong class=\"schema-faq-question\">Wie gro\u00df darf die Konferenz denn sein?<\/strong> <p class=\"schema-faq-answer\"><br\/>Zurzeit (Stand 08\/2020) stellen wir insgesamt <a href=\"https:\/\/www.talkyoo.net\/2400-kanaele-stehen-fuer-ihre-telefonkonferenzen-auf-talkyoo-bereit\/\">2.400 Kan\u00e4le zur Verf\u00fcgung<\/a>. Es sind Telefonkonferenzen mit bis zu 1.200 Teilnehmern m\u00f6glich.<br\/><br\/>In sehr seltenen Einzelf\u00e4llen kann es jedoch vorkommen, dass so viele Konferenzen parallel gef\u00fchrt werden, dass die Kapazit\u00e4t des Systems ersch\u00f6pft ist, sodass sich weitere Teilnehmer nicht einw\u00e4hlen k\u00f6nnen.<br\/><br\/>Wenn Sie eine gro\u00dfe Telefonkonferenz mit mehr als 500 Teilnehmern einrichten wollen, dann nehmen Sie bitte mit uns Kontakt auf. Wir helfen Ihnen, die Konferenz vorzubereiten und durchzuf\u00fchren.  <br\/><br\/><br\/><\/p> <\/div> <div class=\"schema-faq-section\" id=\"faq-question-1598540613543\"><strong class=\"schema-faq-question\">Brauche ich ein besonderes Telefon, um an einer Telefonkonferenz teilzunehmen?<\/strong> <p class=\"schema-faq-answer\"><br\/>Generell m\u00fcssen die Endger\u00e4te das Mehrfrequenzwahlverfahren nutzen, d. h. <a href=\"https:\/\/de.wikipedia.org\/wiki\/Mehrfrequenzwahlverfahren\">DTMF- oder MFV-Signale<\/a> unterst\u00fctzen. Die allermeisten Telefone und TK-Anlagen unterst\u00fctzen dies heute und in einigen F\u00e4llen l\u00e4sst sich das MFV-Verfahren entsprechend einstellen. <br\/><br\/>Sie erkennen, dass Ihr Telefon MFV-Verfahren nutzt an den Piept\u00f6nen. Diese h\u00f6ren Sie, wenn Sie die Zifferntasten dr\u00fccken.<br\/><br\/><br\/><\/p> <\/div> <div class=\"schema-faq-section\" id=\"faq-question-1615206409210\"><strong class=\"schema-faq-question\">Wie kann ich das &#8222;Palim Palim&#8220; abstellen? <\/strong> <p class=\"schema-faq-answer\"><br\/>Wenn ein Teilnehmer eine laufende Konferenz betritt, spielt talkyoo ein Signal ab (&#8222;Palim Palim&#8220; oder &#8222;Ring&#8220;). So bekommen alle mit, dass ein weiterer Teilnehmer hinzugekommen ist. Das kann bei gro\u00dfen Konferenzen st\u00f6rend sein. <br\/><br\/>Es gibt zwei Wege dieses Signal zu deaktivieren:<br\/><br\/>1. Nutzen Sie die <a href=\"https:\/\/www.talkyoo.net\/telefonkonferenz_anleitung\/\">Moderator-PIN <\/a>und w\u00e4hlen den Zuh\u00f6r-Modus. <br\/>2. Schalten Sie in der <a href=\"https:\/\/www.talkyoo.net\/telefonkonferenz_websteuerung\/\">Websteuerung<\/a> <strong>alle stumm<\/strong>. Die Mikrofone der Teilnehmer die zu h\u00f6ren sein sollen, aktivieren sie dann einzeln.   <\/p> <\/div> <\/div>\n\n\n\n<div style=\"height:30px\" aria-hidden=\"true\" class=\"wp-block-spacer\"><\/div>\n\n\n\n<h2 class=\"wp-block-heading\" id=\"h-viel-mehr-antworten-geben-wir-hier\">Viel mehr Antworten geben wir hier.<\/h2>\n\n\n\n\n\n<div style=\"height:30px\" aria-hidden=\"true\" class=\"wp-block-spacer\"><\/div>\n\n\n\n<h2 class=\"wp-block-heading\" id=\"h-viele-personen-die-telefonkonferenzen-einrichten-interessieren-sich-auch-f-r-diese-inhalte\">Viele Personen, die Telefonkonferenzen einrichten,  interessieren sich auch f\u00fcr diese Inhalte: <\/h2>\n\n\n\n<ul class=\"wp-block-yoast-seo-related-links\"><li><a href=\"https:\/\/www.talkyoo.net\/telefonkonferenz_schritte\/\">Schritt f\u00fcr Schritt zu einer kostenlosen Telefonkonferenz.<\/a><\/li><li><a href=\"https:\/\/www.talkyoo.net\/preisliste\/sofort_telefonkonferenz\/\">Eine spontane und kurzfristige Telefonkonferenz &#8211; die talkyoo Sofort-Konferenzen<\/a><\/li><li><a href=\"https:\/\/www.talkyoo.net\/telefonkonferenz-teilnehmer-einladen\/\">Teilnehmer zu einer Telefonkonferenz einladen<\/a><\/li><li><a href=\"https:\/\/www.talkyoo.net\/telefonkonferenzen-mit-sicherheit\/\">Telefonkonferenzen mit Sicherheit!<\/a><\/li><li><a href=\"https:\/\/www.talkyoo.net\/landingpages\/kunden-werben-kunden\/\">Kunden werben Kunden<\/a><\/li><\/ul>\n\n\n\n<div style=\"height:30px\" aria-hidden=\"true\" class=\"wp-block-spacer\"><\/div>\n","protected":false},"excerpt":{"rendered":"<p>Das Einrichten einer Telefonkonferenz unverbindliche ausprobieren Eine Telefonkonferenz k\u00f6nnen Sie ganz leicht einrichten. Nutzen Sie unsere unverbindliche, kostenlose Telefonkonferenz f\u00fcr 7 Tage. Dabei stellen Sie schnell fest, wie einfach Sie eine Telefonkonferenz einrichten k\u00f6nnen. Die h\u00e4ufigsten Fragen zum Einrichten einer Telefonkonferenz beantworten wir auch auf dieser Seite. Antworten auf Fragen zu den folgenden Themen finden [&hellip;]<\/p>\n","protected":false},"author":3,"featured_media":183,"parent":0,"menu_order":0,"comment_status":"closed","ping_status":"closed","template":"","meta":{"_et_pb_use_builder":"off","_et_pb_old_content":"","_et_gb_content_width":"","footnotes":""},"class_list":["post-3345","page","type-page","status-publish","has-post-thumbnail","hentry"],"_links":{"self":[{"href":"https:\/\/www.talkyoo.net\/de\/wp-json\/wp\/v2\/pages\/3345","targetHints":{"allow":["GET"]}}],"collection":[{"href":"https:\/\/www.talkyoo.net\/de\/wp-json\/wp\/v2\/pages"}],"about":[{"href":"https:\/\/www.talkyoo.net\/de\/wp-json\/wp\/v2\/types\/page"}],"author":[{"embeddable":true,"href":"https:\/\/www.talkyoo.net\/de\/wp-json\/wp\/v2\/users\/3"}],"replies":[{"embeddable":true,"href":"https:\/\/www.talkyoo.net\/de\/wp-json\/wp\/v2\/comments?post=3345"}],"version-history":[{"count":48,"href":"https:\/\/www.talkyoo.net\/de\/wp-json\/wp\/v2\/pages\/3345\/revisions"}],"predecessor-version":[{"id":4678,"href":"https:\/\/www.talkyoo.net\/de\/wp-json\/wp\/v2\/pages\/3345\/revisions\/4678"}],"wp:featuredmedia":[{"embeddable":true,"href":"https:\/\/www.talkyoo.net\/de\/wp-json\/wp\/v2\/media\/183"}],"wp:attachment":[{"href":"https:\/\/www.talkyoo.net\/de\/wp-json\/wp\/v2\/media?parent=3345"}],"curies":[{"name":"wp","href":"https:\/\/api.w.org\/{rel}","templated":true}]}}