{"id":3419,"date":"2020-09-14T10:38:37","date_gmt":"2020-09-14T09:38:37","guid":{"rendered":"https:\/\/www.talkyoo.net\/?page_id=3419"},"modified":"2020-09-30T08:57:32","modified_gmt":"2020-09-30T07:57:32","slug":"telefonkonferenz-dsgvo-konform-fragen-und-antworten","status":"publish","type":"page","link":"https:\/\/www.talkyoo.net\/de\/telefonkonferenz-einrichten-haeufige-fragen\/telefonkonferenz-dsgvo-konform-fragen-und-antworten\/","title":{"rendered":"Telefonkonferenz DSGVO konform: Fragen und Antworten"},"content":{"rendered":"\n<div style=\"height:30px\" aria-hidden=\"true\" class=\"wp-block-spacer\"><\/div>\n\n\n\n<h2 class=\"wp-block-heading\" id=\"h-die-einf-hrung-der-dsgvo-und-talkyoo\">Die Einf\u00fchrung der DSGVO und talkyoo <\/h2>\n\n\n\n<div style=\"height:30px\" aria-hidden=\"true\" class=\"wp-block-spacer\"><\/div>\n\n\n\n<p>Die Datenschutz Grundverordnung (DSGVO) hat das Thema Datenschutz weiter in den Fokus der \u00f6ffentlichen Aufmerksamkeit ger\u00fcckt. talkyoo telecom UG (haftungsbeschr\u00e4nkt) ist eine registrierte Telefongesellschaft. talkyoo legt seit 2006 Wert auf den Schutz der pers\u00f6nlichen Daten auf h\u00f6chstem Sicherheitsniveau. talkyoo\u2018s Telefonkonferenzen sind DSGVO konform.<\/p>\n\n\n\n<p>Seit der Einf\u00fchrung der DSGVO freuen wir uns, dass immer mehr Kunden Fragen zu diesem Thema stellen und unsere Ma\u00dfnahmen wertsch\u00e4tzen.<\/p>\n\n\n\n<p>Wir sind stolz darauf, dass wir zahlreiche Kunden gewinnen konnten, f\u00fcr die Datenschutz h\u00f6chste Priorit\u00e4t hat. Hierzu z\u00e4hlen Anwaltskanzleien, Bundesbeh\u00f6rden, Sparkassen und andere Banken.<\/p>\n\n\n\n<div style=\"height:30px\" aria-hidden=\"true\" class=\"wp-block-spacer\"><\/div>\n\n\n\n<div style=\"height:30px\" aria-hidden=\"true\" class=\"wp-block-spacer\"><\/div>\n\n\n\n<h2 class=\"wp-block-heading\" id=\"h-fragen-und-antworten-zur-dsgvo-konformen-telefonkonferenz\">Fragen und Antworten zur DSGVO-konformen Telefonkonferenz <\/h2>\n\n\n\n<div style=\"height:30px\" aria-hidden=\"true\" class=\"wp-block-spacer\"><\/div>\n\n\n\n<div class=\"schema-faq wp-block-yoast-faq-block\"><div class=\"schema-faq-section\" id=\"faq-question-1600092286155\"><strong class=\"schema-faq-question\">Wo stehen die Server von talkyoo.net?<\/strong> <p class=\"schema-faq-answer\"><br\/>Unsere Server stehen in Deutschland in einem Rechenzentrum in Hamburg. <br\/><br\/><img decoding=\"async\" alt=\"Telefonkonferenz: DSGVO konform - Serverstandort Deutschland\" src=\"https:\/\/www.talkyoo.net\/wp-content\/uploads\/2020\/09\/nick-scheerbart-QmemudqzrXQ-unsplash-Hamburg-800p-b.jpg\" style=\"width: 800px;\"\/><br\/><br\/><br\/><\/p> <\/div> <div class=\"schema-faq-section\" id=\"faq-question-1600091977986\"><strong class=\"schema-faq-question\">Wie sch\u00fctze ich mich vor fremden Zuh\u00f6rern?<\/strong> <p class=\"schema-faq-answer\"><br\/>Da die Konferenzraumnummern von talkyoo vergeben werden, besteht ein sicherer Schutz vor fremden Zuh\u00f6rern in der <a rel=\"noreferrer noopener\" href=\"https:\/\/www.talkyoo.net\" target=\"_blank\">Telefonkonferenz<\/a>. Denn von uns wird keine Rraumnummer mehrfach vergeben.<br\/><br\/>Wenn Sie sich f\u00fcr ein Telefonkonferenz-Sparpaket oder eine Sofort-Telefonkonferenz entscheiden, haben Sie au\u00dferdem die M\u00f6glichkeit, Ihren Konferenzraum abzuschlie\u00dfen, sobald alle Teilnehmer anwesend sind. Ebenso steht Ihnen ein Sicherheits-PIN zur Verf\u00fcgung, den Ihre Teilnehmer vor Betreten der Telefonkonferenz eingeben m\u00fcssen.<br\/><br\/>Lesen Sie hierzu auch unseren Artikel mit dem Titel <a rel=\"noreferrer noopener\" href=\"https:\/\/www.talkyoo.net\/telefonkonferenzen-mit-sicherheit\/\" target=\"_blank\">Telefonkonferenzen mit Sicherheit!<\/a><br\/><br\/><img decoding=\"async\" alt=\"Sicherheit in Telefonkonferenzen: So bleibt Vertrauliches vertraulich!\" src=\"https:\/\/www.talkyoo.net\/wp-content\/uploads\/2020\/09\/Sicherheit-Vertraulichkeit-004.jpg\" style=\"width: 800px;\"\/><br\/><br\/><br\/><\/p> <\/div> <div class=\"schema-faq-section\" id=\"faq-question-1600855350688\"><strong class=\"schema-faq-question\">Ist die Telefonkonferenz von talkyoo DSGVO-konform?<\/strong> <p class=\"schema-faq-answer\"><br\/>talkyoo\u2019s Telefonkonferenz ist DSGVO-konform. <br\/><br\/>Wenn Sie einen Account bei talkyoo erstellen, erhalten Sie automatisch ein Auftragsverarbeitungsvertrag (AVV). Hier werden auch die technischen und organisatorischen Ma\u00dfnahmen (kurz: TOM) erl\u00e4utert. Diese Ma\u00dfnahmen ergreifen wir, um ein hohes Schutzniveau der Daten zu gew\u00e4hrleisten.<br\/><br\/><br\/> <\/p> <\/div> <div class=\"schema-faq-section\" id=\"faq-question-1600092348764\"><strong class=\"schema-faq-question\">Kann ich die Audioprotokolle (MP3) auch vor dem Ablauf der 30 Tage l\u00f6schen?<\/strong> <p class=\"schema-faq-answer\"><br\/>Wir l\u00f6schen Ihr Audioprotokoll 30 Tage nach der Telefonkonferenz. Sie k\u00f6nnen die MP3-Datei jederzeit l\u00f6schen. Melden Sie sich an und gehen Sie in der Raum\u00fcbersicht auf \u201eProtokolle\u201c. <br\/><br\/><img decoding=\"async\" alt=\"Auch Sie k\u00f6nnen die Aufzeichnung der Telefonkonferenz l\u00f6schen.\" src=\"https:\/\/www.talkyoo.net\/wp-content\/uploads\/2020\/09\/telefonkonferenz-audioprotokoll-loeschen.png\" style=\"width: 800px;\"\/><br\/><br\/><br\/><\/p> <\/div> <div class=\"schema-faq-section\" id=\"faq-question-1600856094062\"><strong class=\"schema-faq-question\">Wie kann ich einen Auftragsverarbeitungsvertrag (AVV) mit talkyoo abschlie\u00dfen?<\/strong> <p class=\"schema-faq-answer\"><br\/><a href=\"https:\/\/www.talkyoo.net\/telefonkonferenz-anmelden-auf-talkyoo-net\/\" target=\"_blank\" rel=\"noreferrer noopener\">Loggen Sie sich ein<\/a> und gehen auf \u201emein Konto\u201c, \u201eDatenschutz\u201c, \u201eAuftragsverarbeitung\u201c. Hier k\u00f6nnen Sie die Vereinbarung einsehen, digital unterzeichnen und f\u00fcr Ihre DSGVO Unterlagen herunterladen.<br\/><br\/><br\/><\/p> <\/div> <div class=\"schema-faq-section\" id=\"faq-question-1600856693788\"><strong class=\"schema-faq-question\">L\u00e4sst talkyoo personenbezogene Daten von Unterauftragnehmern in L\u00e4ndern au\u00dferhalb der EU verarbeiten?<\/strong> <p class=\"schema-faq-answer\"><br\/>Nein. talkyoo beauftragt zur weiteren Bearbeitung von Personen bezogenen Daten ausschlie\u00dflich Unternehmen mit dem Sitz in der Europ\u00e4ischen Union.<br\/><br\/>Die Liste der Unterauftragnehmer k\u00f6nnen Kunden nach der Anmeldung unter \u201eMein Konto\u201c, \u201eDatenschutz\u201c einsehen.<br\/><br\/>F\u00fcr die internationalen Einwahlnummern unterh\u00e4lt talkyoo auch gesch\u00e4ftliche Kontakte in L\u00e4nder au\u00dferhalb der EU. Jedoch verarbeiten diese Unternehmen keine personenbezogenen Daten im Auftrag von talkyoo. talkyoo \u00fcbermittelt auch an diese Unternehmen keine personenbezogenen Daten.<br\/><br\/><br\/><\/p> <\/div> <div class=\"schema-faq-section\" id=\"faq-question-1600856767423\"><strong class=\"schema-faq-question\">Hat talkyoo einen externen Datenschutzbeauftragten bestellt?<\/strong> <p class=\"schema-faq-answer\"><br\/>talkyoo wird kontinuierlich durch einen externen, auf <a href=\"https:\/\/schmer.it\/\">Datenschutz spezialisierten Berater<\/a> unterst\u00fctzt. So gew\u00e4hrleisten wir eine kontinuierliche Verbesserung des Datenschutzes. Zudem wird so eine schnelle Anpassung an sich \u00e4ndernde, juristische Rahmenbedingungen gew\u00e4hrleistet.<br\/><br\/><br\/><br\/><\/p> <\/div> <\/div>\n\n\n\n<div style=\"height:60px\" aria-hidden=\"true\" class=\"wp-block-spacer\"><\/div>\n\n\n\n<h2 class=\"wp-block-heading\" id=\"h-noch-mehr-antworten-auf-h-ufig-gestellte-fragen\">Noch mehr Antworten, auf h\u00e4ufig gestellte Fragen:<\/h2>\n\n\n\n\n\n<div style=\"height:30px\" aria-hidden=\"true\" class=\"wp-block-spacer\"><\/div>\n\n\n\n<h2 class=\"wp-block-heading\" id=\"h-leser-die-sich-f-r-dsgvo-konforme-telefonkonferenzen-interessieren-klicke-auch\">Leser, die sich f\u00fcr DSGVO-konforme Telefonkonferenzen interessieren, klicke auch<\/h2>\n\n\n\n<ul class=\"wp-block-yoast-seo-related-links\"><li><a href=\"https:\/\/www.talkyoo.net\/telefonkonferenzen-mit-sicherheit\/\">Telefonkonferenzen mit Sicherheit! talkyoo sch\u00fctzt  mit diesen Funktionen<\/a><\/li><li><a href=\"https:\/\/www.talkyoo.net\/telefonkonferenz_anleitung\/\">So nutzen Sie Ihre Telefonkonferenz PINs<\/a><\/li><\/ul>\n","protected":false},"excerpt":{"rendered":"<p>Die Einf\u00fchrung der DSGVO und talkyoo Die Datenschutz Grundverordnung (DSGVO) hat das Thema Datenschutz weiter in den Fokus der \u00f6ffentlichen Aufmerksamkeit ger\u00fcckt. talkyoo telecom UG (haftungsbeschr\u00e4nkt) ist eine registrierte Telefongesellschaft. talkyoo legt seit 2006 Wert auf den Schutz der pers\u00f6nlichen Daten auf h\u00f6chstem Sicherheitsniveau. talkyoo\u2018s Telefonkonferenzen sind DSGVO konform. Seit der Einf\u00fchrung der DSGVO freuen [&hellip;]<\/p>\n","protected":false},"author":3,"featured_media":3494,"parent":3345,"menu_order":0,"comment_status":"closed","ping_status":"closed","template":"","meta":{"_et_pb_use_builder":"off","_et_pb_old_content":"","_et_gb_content_width":"793","footnotes":""},"class_list":["post-3419","page","type-page","status-publish","has-post-thumbnail","hentry"],"_links":{"self":[{"href":"https:\/\/www.talkyoo.net\/de\/wp-json\/wp\/v2\/pages\/3419","targetHints":{"allow":["GET"]}}],"collection":[{"href":"https:\/\/www.talkyoo.net\/de\/wp-json\/wp\/v2\/pages"}],"about":[{"href":"https:\/\/www.talkyoo.net\/de\/wp-json\/wp\/v2\/types\/page"}],"author":[{"embeddable":true,"href":"https:\/\/www.talkyoo.net\/de\/wp-json\/wp\/v2\/users\/3"}],"replies":[{"embeddable":true,"href":"https:\/\/www.talkyoo.net\/de\/wp-json\/wp\/v2\/comments?post=3419"}],"version-history":[{"count":37,"href":"https:\/\/www.talkyoo.net\/de\/wp-json\/wp\/v2\/pages\/3419\/revisions"}],"predecessor-version":[{"id":3708,"href":"https:\/\/www.talkyoo.net\/de\/wp-json\/wp\/v2\/pages\/3419\/revisions\/3708"}],"up":[{"embeddable":true,"href":"https:\/\/www.talkyoo.net\/de\/wp-json\/wp\/v2\/pages\/3345"}],"wp:featuredmedia":[{"embeddable":true,"href":"https:\/\/www.talkyoo.net\/de\/wp-json\/wp\/v2\/media\/3494"}],"wp:attachment":[{"href":"https:\/\/www.talkyoo.net\/de\/wp-json\/wp\/v2\/media?parent=3419"}],"curies":[{"name":"wp","href":"https:\/\/api.w.org\/{rel}","templated":true}]}}