{"id":3477,"date":"2020-09-16T12:26:19","date_gmt":"2020-09-16T11:26:19","guid":{"rendered":"https:\/\/www.talkyoo.net\/?page_id=3477"},"modified":"2024-08-22T12:11:03","modified_gmt":"2024-08-22T10:11:03","slug":"telefonkonferenz-anmelden-auf-talkyoo-net","status":"publish","type":"page","link":"https:\/\/www.talkyoo.net\/de\/telefonkonferenz-anmelden-auf-talkyoo-net\/","title":{"rendered":"Anmelden auf talkyoo.net &#8211; Telefonkonferenz einstellen"},"content":{"rendered":"<p>[et_pb_section fb_built=&#8220;1&#8243; admin_label=&#8220;section&#8220; _builder_version=&#8220;4.16&#8243; global_colors_info=&#8220;{}&#8220; da_is_popup=&#8220;off&#8220; da_exit_intent=&#8220;off&#8220; da_has_close=&#8220;on&#8220; da_alt_close=&#8220;off&#8220; da_dark_close=&#8220;off&#8220; da_not_modal=&#8220;on&#8220; da_is_singular=&#8220;off&#8220; da_with_loader=&#8220;off&#8220; da_has_shadow=&#8220;on&#8220; da_disable_devices=&#8220;off|off|off&#8220;][et_pb_row admin_label=&#8220;row&#8220; _builder_version=&#8220;4.16&#8243; background_size=&#8220;initial&#8220; background_position=&#8220;top_left&#8220; background_repeat=&#8220;repeat&#8220; global_colors_info=&#8220;{}&#8220;][et_pb_column type=&#8220;4_4&#8243; _builder_version=&#8220;4.16&#8243; custom_padding=&#8220;|||&#8220; global_colors_info=&#8220;{}&#8220; custom_padding__hover=&#8220;|||&#8220;][et_pb_text admin_label=&#8220;Text&#8220; _builder_version=&#8220;4.27.0&#8243; background_size=&#8220;initial&#8220; background_position=&#8220;top_left&#8220; background_repeat=&#8220;repeat&#8220; hover_enabled=&#8220;0&#8243; global_colors_info=&#8220;{}&#8220; sticky_enabled=&#8220;0&#8243;]<\/p>\n<div style=\"height: 30px;\" aria-hidden=\"true\" class=\"wp-block-spacer\"><\/div>\n<\/p>\n<h2 id=\"h-wozu-anmelden-ihren-raum-einstellen-teilnehmer-einladen-und-rechnungen-verwalten\">Wozu anmelden? Ihren Raum einstellen, Teilnehmer einladen und Rechnungen verwalten.<\/h2>\n<\/p>\n<div style=\"height: 30px;\" aria-hidden=\"true\" class=\"wp-block-spacer\"><\/div>\n<\/p>\n<p>Um eine Telefonkonferenz durchzuf\u00fchren m\u00fcssen Sie sich nicht anmelden. Ein Telefonkonferenz ist jederzeit m\u00f6glich. Ihr Raum steht Ihnen rund um die Uhr zur Verf\u00fcgung.<\/p>\n<\/p>\n<p>Jedoch sind einige n\u00fctzliche Funktionen erst nach dem Anmelden verf\u00fcgbar. Zum Beispiel m\u00fcssen Sie sich anmelden, um <a rel=\"noreferrer noopener\" href=\"https:\/\/www.talkyoo.net\/telefonkonferenz-teilnehmer-einladen\/\" target=\"_blank\">einfach und zuverl\u00e4ssig Teilnehmer einzuladen<\/a>, <a href=\"https:\/\/www.talkyoo.net\/telefonkonferenz_online_praesentation\/\">Pr\u00e4sentationen f\u00fcr die Telefonkonferenz einzustellen und zu zeigen<\/a>, zus\u00e4tzliche <a href=\"https:\/\/www.talkyoo.net\/telefonkonferenz_anleitung\/\">PIN&#8217;s zu verwalten <\/a>oder die <a rel=\"noreferrer noopener\" href=\"https:\/\/www.talkyoo.net\/telefonkonferenz_websteuerung\/\" target=\"_blank\">Websteuerung<\/a> aufzurufen.<\/p>\n<\/p>\n<p>Eine Anmeldung ist auch n\u00f6tig, um die Rechnungsadresse zu \u00e4ndern, die Zahlungsweise zu aktualisieren, Zusatzfunktionen zu buchen, weitere R\u00e4ume zu kaufen, <a href=\"https:\/\/www.talkyoo.net\/landingpages\/kunden-werben-kunden\/\">Freunde zu werben <\/a>oder auf eine <a href=\"https:\/\/www.talkyoo.net\/nur-eine-rechnung-pro-jahr\/\">j\u00e4hrliche Zahlungsweise<\/a> umzustellen. Nach der Anmeldung k\u00f6nnen Sie Ihre Rechnungen einsehen und Ihre Unterlagen f\u00fcr den Datenschutz herunterladen.<\/p>\n<\/p>\n<div style=\"height: 100px;\" aria-hidden=\"true\" class=\"wp-block-spacer\"><\/div>\n<\/p>\n<h2 id=\"h-so-geht-s-anmelden-auf-talkyoo-net\">So geht&#8217;s: Anmelden auf talkyoo.net<\/h2>\n<\/p>\n<div style=\"height: 30px;\" aria-hidden=\"true\" class=\"wp-block-spacer\"><\/div>\n<\/p>\n<div class=\"schema-how-to wp-block-yoast-how-to-block\">\n<p class=\"schema-how-to-total-time\"><span class=\"schema-how-to-duration-time-text\">Ben\u00f6tigte Zeit:\u00a0<\/span>1 Minute.<\/p>\n<p class=\"schema-how-to-description\">So melden Sie sich auf talkyoo.net an.<\/p>\n<ol class=\"schema-how-to-steps\">\n<li class=\"schema-how-to-step\" id=\"how-to-step-1600240664469\"><strong class=\"schema-how-to-step-name\">Rufen Sie talkyoo.net und klicken auf &#8222;Anmelden&#8220;<\/strong>\n<p class=\"schema-how-to-step-text\">Um Rechnungsanschrift, Zahlungsweise oder die Einstellungen des Raums f\u00fcr Ihre Telefonkonferenzen zu \u00e4ndern, melden Sie sich an. Rufen Sie sie <a href=\"https:\/\/www.talkyoo.net\/login\">talkyoo.net<\/a> und klicken oben auf &#8222;Anmelden&#8220;.<\/p>\n<p><img decoding=\"async\" alt=\"Melden Sie Sich auf talkyoo.net an.\" src=\"https:\/\/www.talkyoo.net\/wp-content\/uploads\/2020\/05\/teilnehmer-zur-telefonkonferenz-einladen-001-anmelden-1.png\" \/><\/p>\n<\/li>\n<li class=\"schema-how-to-step\" id=\"how-to-step-1600243602475\"><strong class=\"schema-how-to-step-name\">Geben Sie Ihre E-Mail-Adresse und Ihr Passwort ein. <\/strong>\n<p class=\"schema-how-to-step-text\">Die richtige E-Mail-Adresse f\u00fcr talkyoo.net steht auf jeder Rechnung von uns.<br \/>Sollten Sie Ihr Passwort nicht kennen, nutzen Sie bitte die <a rel=\"noopener noreferrer\" href=\"https:\/\/www.talkyoo.net\/internal\/de\/users\/password\" target=\"_blank\">&#8222;Passwort vergessen&#8220;-Funktion<\/a>. Wir kennen Ihr Passwort nicht.<\/p>\n<p><img decoding=\"async\" alt=\"Um die Einstellungen des Raums f\u00fcr Ihre Telefonkonferenzen zu \u00e4ndern, melden Sie sich an.\" src=\"https:\/\/www.talkyoo.net\/wp-content\/uploads\/2020\/09\/Telefonkonferenz-anmelden-001.png\" \/><\/p>\n<p>Hinweise f\u00fcr sichere Passw\u00f6rter gibt die <a href=\"https:\/\/www.verbraucherzentrale.de\/wissen\/digitale-welt\/datenschutz\/sichere-passwoerter-so-gehts-11672\">Verbraucherzentrale<\/a>.<\/p>\n<\/li>\n<li class=\"schema-how-to-step\" id=\"how-to-step-1600244975018\"><strong class=\"schema-how-to-step-name\">Sie sind jetzt in der in der Raum\u00fcbersicht (&#8222;Meine R\u00e4ume&#8220;).<\/strong>\n<p class=\"schema-how-to-step-text\">Hier k\u00f6nnen Sie f\u00fcr jeden Ihrer R\u00e4ume Einstellungen \u00e4ndern, <a href=\"https:\/\/www.talkyoo.net\/telefonkonferenz_online_praesentation\/\">Pr\u00e4sentationen hochladen<\/a> oder die <a href=\"https:\/\/www.talkyoo.net\/telefonkonferenz_websteuerung\/\">Websteuerung<\/a> aufrufen. Ein Klick auf das Plus-Zeichen blendet weitere Optionen ein.<\/p>\n<p>F\u00fcr \u00c4nderungen Ihre Benutzerinformationen w\u00e4hlen sie oben &#8222;Mein Konto&#8220;.<\/p>\n<p><img decoding=\"async\" alt=\"\u2022\tRaum\u00fcbersicht (&quot;Meine R\u00e4ume&quot;).\" src=\"https:\/\/www.talkyoo.net\/wp-content\/uploads\/2020\/09\/anmelden-talkyoo-telefonkonferenz-002.png\" \/><\/p>\n<\/li>\n<\/ol>\n<\/div>\n<\/p>\n<div style=\"height: 60px;\" aria-hidden=\"true\" class=\"wp-block-spacer\"><\/div>\n<\/p>\n<h2 id=\"h-telefonkonferenz-anmelden-und-einstellen-ist-einfach-f-r-eine-erfolgreiche-telefonkonferenz-lesen-sie-auch-diese-beitr-ge\">Telefonkonferenz anmelden und einstellen ist einfach. F\u00fcr eine erfolgreiche Telefonkonferenz lesen Sie auch diese Beitr\u00e4ge!<\/h2>\n<\/p>\n<div style=\"height: 30px;\" aria-hidden=\"true\" class=\"wp-block-spacer\"><\/div>\n<\/p>\n<ul class=\"wp-block-yoast-seo-related-links\">\n<li><a href=\"https:\/\/www.talkyoo.net\/preisliste\/sofort_telefonkonferenz\/\">Eine spontane und kurzfristige Telefonkonferenz &#8211; die talkyoo Sofort-Konferenzen<\/a><\/li>\n<li><a href=\"https:\/\/www.talkyoo.net\/telefonkonferenzen-mit-sicherheit\/\">Telefonkonferenzen mit Sicherheit! talkyoo sch\u00fctzt mit diesen Funktionen<\/a><\/li>\n<li><a href=\"https:\/\/www.talkyoo.net\/preisliste\/spar_pakete\/\">Die talkyoo Sparpakete \u2013 so f\u00fchren Sie Ihre Telefonkonferenz g\u00fcnstig<\/a><\/li>\n<\/ul>\n<p>[\/et_pb_text][\/et_pb_column][\/et_pb_row][\/et_pb_section]<\/p>\n","protected":false},"excerpt":{"rendered":"<p>Wozu anmelden? Ihren Raum einstellen, Teilnehmer einladen und Rechnungen verwalten. Um eine Telefonkonferenz durchzuf\u00fchren m\u00fcssen Sie sich nicht anmelden. Ein Telefonkonferenz ist jederzeit m\u00f6glich. Ihr Raum steht Ihnen rund um die Uhr zur Verf\u00fcgung. Jedoch sind einige n\u00fctzliche Funktionen erst nach dem Anmelden verf\u00fcgbar. Zum Beispiel m\u00fcssen Sie sich anmelden, um einfach und zuverl\u00e4ssig Teilnehmer [&hellip;]<\/p>\n","protected":false},"author":3,"featured_media":3479,"parent":0,"menu_order":0,"comment_status":"closed","ping_status":"closed","template":"","meta":{"_et_pb_use_builder":"on","_et_pb_old_content":"<!-- wp:spacer {\"height\":30} -->\n<div style=\"height:30px\" aria-hidden=\"true\" class=\"wp-block-spacer\"><\/div>\n<!-- \/wp:spacer -->\n\n<!-- wp:heading -->\n<h2 id=\"h-wozu-anmelden-ihren-raum-einstellen-teilnehmer-einladen-und-rechnungen-verwalten\">Wozu anmelden? Ihren Raum einstellen, Teilnehmer einladen und Rechnungen verwalten.<\/h2>\n<!-- \/wp:heading -->\n\n<!-- wp:spacer {\"height\":30} -->\n<div style=\"height:30px\" aria-hidden=\"true\" class=\"wp-block-spacer\"><\/div>\n<!-- \/wp:spacer -->\n\n<!-- wp:paragraph -->\n<p>Um eine Telefonkonferenz durchzuf\u00fchren m\u00fcssen Sie sich nicht anmelden. Ein Telefonkonferenz ist jederzeit m\u00f6glich. Ihr Raum steht Ihnen rund um die Uhr zur Verf\u00fcgung. <\/p>\n<!-- \/wp:paragraph -->\n\n<!-- wp:paragraph -->\n<p>Jedoch sind einige n\u00fctzliche Funktionen erst nach dem Anmelden verf\u00fcgbar. Zum Beispiel m\u00fcssen Sie sich anmelden, um <a rel=\"noreferrer noopener\" href=\"https:\/\/www.talkyoo.net\/telefonkonferenz-teilnehmer-einladen\/\" target=\"_blank\">einfach und zuverl\u00e4ssig Teilnehmer einzuladen<\/a>, <a href=\"https:\/\/www.talkyoo.net\/telefonkonferenz_online_praesentation\/\">Pr\u00e4sentationen f\u00fcr die Telefonkonferenz einzustellen und zu zeigen<\/a>, zus\u00e4tzliche <a href=\"https:\/\/www.talkyoo.net\/telefonkonferenz_anleitung\/\">PIN's zu verwalten <\/a>oder die <a rel=\"noreferrer noopener\" href=\"https:\/\/www.talkyoo.net\/telefonkonferenz_websteuerung\/\" target=\"_blank\">Websteuerung<\/a> aufzurufen.<\/p>\n<!-- \/wp:paragraph -->\n\n<!-- wp:paragraph -->\n<p>Eine Anmeldung ist auch n\u00f6tig, um die Rechnungsadresse zu \u00e4ndern, die Zahlungsweise zu aktualisieren, Zusatzfunktionen zu buchen, weitere R\u00e4ume zu kaufen, <a href=\"https:\/\/www.talkyoo.net\/landingpages\/kunden-werben-kunden\/\">Freunde zu werben <\/a>oder auf eine <a href=\"https:\/\/www.talkyoo.net\/nur-eine-rechnung-pro-jahr\/\">j\u00e4hrliche Zahlungsweise<\/a> umzustellen. Nach der Anmeldung k\u00f6nnen Sie Ihre Rechnungen einsehen und Ihre Unterlagen f\u00fcr den Datenschutz herunterladen.<\/p>\n<!-- \/wp:paragraph -->\n\n<!-- wp:spacer -->\n<div style=\"height:100px\" aria-hidden=\"true\" class=\"wp-block-spacer\"><\/div>\n<!-- \/wp:spacer -->\n\n<!-- wp:heading -->\n<h2 id=\"h-so-geht-s-anmelden-auf-talkyoo-net\">So geht's: Anmelden auf talkyoo.net<\/h2>\n<!-- \/wp:heading -->\n\n<!-- wp:spacer {\"height\":30} -->\n<div style=\"height:30px\" aria-hidden=\"true\" class=\"wp-block-spacer\"><\/div>\n<!-- \/wp:spacer -->\n\n<!-- wp:yoast\/how-to-block {\"hasDuration\":true,\"minutes\":\"1\",\"jsonDescription\":\"So melden Sie sich auf talkyoo.net an. \",\"steps\":[{\"id\":\"how-to-step-1600240664469\",\"name\":[\"Rufen Sie talkyoo.net und klicken auf u0022Anmeldenu0022\"],\"text\":[{\"type\":\"br\",\"props\":{\"children\":[]}},\"Um Rechnungsanschrift, Zahlungsweise oder die Einstellungen des Raums f\u00fcr Ihre Telefonkonferenzen zu \u00e4ndern, melden Sie sich an. Rufen Sie sie \",{\"type\":\"a\",\"props\":{\"href\":\"https:\/\/www.talkyoo.net\/login\",\"children\":[\"talkyoo.net\"]}},\" und klicken oben auf u0022Anmeldenu0022.\",{\"type\":\"br\",\"props\":{\"children\":[]}},{\"type\":\"br\",\"props\":{\"children\":[]}},{\"type\":\"img\",\"props\":{\"alt\":\"Melden Sie Sich auf talkyoo.net an.\",\"src\":\"https:\/\/www.talkyoo.net\/wp-content\/uploads\/2020\/05\/teilnehmer-zur-telefonkonferenz-einladen-001-anmelden-1.png\",\"children\":[]}},{\"type\":\"br\",\"props\":{\"children\":[]}},{\"type\":\"br\",\"props\":{\"children\":[]}},{\"type\":\"br\",\"props\":{\"children\":[]}}],\"jsonName\":\"Rufen Sie talkyoo.net und klicken auf u0022Anmeldenu0022\",\"jsonText\":\"u003cbr\/u003eUm Rechnungsanschrift, Zahlungsweise oder die Einstellungen des Raums f\u00fcr Ihre Telefonkonferenzen zu \u00e4ndern, melden Sie sich an. Rufen Sie sie u003ca href=u0022https:\/\/www.talkyoo.net\/loginu0022u003etalkyoo.netu003c\/au003e und klicken oben auf u0022Anmeldenu0022.u003cbr\/u003eu003cbr\/u003eu003cimg alt=u0022Melden Sie Sich auf talkyoo.net an.u0022 src=u0022https:\/\/www.talkyoo.net\/wp-content\/uploads\/2020\/05\/teilnehmer-zur-telefonkonferenz-einladen-001-anmelden-1.pngu0022\/u003eu003cbr\/u003eu003cbr\/u003eu003cbr\/u003e\",\"jsonImageSrc\":\"https:\/\/www.talkyoo.net\/wp-content\/uploads\/2020\/05\/teilnehmer-zur-telefonkonferenz-einladen-001-anmelden-1.png\"},{\"id\":\"how-to-step-1600243602475\",\"name\":[\"Geben Sie Ihre E-Mail-Adresse und Ihr Passwort ein. \"],\"text\":[{\"type\":\"br\",\"props\":{\"children\":[]}},\"Die richtige E-Mail-Adresse f\u00fcr talkyoo.net steht auf jeder Rechnung von uns.\",{\"type\":\"br\",\"props\":{\"children\":[]}},\"Sollten Sie Ihr Passwort nicht kennen, nutzen Sie bitte die \",{\"type\":\"a\",\"props\":{\"rel\":\"noreferrer noopener\",\"href\":\"https:\/\/www.talkyoo.net\/users\/password\",\"target\":\"_blank\",\"children\":[\"u0022Passwort vergessenu0022-Funktion\"]}},\". Wir kennen Ihr Passwort nicht.\",{\"type\":\"br\",\"props\":{\"children\":[]}},{\"type\":\"br\",\"props\":{\"children\":[]}},{\"type\":\"img\",\"props\":{\"alt\":\"Um die Einstellungen des Raums f\u00fcr Ihre Telefonkonferenzen zu \u00e4ndern, melden Sie sich an.\",\"src\":\"https:\/\/www.talkyoo.net\/wp-content\/uploads\/2020\/09\/Telefonkonferenz-anmelden-001.png\",\"children\":[]}},{\"type\":\"br\",\"props\":{\"children\":[]}},{\"type\":\"br\",\"props\":{\"children\":[]}},\"Hinweise f\u00fcr sichere Passw\u00f6rter gibt die \",{\"type\":\"a\",\"props\":{\"href\":\"https:\/\/www.verbraucherzentrale.de\/wissen\/digitale-welt\/datenschutz\/sichere-passwoerter-so-gehts-11672\",\"children\":[\"Verbraucherzentrale\"]}},\". \",{\"type\":\"br\",\"props\":{\"children\":[]}},{\"type\":\"br\",\"props\":{\"children\":[]}},{\"type\":\"br\",\"props\":{\"children\":[]}}],\"jsonName\":\"Geben Sie Ihre E-Mail-Adresse und Ihr Passwort ein. \",\"jsonText\":\"u003cbr\/u003eDie richtige E-Mail-Adresse f\u00fcr talkyoo.net steht auf jeder Rechnung von uns.u003cbr\/u003eSollten Sie Ihr Passwort nicht kennen, nutzen Sie bitte die u003ca rel=u0022noreferrer noopeneru0022 href=u0022https:\/\/www.talkyoo.net\/users\/passwordu0022 target=u0022_blanku0022u003eu0022Passwort vergessenu0022-Funktionu003c\/au003e. Wir kennen Ihr Passwort nicht.u003cbr\/u003eu003cbr\/u003eu003cimg alt=u0022Um die Einstellungen des Raums f\u00fcr Ihre Telefonkonferenzen zu \u00e4ndern, melden Sie sich an.u0022 src=u0022https:\/\/www.talkyoo.net\/wp-content\/uploads\/2020\/09\/Telefonkonferenz-anmelden-001.pngu0022\/u003eu003cbr\/u003eu003cbr\/u003eHinweise f\u00fcr sichere Passw\u00f6rter gibt die u003ca href=u0022https:\/\/www.verbraucherzentrale.de\/wissen\/digitale-welt\/datenschutz\/sichere-passwoerter-so-gehts-11672u0022u003eVerbraucherzentraleu003c\/au003e. u003cbr\/u003eu003cbr\/u003eu003cbr\/u003e\",\"jsonImageSrc\":\"https:\/\/www.talkyoo.net\/wp-content\/uploads\/2020\/09\/Telefonkonferenz-anmelden-001.png\"},{\"id\":\"how-to-step-1600244975018\",\"name\":[\"Sie sind jetzt in der in der Raum\u00fcbersicht (u0022Meine R\u00e4umeu0022).\"],\"text\":[{\"type\":\"br\",\"props\":{\"children\":[]}},\"Hier k\u00f6nnen Sie f\u00fcr jeden Ihrer R\u00e4ume Einstellungen \u00e4ndern, \",{\"type\":\"a\",\"props\":{\"href\":\"https:\/\/www.talkyoo.net\/telefonkonferenz_online_praesentation\/\",\"children\":[\"Pr\u00e4sentationen hochladen\"]}},\" oder die \",{\"type\":\"a\",\"props\":{\"href\":\"https:\/\/www.talkyoo.net\/telefonkonferenz_websteuerung\/\",\"children\":[\"Websteuerung\"]}},\" aufrufen. Ein Klick auf das Plus-Zeichen blendet weitere Optionen ein. \",{\"type\":\"br\",\"props\":{\"children\":[]}},{\"type\":\"br\",\"props\":{\"children\":[]}},\"F\u00fcr \u00c4nderungen Ihre Benutzerinformationen  w\u00e4hlen sie oben u0022Mein Kontou0022. \",{\"type\":\"br\",\"props\":{\"children\":[]}},{\"type\":\"br\",\"props\":{\"children\":[]}},{\"type\":\"img\",\"props\":{\"alt\":\"\u2022tRaum\u00fcbersicht (u0022Meine R\u00e4umeu0022).\",\"src\":\"https:\/\/www.talkyoo.net\/wp-content\/uploads\/2020\/09\/anmelden-talkyoo-telefonkonferenz-002.png\",\"children\":[]}},{\"type\":\"br\",\"props\":{\"children\":[]}},{\"type\":\"br\",\"props\":{\"children\":[]}},{\"type\":\"br\",\"props\":{\"children\":[]}}],\"jsonName\":\"Sie sind jetzt in der in der Raum\u00fcbersicht (u0022Meine R\u00e4umeu0022).\",\"jsonText\":\"u003cbr\/u003eHier k\u00f6nnen Sie f\u00fcr jeden Ihrer R\u00e4ume Einstellungen \u00e4ndern, u003ca href=u0022https:\/\/www.talkyoo.net\/telefonkonferenz_online_praesentation\/u0022u003ePr\u00e4sentationen hochladenu003c\/au003e oder die u003ca href=u0022https:\/\/www.talkyoo.net\/telefonkonferenz_websteuerung\/u0022u003eWebsteuerungu003c\/au003e aufrufen. Ein Klick auf das Plus-Zeichen blendet weitere Optionen ein. u003cbr\/u003eu003cbr\/u003eF\u00fcr \u00c4nderungen Ihre Benutzerinformationen  w\u00e4hlen sie oben u0022Mein Kontou0022. u003cbr\/u003eu003cbr\/u003eu003cimg alt=u0022\u2022tRaum\u00fcbersicht (u0026quot;Meine R\u00e4umeu0026quot;).u0022 src=u0022https:\/\/www.talkyoo.net\/wp-content\/uploads\/2020\/09\/anmelden-talkyoo-telefonkonferenz-002.pngu0022\/u003eu003cbr\/u003eu003cbr\/u003eu003cbr\/u003e\",\"jsonImageSrc\":\"https:\/\/www.talkyoo.net\/wp-content\/uploads\/2020\/09\/anmelden-talkyoo-telefonkonferenz-002.png\"}],\"defaultDurationText\":\"Ben\u00f6tigte Zeit:\"} -->\n<div class=\"schema-how-to wp-block-yoast-how-to-block\"><p class=\"schema-how-to-total-time\"><span class=\"schema-how-to-duration-time-text\">Ben\u00f6tigte Zeit:\u00a0<\/span>1 Minute. <\/p><p class=\"schema-how-to-description\">So melden Sie sich auf talkyoo.net an. <\/p> <ol class=\"schema-how-to-steps\"><li class=\"schema-how-to-step\" id=\"how-to-step-1600240664469\"><strong class=\"schema-how-to-step-name\">Rufen Sie talkyoo.net und klicken auf \"Anmelden\"<\/strong> <p class=\"schema-how-to-step-text\"><br\/>Um Rechnungsanschrift, Zahlungsweise oder die Einstellungen des Raums f\u00fcr Ihre Telefonkonferenzen zu \u00e4ndern, melden Sie sich an. Rufen Sie sie <a href=\"https:\/\/www.talkyoo.net\/login\">talkyoo.net<\/a> und klicken oben auf \"Anmelden\".<br\/><br\/><img alt=\"Melden Sie Sich auf talkyoo.net an.\" src=\"https:\/\/www.talkyoo.net\/wp-content\/uploads\/2020\/05\/teilnehmer-zur-telefonkonferenz-einladen-001-anmelden-1.png\"\/><br\/><br\/><br\/><\/p> <\/li><li class=\"schema-how-to-step\" id=\"how-to-step-1600243602475\"><strong class=\"schema-how-to-step-name\">Geben Sie Ihre E-Mail-Adresse und Ihr Passwort ein. <\/strong> <p class=\"schema-how-to-step-text\"><br\/>Die richtige E-Mail-Adresse f\u00fcr talkyoo.net steht auf jeder Rechnung von uns.<br\/>Sollten Sie Ihr Passwort nicht kennen, nutzen Sie bitte die <a rel=\"noreferrer noopener\" href=\"https:\/\/www.talkyoo.net\/users\/password\" target=\"_blank\">\"Passwort vergessen\"-Funktion<\/a>. Wir kennen Ihr Passwort nicht.<br\/><br\/><img alt=\"Um die Einstellungen des Raums f\u00fcr Ihre Telefonkonferenzen zu \u00e4ndern, melden Sie sich an.\" src=\"https:\/\/www.talkyoo.net\/wp-content\/uploads\/2020\/09\/Telefonkonferenz-anmelden-001.png\"\/><br\/><br\/>Hinweise f\u00fcr sichere Passw\u00f6rter gibt die <a href=\"https:\/\/www.verbraucherzentrale.de\/wissen\/digitale-welt\/datenschutz\/sichere-passwoerter-so-gehts-11672\">Verbraucherzentrale<\/a>. <br\/><br\/><br\/><\/p> <\/li><li class=\"schema-how-to-step\" id=\"how-to-step-1600244975018\"><strong class=\"schema-how-to-step-name\">Sie sind jetzt in der in der Raum\u00fcbersicht (\"Meine R\u00e4ume\").<\/strong> <p class=\"schema-how-to-step-text\"><br\/>Hier k\u00f6nnen Sie f\u00fcr jeden Ihrer R\u00e4ume Einstellungen \u00e4ndern, <a href=\"https:\/\/www.talkyoo.net\/telefonkonferenz_online_praesentation\/\">Pr\u00e4sentationen hochladen<\/a> oder die <a href=\"https:\/\/www.talkyoo.net\/telefonkonferenz_websteuerung\/\">Websteuerung<\/a> aufrufen. Ein Klick auf das Plus-Zeichen blendet weitere Optionen ein. <br\/><br\/>F\u00fcr \u00c4nderungen Ihre Benutzerinformationen  w\u00e4hlen sie oben \"Mein Konto\". <br\/><br\/><img alt=\"\u2022\tRaum\u00fcbersicht (&quot;Meine R\u00e4ume&quot;).\" src=\"https:\/\/www.talkyoo.net\/wp-content\/uploads\/2020\/09\/anmelden-talkyoo-telefonkonferenz-002.png\"\/><br\/><br\/><br\/><\/p> <\/li><\/ol><\/div>\n<!-- \/wp:yoast\/how-to-block -->\n\n<!-- wp:spacer {\"height\":60} -->\n<div style=\"height:60px\" aria-hidden=\"true\" class=\"wp-block-spacer\"><\/div>\n<!-- \/wp:spacer -->\n\n<!-- wp:heading -->\n<h2 id=\"h-telefonkonferenz-anmelden-und-einstellen-ist-einfach-f-r-eine-erfolgreiche-telefonkonferenz-lesen-sie-auch-diese-beitr-ge\">Telefonkonferenz anmelden und einstellen ist einfach. F\u00fcr eine erfolgreiche Telefonkonferenz lesen Sie auch diese Beitr\u00e4ge!<\/h2>\n<!-- \/wp:heading -->\n\n<!-- wp:spacer {\"height\":30} -->\n<div style=\"height:30px\" aria-hidden=\"true\" class=\"wp-block-spacer\"><\/div>\n<!-- \/wp:spacer -->\n\n<!-- wp:yoast-seo\/related-links {\"status\":\"loaded\"} -->\n<ul class=\"wp-block-yoast-seo-related-links\"><li><a href=\"https:\/\/www.talkyoo.net\/preisliste\/sofort_telefonkonferenz\/\">Eine spontane und kurzfristige Telefonkonferenz - die talkyoo Sofort-Konferenzen<\/a><\/li><li><a href=\"https:\/\/www.talkyoo.net\/telefonkonferenzen-mit-sicherheit\/\">Telefonkonferenzen mit Sicherheit! talkyoo sch\u00fctzt  mit diesen Funktionen<\/a><\/li><li><a href=\"https:\/\/www.talkyoo.net\/preisliste\/spar_pakete\/\">Die talkyoo Sparpakete \u2013 so f\u00fchren Sie Ihre Telefonkonferenz g\u00fcnstig<\/a><\/li><\/ul>\n<!-- \/wp:yoast-seo\/related-links -->","_et_gb_content_width":"1080","footnotes":""},"class_list":["post-3477","page","type-page","status-publish","has-post-thumbnail","hentry"],"_links":{"self":[{"href":"https:\/\/www.talkyoo.net\/de\/wp-json\/wp\/v2\/pages\/3477","targetHints":{"allow":["GET"]}}],"collection":[{"href":"https:\/\/www.talkyoo.net\/de\/wp-json\/wp\/v2\/pages"}],"about":[{"href":"https:\/\/www.talkyoo.net\/de\/wp-json\/wp\/v2\/types\/page"}],"author":[{"embeddable":true,"href":"https:\/\/www.talkyoo.net\/de\/wp-json\/wp\/v2\/users\/3"}],"replies":[{"embeddable":true,"href":"https:\/\/www.talkyoo.net\/de\/wp-json\/wp\/v2\/comments?post=3477"}],"version-history":[{"count":18,"href":"https:\/\/www.talkyoo.net\/de\/wp-json\/wp\/v2\/pages\/3477\/revisions"}],"predecessor-version":[{"id":5074,"href":"https:\/\/www.talkyoo.net\/de\/wp-json\/wp\/v2\/pages\/3477\/revisions\/5074"}],"wp:featuredmedia":[{"embeddable":true,"href":"https:\/\/www.talkyoo.net\/de\/wp-json\/wp\/v2\/media\/3479"}],"wp:attachment":[{"href":"https:\/\/www.talkyoo.net\/de\/wp-json\/wp\/v2\/media?parent=3477"}],"curies":[{"name":"wp","href":"https:\/\/api.w.org\/{rel}","templated":true}]}}