{"id":35,"date":"2019-08-22T11:46:29","date_gmt":"2019-08-22T11:46:29","guid":{"rendered":"https:\/\/www.talkyoo.net\/?page_id=35"},"modified":"2021-03-08T16:23:00","modified_gmt":"2021-03-08T15:23:00","slug":"telefonkonferenz_anleitung","status":"publish","type":"page","link":"https:\/\/www.talkyoo.net\/de\/telefonkonferenz_anleitung\/","title":{"rendered":"So nutzen Sie Ihre Telefonkonferenz PINs"},"content":{"rendered":"<p>[et_pb_section fb_built=&#8220;1&#8243; _builder_version=&#8220;4.0.6&#8243; custom_padding=&#8220;29px||50px||false|false&#8220; da_disable_devices=&#8220;off|off|off&#8220; da_is_popup=&#8220;off&#8220; da_exit_intent=&#8220;off&#8220; da_has_close=&#8220;on&#8220; da_alt_close=&#8220;off&#8220; da_dark_close=&#8220;off&#8220; da_not_modal=&#8220;on&#8220; da_is_singular=&#8220;off&#8220; da_with_loader=&#8220;off&#8220; da_has_shadow=&#8220;on&#8220;][et_pb_row column_structure=&#8220;1_5,3_5,1_5&#8243; _builder_version=&#8220;4.4.1&#8243; custom_padding=&#8220;4px|||||&#8220;][et_pb_column type=&#8220;1_5&#8243; _builder_version=&#8220;4.4.1&#8243;][\/et_pb_column][et_pb_column type=&#8220;3_5&#8243; _builder_version=&#8220;4.4.1&#8243;][et_pb_text _builder_version=&#8220;4.9.0&#8243; text_font=&#8220;|300|||||||&#8220; link_font=&#8220;|700|||||||&#8220; ul_font=&#8220;|300|||||||&#8220; ol_font=&#8220;|300|||||||&#8220;]<\/p>\n<h1>So nutzen Sie Ihre Telefonkonferenz PINs<\/h1>\n<h2 class=\"margin-top\">Moderator PIN (Lobby)<\/h2>\n<p>Nach Aktivierung der Moderator PIN \u00e4ndert sich das Verhalten des Konferenzraums.<\/p>\n<ul>\n<li>Die Teilnehmer warten bei Musik in der Lobby, bis der Moderator sich einw\u00e4hlt, sie k\u00f6nnen nicht mit einander sprechen.<\/li>\n<li>Als Moderator er\u00f6ffnen Sie die Konferenz und entscheiden, ob die Mikrophone der Teilnehmer stumm (<em>Zuh\u00f6r-Modus: [1])<\/em> oder h\u00f6rbar [3] sind. Der Moderator ist f\u00fcr die Teilnehmer immer zu h\u00f6ren.<\/li>\n<li>Ist der <span>Zuh\u00f6r-Modus [1] aktiv wird kein Signal abgespielt, wenn eine Teilnehmer den Raum betritt. Die Anzahl der Teilnehmer wird dem Moderator angesagt, wenn er\u00a0 [*], [3] auf der Tastatur des Telefons dr\u00fcckt.\u00a0 \u00a0\u00a0<\/span><\/li>\n<\/ul>\n<h3>Aktivierung der Moderator-PIN:<\/h3>\n<p>In den Einstellungen des Konferenzraumes finden sie rechts den OFF\/ON Schalter f\u00fcr die Moderator PIN.<\/p>\n<p>[\/et_pb_text][et_pb_image src=&#8220;https:\/\/www.talkyoo.net\/wp-content\/uploads\/old-content-images\/talkyoo-moderator-pin-roombox-on-off.de.jpg&#8220; alt=&#8220;Moderator PIN in den Einstellungen des Konferenzraumes aktivieren&#8220; align=&#8220;center&#8220; _builder_version=&#8220;4.7.7&#8243;][\/et_pb_image][et_pb_text _builder_version=&#8220;4.9.0&#8243; _module_preset=&#8220;default&#8220; text_font=&#8220;|300|||||||&#8220; link_font=&#8220;|700|||||||&#8220; ul_font=&#8220;|300|||||||&#8220; ol_font=&#8220;|300|||||||&#8220; hover_enabled=&#8220;0&#8243; sticky_enabled=&#8220;0&#8243;]<\/p>\n<h3>Einwahl als Moderator:<\/h3>\n<p>Die Moderator PIN wird zu Beginn der Konferenz angegeben. Er wird direkt an die Raumnummer &#8222;geklebt&#8220;.<\/p>\n<p class=\"room-nr-with-moderator-pin\">123456-007#<\/p>\n<p>Ist die Eingabe korrekt, kommt diese Ansage:<\/p>\n<blockquote>\n<p>&#8222;Sie sind der Moderator! Derzeit warten x Teilnehmer in der Lobby. Um die Konferenz im Zuh\u00f6r-Modus zu starten bei dem alle Teilnehmer stumm geschaltet sind dr\u00fccken Sie die [1]. Wenn man bei Ihrer Konferenz alle Teilnehmer h\u00f6ren soll, dr\u00fccken Sie die [3].\u201c<\/p>\n<\/blockquote>\n<p>[\/et_pb_text][\/et_pb_column][et_pb_column type=&#8220;1_5&#8243; _builder_version=&#8220;4.4.1&#8243;][\/et_pb_column][\/et_pb_row][\/et_pb_section][et_pb_section fb_built=&#8220;1&#8243; _builder_version=&#8220;4.9.0&#8243; _module_preset=&#8220;default&#8220; background_color=&#8220;#f6f6f6&#8243; da_disable_devices=&#8220;off|off|off&#8220; da_is_popup=&#8220;off&#8220; da_exit_intent=&#8220;off&#8220; da_has_close=&#8220;on&#8220; da_alt_close=&#8220;off&#8220; da_dark_close=&#8220;off&#8220; da_not_modal=&#8220;on&#8220; da_is_singular=&#8220;off&#8220; da_with_loader=&#8220;off&#8220; da_has_shadow=&#8220;on&#8220;][et_pb_row column_structure=&#8220;1_5,3_5,1_5&#8243; _builder_version=&#8220;4.4.1&#8243; custom_padding=&#8220;4px|||||&#8220;][et_pb_column type=&#8220;1_5&#8243; _builder_version=&#8220;4.4.1&#8243;][\/et_pb_column][et_pb_column type=&#8220;3_5&#8243; _builder_version=&#8220;4.4.1&#8243;][et_pb_text _builder_version=&#8220;4.9.0&#8243; text_font=&#8220;|300|||||||&#8220; link_font=&#8220;|700|||||||&#8220; ul_font=&#8220;|300|||||||&#8220; ol_font=&#8220;|300|||||||&#8220;]<\/p>\n<h2>Sprecher PIN<\/h2>\n<p>Die Sprecher PIN ist f\u00fcr Teilnehmer die mit dem Moderator zusammen die Konferenz abhalten. Bei Aktivierung des Zuh\u00f6r-Modus (alle Teilnehmer stumm) bleibt das Mikrophone der Anrufer mit Sprecher PIN offen.<\/p>\n<h3>Aktivierung:<\/h3>\n<p>In den Einstellungen des Konferenzraumes finden sie rechts den OFF\/ON Schalter f\u00fcr die Sprecher PIN.<\/p>\n<p>[\/et_pb_text][et_pb_image src=&#8220;https:\/\/www.talkyoo.net\/wp-content\/uploads\/old-content-images\/talkyoo-sprecher-pin-roombox-on-off.de.jpg&#8220; alt=&#8220;Sprecher PIN in den Einstellungen des Konferenzraumes aktivieren&#8220; align=&#8220;center&#8220; _builder_version=&#8220;4.7.7&#8243;][\/et_pb_image][et_pb_text _builder_version=&#8220;4.9.0&#8243; _module_preset=&#8220;default&#8220; text_font=&#8220;|300|||||||&#8220; link_font=&#8220;|700|||||||&#8220; ul_font=&#8220;|300|||||||&#8220; ol_font=&#8220;|300|||||||&#8220;]<\/p>\n<h3>Einwahl als Sprecher:<\/h3>\n<p>Der Sprecher w\u00e4hlt sich wie jeder andere Teilnehmer ein. Nach Konferenzbeginn tippen Sie die Tastenkombination:<\/p>\n<p class=\"room-nr-with-moderator-pin\">[ * ][ * ][ SPRECHER PIN ][ # ]<\/p>\n<p>Das System best\u00e4tigt bei korrekter Eingabe:\u00a0<\/p>\n<blockquote>\n<p>&#8222;Sie sind jetzt Sprecher\u201c<\/p>\n<\/blockquote>\n<p>[\/et_pb_text][\/et_pb_column][et_pb_column type=&#8220;1_5&#8243; _builder_version=&#8220;4.4.1&#8243;][\/et_pb_column][\/et_pb_row][\/et_pb_section][et_pb_section fb_built=&#8220;1&#8243; _builder_version=&#8220;4.9.0&#8243; _module_preset=&#8220;default&#8220; da_disable_devices=&#8220;off|off|off&#8220; da_is_popup=&#8220;off&#8220; da_exit_intent=&#8220;off&#8220; da_has_close=&#8220;on&#8220; da_alt_close=&#8220;off&#8220; da_dark_close=&#8220;off&#8220; da_not_modal=&#8220;on&#8220; da_is_singular=&#8220;off&#8220; da_with_loader=&#8220;off&#8220; da_has_shadow=&#8220;on&#8220;][et_pb_row column_structure=&#8220;1_5,3_5,1_5&#8243; _builder_version=&#8220;4.4.1&#8243; custom_padding=&#8220;4px|||||&#8220;][et_pb_column type=&#8220;1_5&#8243; _builder_version=&#8220;4.4.1&#8243;][\/et_pb_column][et_pb_column type=&#8220;3_5&#8243; _builder_version=&#8220;4.4.1&#8243;][et_pb_text _builder_version=&#8220;4.9.0&#8243; text_font=&#8220;|300|||||||&#8220; link_font=&#8220;|700|||||||&#8220; ul_font=&#8220;|300|||||||&#8220; ol_font=&#8220;|300|||||||&#8220; custom_padding=&#8220;10px|||||&#8220;]<\/p>\n<h2>Sicherheits PIN<\/h2>\n<p>Mit Hilfe der Sicherheits PIN sperren Sie den Raum gegen Nutzung Unbefugter. Damit k\u00f6nnen Teilnehmer eines Vortrages vom Montag durch eine neue PIN nicht am Dienstag teilnehmen.<\/p>\n<p>Ist die Sicherheits PIN in den Raumeinstellungen aktiviert, fragt das System nach Eingabe der Raumnummer nach der Sicherheits PIN.<\/p>\n<h3>Aktivierung:<\/h3>\n<p>In den Einstellungen des Konferenzraumes finden sie rechts den OFF\/ON Schalter f\u00fcr die Sicherheits PIN.<\/p>\n<p>Nach dem Klick auf \u201eSpeichern\u201c erhalten Sie per Mail eine aktuelle Einladungsvorlage in der die Sicherheits PIN aufgef\u00fchrt ist.<\/p>\n<p>[\/et_pb_text][et_pb_image src=&#8220;https:\/\/www.talkyoo.net\/wp-content\/uploads\/old-content-images\/talkyoo-sicherheits-pin-roombox-on-off.de.jpg&#8220; alt=&#8220;Sicherheits PIN in den Einstellungen des Konferenzraumes aktivieren&#8220; align=&#8220;center&#8220; _builder_version=&#8220;4.7.7&#8243;][\/et_pb_image][et_pb_text _builder_version=&#8220;4.9.0&#8243; _module_preset=&#8220;default&#8220; text_font=&#8220;|300|||||||&#8220; link_font=&#8220;|700|||||||&#8220; ul_font=&#8220;|300|||||||&#8220; ol_font=&#8220;|300|||||||&#8220;]<\/p>\n<h3>Einwahl der Teilnehmer mit Sicherheits PIN<\/h3>\n<p>Ist die Sicherheits PIN in den Raumeinstellungen aktiviert, fragt das System nach Eingabe der Raumnummer nach der Sicherheits PIN.<\/p>\n<p>[\/et_pb_text][et_pb_text _builder_version=&#8220;4.9.0&#8243; text_font=&#8220;|300|||||||&#8220; link_font=&#8220;|700|||||||&#8220; ul_font=&#8220;|300|||||||&#8220; ol_font=&#8220;|300|||||||&#8220; custom_padding=&#8220;19px|||||&#8220;]<\/p>\n<h3>Das k\u00f6nnte Sie interessieren<\/h3>\n<ul>\n<li><a href=\"https:\/\/www.talkyoo.net\/telefonkonferenz_websteuerung\">Konferenzen steuern mit der Websteuerung<\/a><\/li>\n<li><a href=\"https:\/\/www.talkyoo.net\/websteuerung-der-telefonkonferenz-wird-persoenlich\/\">Namen in der Websteuerung eingeben<\/a><\/li>\n<li><a href=\"https:\/\/www.talkyoo.net\/ausfuehrliche-statistiken-aktivieren-ungekuerzte-rufnummern-sehen\/\">Die Anzeige vollst\u00e4ndiger Rufnummern in Websteuerung und Statistik<\/a>\u00a0\u00a0<\/li>\n<\/ul>\n<p>[\/et_pb_text][\/et_pb_column][et_pb_column type=&#8220;1_5&#8243; _builder_version=&#8220;4.4.1&#8243;][\/et_pb_column][\/et_pb_row][\/et_pb_section]<\/p>\n","protected":false},"excerpt":{"rendered":"<p>So nutzen Sie Ihre Telefonkonferenz PINs Moderator PIN (Lobby) Nach Aktivierung der Moderator PIN \u00e4ndert sich das Verhalten des Konferenzraums. Die Teilnehmer warten bei Musik in der Lobby, bis der Moderator sich einw\u00e4hlt, sie k\u00f6nnen nicht mit einander sprechen. Als Moderator er\u00f6ffnen Sie die Konferenz und entscheiden, ob die Mikrophone der Teilnehmer stumm (Zuh\u00f6r-Modus: [1]) [&hellip;]<\/p>\n","protected":false},"author":4,"featured_media":0,"parent":0,"menu_order":10,"comment_status":"closed","ping_status":"closed","template":"","meta":{"_et_pb_use_builder":"on","_et_pb_old_content":"","_et_gb_content_width":"","footnotes":""},"class_list":["post-35","page","type-page","status-publish","hentry"],"_links":{"self":[{"href":"https:\/\/www.talkyoo.net\/de\/wp-json\/wp\/v2\/pages\/35","targetHints":{"allow":["GET"]}}],"collection":[{"href":"https:\/\/www.talkyoo.net\/de\/wp-json\/wp\/v2\/pages"}],"about":[{"href":"https:\/\/www.talkyoo.net\/de\/wp-json\/wp\/v2\/types\/page"}],"author":[{"embeddable":true,"href":"https:\/\/www.talkyoo.net\/de\/wp-json\/wp\/v2\/users\/4"}],"replies":[{"embeddable":true,"href":"https:\/\/www.talkyoo.net\/de\/wp-json\/wp\/v2\/comments?post=35"}],"version-history":[{"count":5,"href":"https:\/\/www.talkyoo.net\/de\/wp-json\/wp\/v2\/pages\/35\/revisions"}],"predecessor-version":[{"id":4681,"href":"https:\/\/www.talkyoo.net\/de\/wp-json\/wp\/v2\/pages\/35\/revisions\/4681"}],"wp:attachment":[{"href":"https:\/\/www.talkyoo.net\/de\/wp-json\/wp\/v2\/media?parent=35"}],"curies":[{"name":"wp","href":"https:\/\/api.w.org\/{rel}","templated":true}]}}