{"id":44,"date":"2019-08-22T11:50:55","date_gmt":"2019-08-22T11:50:55","guid":{"rendered":"https:\/\/www.talkyoo.net\/?page_id=44"},"modified":"2021-01-05T15:57:42","modified_gmt":"2021-01-05T14:57:42","slug":"telefonkonferenz_widerruf_kleingedrucktes","status":"publish","type":"page","link":"https:\/\/www.talkyoo.net\/de\/telefonkonferenz_widerruf_kleingedrucktes\/","title":{"rendered":"Widerruf \/ Kleingedrucktes"},"content":{"rendered":"<p>[et_pb_section fb_built=&#8220;1&#8243; _builder_version=&#8220;3.27.3&#8243; da_disable_devices=&#8220;off|off|off&#8220; da_is_popup=&#8220;off&#8220; da_exit_intent=&#8220;off&#8220; da_has_close=&#8220;on&#8220; da_alt_close=&#8220;off&#8220; da_dark_close=&#8220;off&#8220; da_not_modal=&#8220;on&#8220; da_is_singular=&#8220;off&#8220; da_with_loader=&#8220;off&#8220; da_has_shadow=&#8220;on&#8220;][et_pb_row _builder_version=&#8220;3.27.3&#8243; custom_padding=&#8220;80px||80px||true|&#8220;][et_pb_column type=&#8220;4_4&#8243; _builder_version=&#8220;3.27.3&#8243;][et_pb_text _builder_version=&#8220;4.3.4&#8243;]<\/p>\n<h1>Widerrufsbelehrung<\/h1>\n<p>[\/et_pb_text][et_pb_text _builder_version=&#8220;4.3.4&#8243;]<\/p>\n<h2>Widerrufsrecht<\/h2>\n<p>[\/et_pb_text][et_pb_text _builder_version=&#8220;4.3.4&#8243;]<\/p>\n<p>Sie haben das Recht, binnen vierzehn Tagen ohne Angabe von Gr\u00fcnden diesen Vertrag zu widerrufen.\u00a0Die Widerrufsfrist betr\u00e4gt vierzehn Tage ab dem Tag des Vertragsabschlusses.<\/p>\n<p>Um Ihr Widerrufsrecht auszu\u00fcben, m\u00fcssen Sie uns<\/p>\n<p style=\"padding-left: 60px;\">talkyoo telecom UG (haftungsbeschr\u00e4nkt)<br \/>Billstra\u00dfe 103<br \/>20539 Hamburg<br \/>Telefon: +49 40 99 99 99 52<br \/>E-Mail: <span><a href=\"mailto:support@talkyoo.net\">support@talkyoo.net<\/a><\/span><\/p>\n<p>mittels einer eindeutigen Erkl\u00e4rung (z. B. ein mit der Post versandter Brief, Telefax oder E-Mail) \u00fcber Ihren Entschluss, diesen Vertrag zu widerrufen, informieren.<\/p>\n<p>Sie k\u00f6nnen daf\u00fcr das beigef\u00fcgte Muster-Widerrufsformular verwenden, das jedoch nicht vorgeschrieben ist. Zur Wahrung der Widerrufsfrist reicht es aus, dass Sie die Mitteilung \u00fcber die Aus\u00fcbung des Widerrufsrechts vor Ablauf der Widerrufsfrist absenden.<\/p>\n<p>[\/et_pb_text][et_pb_button button_url=&#8220;https:\/\/www.talkyoo.net\/wp-content\/uploads\/2020\/03\/talkyoo-muster-widerrufsformular.pdf&#8220; url_new_window=&#8220;on&#8220; button_text=&#8220;Muster Widerrufsformular als PDF-Download&#8220; button_alignment=&#8220;center&#8220; _builder_version=&#8220;4.3.4&#8243; saved_tabs=&#8220;all&#8220;][\/et_pb_button][et_pb_text _builder_version=&#8220;4.3.4&#8243;]<\/p>\n<h2>Folgen des Widerrufs<\/h2>\n<p>[\/et_pb_text][et_pb_text _builder_version=&#8220;4.3.4&#8243;]<\/p>\n<p>Wenn Sie diesen Vertrag widerrufen, haben wir Ihnen alle Zahlungen, die wir von Ihnen erhalten haben, einschlie\u00dflich der Lieferkosten, unverz\u00fcglich und sp\u00e4testens binnen vierzehn Tagen ab dem Tag zur\u00fcckzuzahlen, an dem die Mitteilung \u00fcber Ihren Widerruf dieses Vertrags bei uns eingegangen ist. F\u00fcr diese R\u00fcckzahlung verwenden wir dasselbe Zahlungsmittel, das Sie bei der urspr\u00fcnglichen Transaktion eingesetzt haben, es sei denn, mit Ihnen wurde ausdr\u00fccklich etwas anderes vereinbart; in keinem Fall werden Ihnen wegen dieser R\u00fcckzahlung Entgelte berechnet.<\/p>\n<p>Haben Sie verlangt, dass die Dienstleistungen w\u00e4hrend der Widerrufsfrist beginnen soll, so haben Sie uns einen angemessenen Betrag zu zahlen, der dem Anteil der bis zu dem Zeitpunkt, zu dem Sie uns von der Aus\u00fcbung des Widerrufsrechts hinsichtlich dieses Vertrags unterrichten, bereits erbrachten Dienstleistungen im Vergleich zum Gesamtumfang der im Vertrag vorgesehenen Dienstleistungen entspricht.<\/p>\n<p>[\/et_pb_text][et_pb_text module_id=&#8220;kostenlos-bei-festnetz-flat&#8220; _builder_version=&#8220;4.4.5&#8243;]<\/p>\n<h2>Kleingedrucktes: Kosten einer Telefonkonferenz mit Fastnetz-Flatrate<\/h2>\n<p>[\/et_pb_text][et_pb_text _builder_version=&#8220;4.3.4&#8243;]<\/p>\n<p>* Ist eine sog. Festnetz-Flatrate nicht vorhanden, fallen die Verbindungsgeb\u00fchren zu den Einwahlnummern f\u00fcr den Teilnehmer an.<\/p>\n<p>Bei Tarifen die eine Flatrate ins Festnetz enthalten entstehen den Teilnehmern von talkyoo Konferenzen in der Regel keine Kosten.<\/p>\n<p>Dies ist ein Unterschied zu anderen Telefonkonferenzanbietern. Die Einwahlnummern der Mitbewerber sind g\u00e4ngigen Telefonanbieter bekannt. Einige Telefonanbieter o2, NetCologne oder Vodafone berechnen Ihren Kunden f\u00fcr \u201eServicedienste\u201c 2,9-9 Cent pro Minute. Das passiert auch, wenn diese Dienste \u00fcber eine deutsche Festnetznummer angeboten werden.<\/p>\n<p>Bei talkyoo hat jeder Kunde aus Deutschland eine individuelle Festnetznummer. So werden diese Nummern h\u00e4ufig nicht von den Telefonanbietern als Rufnummern eines Servicediensts erkannt.<\/p>\n<p>&nbsp;<\/p>\n<ul>\n<li>Wie <a href=\"https:\/\/www.teltarif.de\/1und1-telefonkonferenz-festnetznummer-nicht-mehr-berechnet-home-office\/news\/81325.html\">teltarif.de<\/a> berichtet stellt 1&amp;1 die Berechnung von Anrufen zu Festnetznummer zum 16. Juli 2020 ein. Auch auf der Seite von 1&amp;1 wird dies best\u00e4tigt:\u00a0<a href=\"https:\/\/hilfe-center.1und1.de\/rechnung-c85326\/rechnungspositionen-c85331\/berechnung-von-service--und-konferenzdiensten-a793873.html\">https:\/\/hilfe-center.1und1.de\/rechnung-c85326\/rechnungspositionen-c85331\/berechnung-von-service&#8211;und-konferenzdiensten-a793873.html<\/a>\u00a0<\/li>\n<li>NetCologne ver\u00f6ffentlicht die von der Telefon-Flat ausgenommenen Rufnummern:\u00a0<a href=\"https:\/\/www.netcologne.de\/privatkunden\/hilfe\/servicedienste-festnetzrufnummern\">https:\/\/www.netcologne.de\/privatkunden\/hilfe\/servicedienste-festnetzrufnummern<\/a>\u00a0(Stand: 26.5.2020)\u00a0<\/li>\n<li>O2 stellt eine solche Liste Ihren Kunden nicht zur Verf\u00fcgung (Stand: 2\/2019. Quelle: <a href=\"https:\/\/hilfe.o2online.de\/dsl-vertrag-33\/kosten-telefonkonferenz-475598\">https:\/\/hilfe.o2online.de\/dsl-vertrag-33\/kosten-telefonkonferenz-475598<\/a>)<\/li>\n<\/ul>\n<p>[\/et_pb_text][\/et_pb_column][\/et_pb_row][\/et_pb_section]<\/p>\n","protected":false},"excerpt":{"rendered":"<p>WiderrufsbelehrungWiderrufsrechtSie haben das Recht, binnen vierzehn Tagen ohne Angabe von Gr\u00fcnden diesen Vertrag zu widerrufen.\u00a0Die Widerrufsfrist betr\u00e4gt vierzehn Tage ab dem Tag des Vertragsabschlusses. Um Ihr Widerrufsrecht auszu\u00fcben, m\u00fcssen Sie uns talkyoo telecom UG (haftungsbeschr\u00e4nkt)Billstra\u00dfe 10320539 HamburgTelefon: +49 40 99 99 99 52E-Mail: support@talkyoo.net mittels einer eindeutigen Erkl\u00e4rung (z. B. ein mit der Post versandter [&hellip;]<\/p>\n","protected":false},"author":4,"featured_media":0,"parent":0,"menu_order":14,"comment_status":"closed","ping_status":"closed","template":"","meta":{"_et_pb_use_builder":"on","_et_pb_old_content":"<!-- wp:divi\/placeholder \/-->","_et_gb_content_width":"","footnotes":""},"class_list":["post-44","page","type-page","status-publish","hentry"],"_links":{"self":[{"href":"https:\/\/www.talkyoo.net\/de\/wp-json\/wp\/v2\/pages\/44","targetHints":{"allow":["GET"]}}],"collection":[{"href":"https:\/\/www.talkyoo.net\/de\/wp-json\/wp\/v2\/pages"}],"about":[{"href":"https:\/\/www.talkyoo.net\/de\/wp-json\/wp\/v2\/types\/page"}],"author":[{"embeddable":true,"href":"https:\/\/www.talkyoo.net\/de\/wp-json\/wp\/v2\/users\/4"}],"replies":[{"embeddable":true,"href":"https:\/\/www.talkyoo.net\/de\/wp-json\/wp\/v2\/comments?post=44"}],"version-history":[{"count":11,"href":"https:\/\/www.talkyoo.net\/de\/wp-json\/wp\/v2\/pages\/44\/revisions"}],"predecessor-version":[{"id":3978,"href":"https:\/\/www.talkyoo.net\/de\/wp-json\/wp\/v2\/pages\/44\/revisions\/3978"}],"wp:attachment":[{"href":"https:\/\/www.talkyoo.net\/de\/wp-json\/wp\/v2\/media?parent=44"}],"curies":[{"name":"wp","href":"https:\/\/api.w.org\/{rel}","templated":true}]}}