{"id":920,"date":"2020-01-09T15:30:00","date_gmt":"2020-01-09T14:30:00","guid":{"rendered":"https:\/\/www.talkyoo.net\/?page_id=920"},"modified":"2020-01-09T17:04:47","modified_gmt":"2020-01-09T16:04:47","slug":"webinar","status":"publish","type":"page","link":"https:\/\/www.talkyoo.net\/de\/landingpages\/webinar\/","title":{"rendered":"Webinar \u2013 So einfach funktioniert das Webinar mit talkyoo.net"},"content":{"rendered":"<p>[et_pb_section fb_built=&#8220;1&#8243; fullwidth=&#8220;on&#8220; _builder_version=&#8220;3.27.3&#8243;][et_pb_fullwidth_slider _builder_version=&#8220;4.0.11&#8243; header_level=&#8220;h1&#8243; header_font=&#8220;|700|||||||&#8220; custom_padding=&#8220;200px||200px|||&#8220; hover_enabled=&#8220;0&#8243;][et_pb_slide heading=&#8220;Webinar \u2013 So einfach funktioniert das Webinar mit talkyoo.net&#8220; _builder_version=&#8220;4.0.11&#8243; header_level=&#8220;h1&#8243; header_text_align=&#8220;center&#8220; background_enable_color=&#8220;off&#8220; background_image=&#8220;https:\/\/www.talkyoo.net\/wp-content\/uploads\/2019\/08\/telefonkonferenz-webkonferenz-start-teilnehmer-unkompliziert.jpg&#8220; background_enable_image=&#8220;on&#8220; hover_enabled=&#8220;0&#8243;]<\/p>\n<p><span>Sie wollen eine Webinar anbieten, organisieren oder durchf\u00fchren und fragen sich, welche Software daf\u00fcr geeignet ist? Oder wie die Sache mit einem Webinar \u00fcberhaupt funktioniert? Dann testen Sie talkyoo \u2013 unsere vielseitige Kommunikationsl\u00f6sung f\u00fcr Webkonferenzen unterschiedlicher Art eigenen sich auch hervorragend f\u00fcr Webinare. Software-Installation: Nicht notwendig.<\/span><\/p>\n<p>[\/et_pb_slide][\/et_pb_fullwidth_slider][\/et_pb_section][et_pb_section fb_built=&#8220;1&#8243; _builder_version=&#8220;3.27.3&#8243;][et_pb_row _builder_version=&#8220;3.27.3&#8243;][et_pb_column type=&#8220;4_4&#8243; _builder_version=&#8220;3.27.3&#8243;][et_pb_text _builder_version=&#8220;4.0.11&#8243; width=&#8220;60%&#8220; module_alignment=&#8220;center&#8220; custom_margin=&#8220;||80px|||&#8220;]<\/p>\n<h2>Online-Seminar, Webinar oder anderes Format<\/h2>\n<p><span>Als Anbieter rund um Ihre Kommunikation haben wir eine L\u00f6sung, die ideal f\u00fcr Webinare geeignet ist: Die Webkonferenz. Sie bereiten Ihr Webinar vor, laden die Teilnehmer \u00fcber unsere Plattform ein \u2013 unsere Server verbinden Sie dann mit den Teilnehmern. Dabei sind bis zu 100 Teilnehmer m\u00f6glich. Ein Webinar oder Online-Seminar kann so auch einem gr\u00f6\u00dferen Teilnehmerkreis zug\u00e4nglich gemacht werden, ohne Software installieren zu m\u00fcssen.<\/span><\/p>\n<p><span><\/span><\/p>\n<h2>Webinar mit vielen M\u00f6glichkeiten \u2013 ohne Software-Installation<\/h2>\n<p>Ist die Verbindung aufgebaut, stehen Ihnen vielseitige M\u00f6glichkeiten zur Verf\u00fcgung: Sie k\u00f6nnen im Zuge des Webnars Ihren Bildschirm mit den Teilnehmern teilen \u2013 dabei entscheiden Sie selbst, was genau gezeigt werden soll. Sie k\u00f6nnen per Video mit allen Teilnehmern kommunizieren &#8211; auch untereinander \u2013 eine Online-Pr\u00e4sentation durchf\u00fchren, Dateien \u00fcbertragen oder mit den Teilnehmern chatten. Gut sichtbare Zeigepfeile helfen, Ihre Botschaften klar und verst\u00e4ndlich zu machen. Ein Whiteboard steht ebenfalls zur Verf\u00fcgung.<\/p>\n<p>Die Daten werden dabei selbstverst\u00e4ndlich verschl\u00fcsselt (Ende-zu-Ende-Verschl\u00fcsselt mit 256-Bit AES). All das funktioniert sowohl bei Ihnen als auch bei Ihren Teilnehmern \u00fcber den Browser. Die Installation zus\u00e4tzlicher Software ist also nicht notwendig. Testen Sie unser Webkonferenz-Paket und legen Sie mit Ihrem Webinar los.<\/p>\n<p>[\/et_pb_text][et_pb_button button_url=&#8220;https:\/\/www.talkyoo.net\/telefonkonferenz_webkonferenz&#8220; button_text=&#8220;Mehr Infos&#8220; button_alignment=&#8220;center&#8220; _builder_version=&#8220;4.0.11&#8243; custom_button=&#8220;on&#8220; button_text_color=&#8220;#ffffff&#8220; button_bg_color=&#8220;#000000&#8243; button_border_radius=&#8220;10px&#8220;][\/et_pb_button][et_pb_button button_url=&#8220;https:\/\/www.talkyoo.net#section-test-free&#8220; button_text=&#8220;Kostenlos Testen&#8220; button_alignment=&#8220;center&#8220; _builder_version=&#8220;3.27.3&#8243;][\/et_pb_button][\/et_pb_column][\/et_pb_row][\/et_pb_section]<\/p>\n","protected":false},"excerpt":{"rendered":"<p>Sie wollen eine Webinar anbieten, organisieren oder durchf\u00fchren und fragen sich, welche Software daf\u00fcr geeignet ist? Oder wie die Sache mit einem Webinar \u00fcberhaupt funktioniert? Dann testen Sie talkyoo \u2013 unsere vielseitige Kommunikationsl\u00f6sung f\u00fcr Webkonferenzen unterschiedlicher Art eigenen sich auch hervorragend f\u00fcr Webinare. Software-Installation: Nicht notwendig.Online-Seminar, Webinar oder anderes Format Als Anbieter rund um Ihre [&hellip;]<\/p>\n","protected":false},"author":4,"featured_media":0,"parent":980,"menu_order":1,"comment_status":"closed","ping_status":"closed","template":"","meta":{"_et_pb_use_builder":"on","_et_pb_old_content":"","_et_gb_content_width":"","footnotes":""},"class_list":["post-920","page","type-page","status-publish","hentry"],"_links":{"self":[{"href":"https:\/\/www.talkyoo.net\/de\/wp-json\/wp\/v2\/pages\/920","targetHints":{"allow":["GET"]}}],"collection":[{"href":"https:\/\/www.talkyoo.net\/de\/wp-json\/wp\/v2\/pages"}],"about":[{"href":"https:\/\/www.talkyoo.net\/de\/wp-json\/wp\/v2\/types\/page"}],"author":[{"embeddable":true,"href":"https:\/\/www.talkyoo.net\/de\/wp-json\/wp\/v2\/users\/4"}],"replies":[{"embeddable":true,"href":"https:\/\/www.talkyoo.net\/de\/wp-json\/wp\/v2\/comments?post=920"}],"version-history":[{"count":0,"href":"https:\/\/www.talkyoo.net\/de\/wp-json\/wp\/v2\/pages\/920\/revisions"}],"up":[{"embeddable":true,"href":"https:\/\/www.talkyoo.net\/de\/wp-json\/wp\/v2\/pages\/980"}],"wp:attachment":[{"href":"https:\/\/www.talkyoo.net\/de\/wp-json\/wp\/v2\/media?parent=920"}],"curies":[{"name":"wp","href":"https:\/\/api.w.org\/{rel}","templated":true}]}}