{"id":942,"date":"2020-01-09T17:09:39","date_gmt":"2020-01-09T16:09:39","guid":{"rendered":"https:\/\/www.talkyoo.net\/?page_id=942"},"modified":"2026-05-09T14:56:32","modified_gmt":"2026-05-09T12:56:32","slug":"telefonkonferenz_mit_einem_smartphone_erreichen","status":"publish","type":"page","link":"https:\/\/www.talkyoo.net\/de\/landingpages\/telefonkonferenz_mit_einem_smartphone_erreichen\/","title":{"rendered":"Telefonkonferenz mit einem Smartphone erreichen."},"content":{"rendered":"<div class=\"et_pb_section_0 et_pb_section et_section_regular et_block_section\"><div class=\"et_pb_row_0 et_pb_row et_block_row\"><div class=\"et_pb_column_0 et_pb_column et_pb_column_4_4 et-last-child et_block_column et_pb_css_mix_blend_mode_passthrough\"><div class=\"et_pb_text_0 et_pb_text et_pb_bg_layout_light et_pb_module et_block_module\"><div class=\"et_pb_text_inner\"><h1>Telefonkonferenz mit Smartphone<\/h1>\n<\/div><\/div><\/div><\/div><div class=\"et_pb_row_1 et_pb_row et_pb_row_3-4_1-4 et_block_row et_block_row_3-4_1-4\"><div class=\"et_pb_column_1 et_pb_column et_pb_column_3_4 et_block_column et_pb_css_mix_blend_mode_passthrough\"><div class=\"et_pb_text_1 et_pb_text et_pb_bg_layout_light et_pb_module et_block_module\"><div class=\"et_pb_text_inner\"><h2>An einer Telefonkonferenz mit Smartphone teilnehmen<\/h2>\n<\/div><\/div><div class=\"et_pb_text_2 et_pb_text et_pb_bg_layout_light et_pb_module et_block_module\"><div class=\"et_pb_text_inner\"><p>Eine Telefonkonferenz mit einem Smartphone zu erreichen ist in der Regel kein Problem, sofern Ihnen eine E-Mail mit den Einladungsdaten zugeschickt wurde. Der Rest funktioniert wie in jedem anderen Telefonat auch: Sie rufen an und geben \u00fcber die dann auf dem Smartphone verf\u00fcgbare Eingabe von Zahlen und Zeichen Ihren Konferenzraum an \u2013 schon kann es los gehen.<\/p>\n<p>Eine App ist f\u00fcr eine Telefonkonferenz oder die zus\u00e4tzliche telefonische Einwahl in eine Webkonferenz nicht notwendig.<span style=\"font-size: 16px; font-family: 'Helvetica Neue', Helvetica, Arial, sans-serif;\">\u00a0<\/span><\/p>\n<p><span style=\"font-size: 16px; font-family: 'Helvetica Neue', Helvetica, Arial, sans-serif;\"><\/span><\/p>\n<\/div><\/div><div class=\"et_pb_text_3 et_pb_text et_pb_bg_layout_light et_pb_module et_block_module\"><div class=\"et_pb_text_inner\"><h2>Telefonkonferenz am Smartphone moderieren\u00a0<\/h2>\n<\/div><\/div><div class=\"et_pb_text_4 et_pb_text et_pb_bg_layout_light et_pb_module et_block_module\"><div class=\"et_pb_text_inner\"><p>Wenn Sie der Organisator einer Telefonkonferenz oder Webkonferenz sind, ben\u00f6tigen Sie ebenfalls keine App, um ein Smartphone oder Tablet zu benutzen. Unsere Benutzeroberfl\u00e4che ist so programmiert, dass sie sich an die Bildschirmgr\u00f6\u00dfe des Ausgabeger\u00e4tes (Also Ihres Tablet oder Smartphones) anpasst. So k\u00f6nnen Sie auch bequem von unterwegs aus alle Funktionen verwenden.<\/p>\n<p>Aber gerade unterwegs ist die Steuerung der Konferenz mit den <a href=\"https:\/\/www.talkyoo.net#tastaturkombinationen\">Tasten des Smartphones<\/a> noch praktischer.\u00a0<\/p>\n<p>&nbsp;<\/p>\n<\/div><\/div><div class=\"et_pb_text_5 et_pb_text et_pb_bg_layout_light et_pb_module et_block_module\"><div class=\"et_pb_text_inner\"><h2>Tipp f\u00fcr Smartphone-Teilnehmer: Stumm schalten<\/h2>\n<\/div><\/div><div class=\"et_pb_text_6 et_pb_text et_pb_bg_layout_light et_pb_module et_block_module\"><div class=\"et_pb_text_inner\"><p>Sie k\u00f6nnen das Mikrofon w\u00e4hrend einer Telefonkonferenz oder Webkonferenz einfach stumm schalten, so dass Umgebungsger\u00e4usche nicht \u00fcbertragen werden. Das ist praktisch, wenn Sie gegebenenfalls in einer lauten Umgebung sind oder f\u00fcr eine Weile nur zuh\u00f6ren wollen.<\/p>\n<\/div><\/div><div class=\"et_pb_module et_pb_button_module_wrapper et_pb_button_0_wrapper\"><a class=\"et_pb_button_0 et_pb_button et_pb_bg_layout_light et_pb_module et_block_module\" href=\"https:\/\/www.talkyoo.net\/#section-test-free\">Kostenlos Testen<\/a><\/div><div class=\"et_pb_text_7 et_pb_text et_pb_bg_layout_light et_pb_module et_block_module\"><div class=\"et_pb_text_inner\"><h2>Tipp f\u00fcr Smartphone-Teilnehmer: Raumnummer im Telefonbuch speichern<\/h2>\n<\/div><\/div><div class=\"et_pb_text_8 et_pb_text et_pb_bg_layout_light et_pb_module et_block_module\"><div class=\"et_pb_text_inner\"><p>Beim Smartphone kann man Kontakte speichern und verwalten. Das ist praktisch, wenn Sie jemanden anrufen wollen. Dann m\u00fcssen Sie nur den Namen kennen.<\/p>\n<p>Bei der Einwahl in die Telefonkonferenz brauchen Sie sich die Raumnummer auch nicht zu merken. Sie k\u00f6nnen einen Kontakt f\u00fcr Ihre Telefonkonferenz anlegen. Bei diesem Kontakt <a href=\"https:\/\/www.talkyoo.net\/waehlen-drin-speichern-von-einwahlnummer-und-raumnummer\/\">speichern sie Einwahlnummer und Raumnummer<\/a>. So sind Sie mit einem Klick in ihrem Raum.<\/p>\n<p>Eine Anleitung finden Sie in dem Artikel \"<a href=\"https:\/\/www.talkyoo.net\/waehlen-drin-speichern-von-einwahlnummer-und-raumnummer\/\">W\u00e4hlen, drin! Speichern von Einwahlnummer und Raumnummer.<\/a>\"<\/p>\n<p>&nbsp;<\/p>\n<\/div><\/div><div class=\"et_pb_module et_pb_button_module_wrapper et_pb_button_1_wrapper\"><a class=\"et_pb_button_1 et_pb_button et_pb_bg_layout_light et_pb_module et_block_module\" href=\"https:\/\/www.talkyoo.net\/#section-test-free\">Kostenlos Testen<\/a><\/div><div class=\"et_pb_text_9 et_pb_text et_pb_bg_layout_light et_pb_module et_block_module\"><div class=\"et_pb_text_inner\"><h2>Einfache Konferenz am Smartphone einrichten<\/h2>\n<\/div><\/div><div class=\"et_pb_text_10 et_pb_text et_pb_bg_layout_light et_pb_module et_block_module\"><div class=\"et_pb_text_inner\"><p>Wenn Sie eine einfache Konferenz mit wenigen Teilnehmern f\u00fchren wollen. K\u00f6nnen Sie an Ihrem Smartphone unterschiedliche, gleichzeitige Gespr\u00e4che zu einer Konferenz zusammen f\u00fchren.<\/p>\n<p>Daf\u00fcr ben\u00f6tigen sie keinen <a href=\"https:\/\/www.talkyoo.net\/\">Telefonkonferenz-Anbieter<\/a>. Im Gegenzug verzichten Sie auf viele <a href=\"https:\/\/www.talkyoo.net\/#features-with-description\">Funktionen<\/a>, welche Ihnen die Telefonkonferenzen von talkyoo bietet. Ihr Mobilfunkanbieter muss diese Funktion unterst\u00fctzen. Lesen Sie hier, wie Sie eine <a href=\"https:\/\/www.talkyoo.net\/telefonkonferenz-iphone-einrichten\/\">Telefonkonferenz am iPhone einrichten<\/a>.<\/p>\n<\/div><\/div><div class=\"et_pb_module et_pb_button_module_wrapper et_pb_button_2_wrapper\"><a class=\"et_pb_button_2 et_pb_button et_pb_bg_layout_light et_pb_module et_block_module\" href=\"https:\/\/www.talkyoo.net\/#section-test-free\">Kostenlos Testen<\/a><\/div><\/div><div class=\"et_pb_column_2 et_pb_column et_pb_column_1_4 et-last-child et_block_column et_pb_css_mix_blend_mode_passthrough\"><div class=\"et_pb_image_0 et_pb_image et_pb_module et_block_module\"><span class=\"et_pb_image_wrap\"><img decoding=\"async\" src=\"https:\/\/www.talkyoo.net\/wp-content\/uploads\/2019\/08\/slider-mann-telefoniert-vor-eiffelturm-e1592319383693.jpg\" width=\"518\" height=\"799\" srcset=\"https:\/\/www.talkyoo.net\/wp-content\/uploads\/2019\/08\/slider-mann-telefoniert-vor-eiffelturm-e1592319383693-518x551.jpg 518w, https:\/\/www.talkyoo.net\/wp-content\/uploads\/2019\/08\/slider-mann-telefoniert-vor-eiffelturm-e1592319383693-480x270.jpg 480w\" sizes=\"(min-width: 0px) and (max-width: 480px) 480px, (min-width: 481px) and (max-width: 518px) 518px, 100vw\" class=\"wp-image-206\" title=\"slider-mann-telefoniert-vor-eiffelturm\" alt=\"Telefonkonferenz mit Smartphone f\u00fchren\" \/><\/span><\/div><div class=\"et_pb_blurb_0 et_pb_blurb et_pb_bg_layout_light et_pb_blurb_position_top et_pb_module et_block_module\"><div class=\"et_pb_blurb_content\"><div class=\"et_pb_blurb_container\"><h4 class=\"et_pb_module_header\">Was ist ein Smartphone?<\/h4><div class=\"et_pb_blurb_description\"><p>Ein Smartphone ist ein Mobiltelefon, das \u00fcber weitere Funktionalit\u00e4ten verf\u00fcgt.<\/p>\n<p>In den 1990er Jahren gab es erste Ger\u00e4te welche die Verwaltung von Kontakten und Termin sowie das Telefonieren im Mobilfunknetz erm\u00f6glichten.<\/p>\n<p>Sp\u00e4tere Smartphones dienten auch der Wiedergabe von Musik. Diese Funktion belebte die Marke \u201eWalkman\u201c noch ein bisher letztes Mal.<\/p>\n<p>Mobiltelefone mit einer digitalen Kamera f\u00fcr die Aufnahme von Fotos und Videos wurden umgangssprachlich Fotohandys genannt.<\/p>\n<p>Heutige Smartphones bieten standortbezogene Dienste, wie die GPS-Navigation und sind per Mobilfunk mit dem Internet verbunden. Die Bedienung erfolgt meist per Touchscreen oder Sprachsteuerung.<\/p>\n<p><span style=\"color: #000000;\">Smartphones verf\u00fcgen \u00fcber ein Betriebssystem. Von fast allen Herstellern wird Android verwendet Apple Ger\u00e4te setzen Apple iOS ein.<\/span><\/p>\n<p style=\"text-align: right;\"><span style=\"color: #000000;\">\u00a0<span style=\"font-size: small; color: rgba(66, 139, 202, 0.55);\"><a href=\"https:\/\/de.wikipedia.org\/wiki\/Smartphone\" style=\"color: rgba(66, 139, 202, 0.55);\">Quelle<\/a><\/span><\/span><\/p>\n<p>&nbsp;<\/p>\n<\/div><\/div><\/div><\/div><\/div><\/div><div class=\"et_pb_row_2 et_pb_row et_block_row\"><div class=\"et_pb_column_3 et_pb_column et_pb_column_4_4 et-last-child et_block_column et_pb_css_mix_blend_mode_passthrough\"><div class=\"et_pb_text_11 et_pb_text et_pb_bg_layout_light et_pb_module et_block_module\"><div class=\"et_pb_text_inner\"><h2>Leser mit Smartphone interessieren sich f\u00fcr diese Themen\u00a0<\/h2>\n<\/div><\/div><div class=\"et_pb_text_12 et_pb_text et_pb_bg_layout_light et_pb_module et_block_module\"><div class=\"et_pb_text_inner\"><ul>\n<li><a href=\"https:\/\/www.talkyoo.net\/telefonkonferenzen-mit-sicherheit\/\">Konferenzen steuern mit der Web-Control<\/a><\/li>\n<li><a href=\"https:\/\/www.talkyoo.net\/telefonkonferenzen-mit-sicherheit\/\">Telefonkonferenzen mit Sicherheit! talkyoo sch\u00fctzt mit diesen Funktionen<\/a><\/li>\n<li><a href=\"https:\/\/www.talkyoo.net\/in-telefonkonferenzen-erfolgreich-informieren\/\">In Telefonkonferenzen erfolgreich informieren!<\/a><\/li>\n<li><a href=\"https:\/\/www.talkyoo.net\/telefonkonferenz-kostenlos-anleitung-und-antworten\/\">Schritt f\u00fcr Schritt zur kostenlosen Telefonkonferenz<\/a><\/li>\n<\/ul>\n<\/div><\/div><\/div><\/div><\/div>","protected":false},"excerpt":{"rendered":"","protected":false},"author":4,"featured_media":0,"parent":980,"menu_order":4,"comment_status":"closed","ping_status":"closed","template":"","meta":{"footnotes":""},"class_list":["post-942","page","type-page","status-publish","hentry"],"_links":{"self":[{"href":"https:\/\/www.talkyoo.net\/de\/wp-json\/wp\/v2\/pages\/942","targetHints":{"allow":["GET"]}}],"collection":[{"href":"https:\/\/www.talkyoo.net\/de\/wp-json\/wp\/v2\/pages"}],"about":[{"href":"https:\/\/www.talkyoo.net\/de\/wp-json\/wp\/v2\/types\/page"}],"author":[{"embeddable":true,"href":"https:\/\/www.talkyoo.net\/de\/wp-json\/wp\/v2\/users\/4"}],"replies":[{"embeddable":true,"href":"https:\/\/www.talkyoo.net\/de\/wp-json\/wp\/v2\/comments?post=942"}],"version-history":[{"count":6,"href":"https:\/\/www.talkyoo.net\/de\/wp-json\/wp\/v2\/pages\/942\/revisions"}],"predecessor-version":[{"id":5236,"href":"https:\/\/www.talkyoo.net\/de\/wp-json\/wp\/v2\/pages\/942\/revisions\/5236"}],"up":[{"embeddable":true,"href":"https:\/\/www.talkyoo.net\/de\/wp-json\/wp\/v2\/pages\/980"}],"wp:attachment":[{"href":"https:\/\/www.talkyoo.net\/de\/wp-json\/wp\/v2\/media?parent=942"}],"curies":[{"name":"wp","href":"https:\/\/api.w.org\/{rel}","templated":true}]}}