{"id":969,"date":"2020-01-09T17:49:22","date_gmt":"2020-01-09T16:49:22","guid":{"rendered":"https:\/\/www.talkyoo.net\/?page_id=969"},"modified":"2020-01-09T17:52:57","modified_gmt":"2020-01-09T16:52:57","slug":"skype_alternative","status":"publish","type":"page","link":"https:\/\/www.talkyoo.net\/de\/landingpages\/skype_alternative\/","title":{"rendered":"Videokonferenzen und Videotelefonie von talkyoo als Alternative zu Skype"},"content":{"rendered":"<p>[et_pb_section fb_built=&#8220;1&#8243; fullwidth=&#8220;on&#8220; _builder_version=&#8220;3.27.3&#8243;][et_pb_fullwidth_slider _builder_version=&#8220;4.0.11&#8243; header_level=&#8220;h1&#8243; header_font=&#8220;|700|||||||&#8220; custom_padding=&#8220;200px||200px|||&#8220;][et_pb_slide heading=&#8220;Videokonferenzen und Videotelefonievon talkyoo als Alternative zu Skype&#8220; _builder_version=&#8220;4.0.11&#8243; header_level=&#8220;h1&#8243; header_text_align=&#8220;center&#8220; background_enable_color=&#8220;off&#8220; background_image=&#8220;https:\/\/www.talkyoo.net\/wp-content\/uploads\/2019\/08\/telefonkonferenz-webkonferenz-start-teilnehmer-unkompliziert.jpg&#8220; background_enable_image=&#8220;on&#8220; width=&#8220;60%&#8220; width_tablet=&#8220;100%&#8220; width_phone=&#8220;&#8220; width_last_edited=&#8220;on|phone&#8220;]<\/p>\n<p><span>F\u00fcr Videokonferenzen und Videotelefonie wird gerne auf Skype zur\u00fcck gegriffen. Insbesondere im gesch\u00e4ftlichen Umfeld gen\u00fcgt Skype aber nicht den Anforderungen an eine professionelle Kommunikation. Wir haben L\u00f6sungen.<\/span><\/p>\n<p>[\/et_pb_slide][\/et_pb_fullwidth_slider][\/et_pb_section][et_pb_section fb_built=&#8220;1&#8243; _builder_version=&#8220;4.0.11&#8243; custom_padding=&#8220;50px||50px||false|false&#8220;][et_pb_row _builder_version=&#8220;3.27.3&#8243;][et_pb_column type=&#8220;4_4&#8243; _builder_version=&#8220;3.27.3&#8243;][et_pb_text _builder_version=&#8220;4.0.11&#8243; width=&#8220;60%&#8220; module_alignment=&#8220;center&#8220; custom_margin=&#8220;||80px|||&#8220; hover_enabled=&#8220;0&#8243;]<\/p>\n<h2>Kommunikation per Video und mit anderen Medien in unserer Webkonferenz<\/h2>\n<p>Mit unserer Webkonferenz-L\u00f6sung finden Sie eine professionelle und leicht bedienbare Alternative zur Skype Videotelefonie oder auch zum Desktop-Sharing via Skype. Mit talkyoo melden Sie sich einfach an, w\u00e4hlen aus, welche Funktionen Sie nutzen wollen und versenden die Einladung per E-Mail. Ihre Teilnehmer k\u00f6nnen Sie dann aktiv einbeziehen \u2013 bis zu 100 Teilnehmer sind m\u00f6glich, die ihr Bild oder ein Standbild an alle anderen \u00fcbertragen k\u00f6nnen. Damit sind Sie professionell aufgestellt und nutzen ausserdem andere M\u00f6glichkeiten wie die Online-Pr\u00e4sentation, den Chat, das \u00dcbertragen von Dateien und vieles mehr.<\/p>\n<p>[\/et_pb_text][et_pb_button button_url=&#8220;https:\/\/www.talkyoo.net\/telefonkonferenz_webkonferenz&#8220; button_text=&#8220;Mehr Infos&#8220; button_alignment=&#8220;center&#8220; _builder_version=&#8220;4.0.11&#8243; custom_button=&#8220;on&#8220; button_text_color=&#8220;#ffffff&#8220; button_bg_color=&#8220;#000000&#8243; button_border_radius=&#8220;10px&#8220; hover_enabled=&#8220;0&#8243;][\/et_pb_button][et_pb_button button_url=&#8220;https:\/\/www.talkyoo.net#section-test-free&#8220; button_text=&#8220;Kostenlos Testen&#8220; button_alignment=&#8220;center&#8220; _builder_version=&#8220;4.0.11&#8243;][\/et_pb_button][\/et_pb_column][\/et_pb_row][\/et_pb_section]<\/p>\n","protected":false},"excerpt":{"rendered":"<p>F\u00fcr Videokonferenzen und Videotelefonie wird gerne auf Skype zur\u00fcck gegriffen. Insbesondere im gesch\u00e4ftlichen Umfeld gen\u00fcgt Skype aber nicht den Anforderungen an eine professionelle Kommunikation. Wir haben L\u00f6sungen.Kommunikation per Video und mit anderen Medien in unserer Webkonferenz Mit unserer Webkonferenz-L\u00f6sung finden Sie eine professionelle und leicht bedienbare Alternative zur Skype Videotelefonie oder auch zum Desktop-Sharing via [&hellip;]<\/p>\n","protected":false},"author":4,"featured_media":0,"parent":980,"menu_order":2,"comment_status":"closed","ping_status":"closed","template":"","meta":{"_et_pb_use_builder":"on","_et_pb_old_content":"","_et_gb_content_width":"","footnotes":""},"class_list":["post-969","page","type-page","status-publish","hentry"],"_links":{"self":[{"href":"https:\/\/www.talkyoo.net\/de\/wp-json\/wp\/v2\/pages\/969","targetHints":{"allow":["GET"]}}],"collection":[{"href":"https:\/\/www.talkyoo.net\/de\/wp-json\/wp\/v2\/pages"}],"about":[{"href":"https:\/\/www.talkyoo.net\/de\/wp-json\/wp\/v2\/types\/page"}],"author":[{"embeddable":true,"href":"https:\/\/www.talkyoo.net\/de\/wp-json\/wp\/v2\/users\/4"}],"replies":[{"embeddable":true,"href":"https:\/\/www.talkyoo.net\/de\/wp-json\/wp\/v2\/comments?post=969"}],"version-history":[{"count":0,"href":"https:\/\/www.talkyoo.net\/de\/wp-json\/wp\/v2\/pages\/969\/revisions"}],"up":[{"embeddable":true,"href":"https:\/\/www.talkyoo.net\/de\/wp-json\/wp\/v2\/pages\/980"}],"wp:attachment":[{"href":"https:\/\/www.talkyoo.net\/de\/wp-json\/wp\/v2\/media?parent=969"}],"curies":[{"name":"wp","href":"https:\/\/api.w.org\/{rel}","templated":true}]}}