{"id":380,"date":"2019-08-28T07:29:55","date_gmt":"2019-08-28T07:29:55","guid":{"rendered":"https:\/\/www.talkyoo.net\/recesso-termini-e-condizioni\/"},"modified":"2021-01-12T17:05:15","modified_gmt":"2021-01-12T16:05:15","slug":"conference_call_recesso_termini_e_condizioni","status":"publish","type":"page","link":"https:\/\/www.talkyoo.net\/it\/conference_call_recesso_termini_e_condizioni\/","title":{"rendered":"Recesso\/Termini e condizioni"},"content":{"rendered":"<p>[et_pb_section fb_built=&#8221;1&#8243; _builder_version=&#8221;3.27.3&#8243; da_is_popup=&#8221;off&#8221; da_exit_intent=&#8221;off&#8221; da_has_close=&#8221;on&#8221; da_alt_close=&#8221;off&#8221; da_dark_close=&#8221;off&#8221; da_not_modal=&#8221;on&#8221; da_is_singular=&#8221;off&#8221; da_with_loader=&#8221;off&#8221; da_has_shadow=&#8221;on&#8221; da_disable_devices=&#8221;off|off|off&#8221;][et_pb_row _builder_version=&#8221;3.27.3&#8243; custom_padding=&#8221;80px||80px||true|&#8221;][et_pb_column type=&#8221;4_4&#8243; _builder_version=&#8221;3.27.3&#8243;][et_pb_text _builder_version=&#8221;4.3.4&#8243;]<\/p>\n<h1>Cancellazione<\/h1>\n<p>[\/et_pb_text][et_pb_text _builder_version=&#8221;4.3.4&#8243;]<\/p>\n<h2>Ritiro<\/h2>\n<p>[\/et_pb_text][et_pb_text _builder_version=&#8221;4.3.4&#8243;]<\/p>\n<p>Hai il diritto di recedere dal contratto entro quattordici giorni senza dare alcun motivo. Il periodo di recesso \u00e8 di quattordici giorni dalla data di conclusione del contratto.<\/p>\n<p>Per esercitare il vostro diritto di recesso, \u00e8 necessario<\/p>\n<p style=\"padding-left: 60px\">talkyoo telecom UG (responsabilit\u00e0 limitata)<br \/>Billstra&#8217;e 103<br \/>20539 Amburgo<br \/>Numero di telefono: 49 40 99 99 99 52<br \/>E-mail: <span> <a href=\"mailto:support@talkyoo.net\">support@talkyoo.net<\/a><\/p>\n<p><\/span><\/p>\n<p>per mezzo di una dichiarazione chiara (ad es. una lettera inviata per posta, fax o e-mail) della vostra decisione di recedere dal presente contratto.<\/p>\n<p>\u00c8 possibile utilizzare il modulo di prelievo del modello allegato, ma ci\u00f2 non \u00e8 obbligatorio. Al fine di rispettare il periodo di ritiro, \u00e8 sufficiente inviare la notifica dell&#8217;esercizio del diritto di recesso prima della scadenza del periodo di ritiro.<\/p>\n<p>[\/et_pb_text][et_pb_button button_url=&#8221;https:\/\/www.talkyoo.net\/wp-content\/uploads\/2020\/03\/talkyoo-muster-widerrufsformular.pdf&#8221; url_new_window=&#8221;on&#8221; button_text=&#8221;Esempio di modulo di prelievo come download PDF&#8221; button_alignment=&#8221;center&#8221; _builder_version=&#8221;4.3.4&#8243; saved_tabs=&#8221;all&#8221;][\/et_pb_button][et_pb_text _builder_version=&#8221;4.3.4&#8243;]<\/p>\n<h2>Conseguenze della revoca<\/h2>\n<p>[\/et_pb_text][et_pb_text _builder_version=&#8221;4.3.4&#8243;]<\/p>\n<p>In caso di ritiro dal contratto, ti rimborseremo tutti i pagamenti ricevuti, comprese le spese di consegna, senza essere divulgati e al pi\u00f9 tardi entro quattordici giorni dal giorno in cui riceviamo la notifica della revoca del contratto. Per questo rimborso, utilizzeremo lo stesso mezzo di pagamento che hai utilizzato per la transazione originale, a meno che tu non abbia espressamente concordato diversamente; in nessun caso ti verr\u00e0 addebitato alcun costo per questo rimborso.<\/p>\n<p>Se hai richiesto l&#8217;avvio dei servizi durante il periodo di ritiro, devi pagarci un importo ragionevole corrispondente alla proporzione dei servizi gi\u00e0 forniti fino al momento in cui ci informi dell&#8217;esercizio del diritto di recesso rispetto al presente contratto, rispetto alla portata totale dei servizi forniti nel contratto.<\/p>\n<p>[\/et_pb_text][\/et_pb_column][\/et_pb_row][\/et_pb_section]<\/p>\n","protected":false},"excerpt":{"rendered":"<p>CancellazioneRitiroHai il diritto di recedere dal contratto entro quattordici giorni senza dare alcun motivo. Il periodo di recesso \u00e8 di quattordici giorni dalla data di conclusione del contratto. Per esercitare il vostro diritto di recesso, \u00e8 necessario talkyoo telecom UG (responsabilit\u00e0 limitata)Billstra&#8217;e 10320539 AmburgoNumero di telefono: 49 40 99 99 99 52E-mail: support@talkyoo.net per mezzo [&hellip;]<\/p>\n","protected":false},"author":4,"featured_media":0,"parent":0,"menu_order":14,"comment_status":"closed","ping_status":"closed","template":"","meta":{"_et_pb_use_builder":"on","_et_pb_old_content":"<!-- wp:divi\/placeholder \/-->","_et_gb_content_width":"","footnotes":""},"class_list":["post-380","page","type-page","status-publish","hentry"],"_links":{"self":[{"href":"https:\/\/www.talkyoo.net\/it\/wp-json\/wp\/v2\/pages\/380","targetHints":{"allow":["GET"]}}],"collection":[{"href":"https:\/\/www.talkyoo.net\/it\/wp-json\/wp\/v2\/pages"}],"about":[{"href":"https:\/\/www.talkyoo.net\/it\/wp-json\/wp\/v2\/types\/page"}],"author":[{"embeddable":true,"href":"https:\/\/www.talkyoo.net\/it\/wp-json\/wp\/v2\/users\/4"}],"replies":[{"embeddable":true,"href":"https:\/\/www.talkyoo.net\/it\/wp-json\/wp\/v2\/comments?post=380"}],"version-history":[{"count":6,"href":"https:\/\/www.talkyoo.net\/it\/wp-json\/wp\/v2\/pages\/380\/revisions"}],"predecessor-version":[{"id":4233,"href":"https:\/\/www.talkyoo.net\/it\/wp-json\/wp\/v2\/pages\/380\/revisions\/4233"}],"wp:attachment":[{"href":"https:\/\/www.talkyoo.net\/it\/wp-json\/wp\/v2\/media?parent=380"}],"curies":[{"name":"wp","href":"https:\/\/api.w.org\/{rel}","templated":true}]}}